{"id":705239,"date":"2025-08-27T15:44:09","date_gmt":"2025-08-27T12:44:09","guid":{"rendered":"https:\/\/roveyayinevi.com.tr\/index.php\/urun\/gitme\/"},"modified":"2026-04-16T02:14:02","modified_gmt":"2026-04-15T23:14:02","slug":"gitme","status":"publish","type":"product","link":"https:\/\/roveyayinevi.com.tr\/index.php\/urun\/gitme\/","title":{"rendered":"Gitme"},"content":{"rendered":"<p>Nefret ve a\u015fk aras\u0131ndaki mesafe ne kadard\u0131r? Kilometrelerce mi? Belki bir ad\u0131m kadar yak\u0131nd\u0131rlar birbirlerine? Belki de aralar\u0131nda zerre kadar dahi uzakl\u0131k yoktur. \u00dcstelik birbirlerine d\u00f6n\u00fc\u015fmeleri \u00f6yle h\u0131zl\u0131 ger\u00e7ekle\u015fir ki, hi\u00e7bir kalp nas\u0131l sevdi\u011finden bir anda nefret etti\u011fini, sonra onu yeniden nas\u0131l sevdi\u011fini anlayamaz. S\u0131r\u0131ls\u0131klam \u00e2\u015f\u0131k olan bir kad\u0131n\u2026 Tek gecelik ili\u015fkilerin adam\u0131 olan bir erkek\u2026 Ve ge\u00e7irilen tek geceden sonra birbirinden nefret eden ya da belki tamamen \u00e2\u015f\u0131k olan iki insan&#8230; Ger\u00e7ekte hissettikleri \u015feyin ne oldu\u011funu ke\u015ffetmeleri ise hi\u00e7 kolay de\u011fil\u2026 Gitme, a\u015fk\u0131n ve nefretin s\u0131n\u0131rlar\u0131nda dolanman\u0131za neden olacak. <\/p>\n","protected":false},"excerpt":{"rendered":"<p>Nefret ve a\u015fk aras\u0131ndaki mesafe ne kadard\u0131r? Kilometrelerce mi? Belki bir ad\u0131m kadar yak\u0131nd\u0131rlar birbirlerine? Belki de aralar\u0131nda zerre kadar dahi uzakl\u0131k yoktur. \u00dcstelik birbirlerine d\u00f6n\u00fc\u015fmeleri<span class=\"excerpt-hellip\"> [\u2026]<\/span><\/p>\n","protected":false},"featured_media":0,"template":"","meta":{"_monsterinsights_skip_tracking":false,"_monsterinsights_sitenote_active":false,"_monsterinsights_sitenote_note":"","_monsterinsights_sitenote_category":0},"product_brand":[],"product_cat":[12291,12711],"product_tag":[],"class_list":{"0":"post-705239","1":"product","2":"type-product","3":"status-publish","5":"product_cat-edebiyat","6":"product_cat-roman-oyku","7":"pa_cilt-ciltli","8":"pa_tur-kitap","9":"pa_yayinevi-nemesis-kitap","10":"pa_yazar-selvi-atici","12":"first","13":"instock","14":"sale","15":"shipping-taxable","16":"purchasable","17":"product-type-simple"},"_links":{"self":[{"href":"https:\/\/roveyayinevi.com.tr\/index.php\/wp-json\/wp\/v2\/product\/705239","targetHints":{"allow":["GET"]}}],"collection":[{"href":"https:\/\/roveyayinevi.com.tr\/index.php\/wp-json\/wp\/v2\/product"}],"about":[{"href":"https:\/\/roveyayinevi.com.tr\/index.php\/wp-json\/wp\/v2\/types\/product"}],"wp:attachment":[{"href":"https:\/\/roveyayinevi.com.tr\/index.php\/wp-json\/wp\/v2\/media?parent=705239"}],"wp:term":[{"taxonomy":"product_brand","embeddable":true,"href":"https:\/\/roveyayinevi.com.tr\/index.php\/wp-json\/wp\/v2\/product_brand?post=705239"},{"taxonomy":"product_cat","embeddable":true,"href":"https:\/\/roveyayinevi.com.tr\/index.php\/wp-json\/wp\/v2\/product_cat?post=705239"},{"taxonomy":"product_tag","embeddable":true,"href":"https:\/\/roveyayinevi.com.tr\/index.php\/wp-json\/wp\/v2\/product_tag?post=705239"}],"curies":[{"name":"wp","href":"https:\/\/api.w.org\/{rel}","templated":true}]}}