{"id":705238,"date":"2025-08-27T15:44:09","date_gmt":"2025-08-27T12:44:09","guid":{"rendered":"https:\/\/roveyayinevi.com.tr\/index.php\/urun\/kucuk-prens-10\/"},"modified":"2026-04-16T02:14:02","modified_gmt":"2026-04-15T23:14:02","slug":"kucuk-prens-10","status":"publish","type":"product","link":"https:\/\/roveyayinevi.com.tr\/index.php\/urun\/kucuk-prens-10\/","title":{"rendered":"K\u00fc\u00e7\u00fck Prens"},"content":{"rendered":"<p>D\u00fcnyada her ya\u015ftan okurun kalbine taht kurmu\u015f, edebiyat tarihinin en \u00f6nemli eserlerinden biridir K\u00fc\u00e7\u00fck Prens. Yazar\u0131n kendi suluboya resimleriyle g\u00f6rsel bir \u015f\u00f6lene d\u00f6n\u00fc\u015fen bu hikaye, k\u00fc\u00e7\u00fck bir \u00e7ocu\u011fun kirlenmemi\u015f, masum kalbiyle b\u00fcy\u00fcklerin d\u00fcnyas\u0131na bak\u0131\u015f\u0131n\u0131 anlat\u0131r. Sibel Ku\u015fca&#8217;n\u0131n Frans\u0131zca asl\u0131ndan \u00e7evirisiyle&#8230;\ufffcTan\u0131t\u0131m Metni<\/p>\n","protected":false},"excerpt":{"rendered":"<p>D\u00fcnyada her ya\u015ftan okurun kalbine taht kurmu\u015f, edebiyat tarihinin en \u00f6nemli eserlerinden biridir K\u00fc\u00e7\u00fck Prens. Yazar\u0131n kendi suluboya resimleriyle g\u00f6rsel bir \u015f\u00f6lene d\u00f6n\u00fc\u015fen bu hikaye, k\u00fc\u00e7\u00fck<span class=\"excerpt-hellip\"> [\u2026]<\/span><\/p>\n","protected":false},"featured_media":0,"template":"","meta":{"_monsterinsights_skip_tracking":false,"_monsterinsights_sitenote_active":false,"_monsterinsights_sitenote_note":"","_monsterinsights_sitenote_category":0},"product_brand":[],"product_cat":[12275,12274],"product_tag":[],"class_list":{"0":"post-705238","1":"product","2":"type-product","3":"status-publish","5":"product_cat-6-12-yas-kitaplari","6":"product_cat-cocuk-ve-genclik-kitaplari","7":"pa_cilt-ciltsiz","8":"pa_tur-kitap","9":"pa_yayinevi-antik-kitap","10":"pa_yazar-antonie-de-saint-exupery","12":"first","13":"instock","14":"sale","15":"shipping-taxable","16":"purchasable","17":"product-type-simple"},"_links":{"self":[{"href":"https:\/\/roveyayinevi.com.tr\/index.php\/wp-json\/wp\/v2\/product\/705238","targetHints":{"allow":["GET"]}}],"collection":[{"href":"https:\/\/roveyayinevi.com.tr\/index.php\/wp-json\/wp\/v2\/product"}],"about":[{"href":"https:\/\/roveyayinevi.com.tr\/index.php\/wp-json\/wp\/v2\/types\/product"}],"wp:attachment":[{"href":"https:\/\/roveyayinevi.com.tr\/index.php\/wp-json\/wp\/v2\/media?parent=705238"}],"wp:term":[{"taxonomy":"product_brand","embeddable":true,"href":"https:\/\/roveyayinevi.com.tr\/index.php\/wp-json\/wp\/v2\/product_brand?post=705238"},{"taxonomy":"product_cat","embeddable":true,"href":"https:\/\/roveyayinevi.com.tr\/index.php\/wp-json\/wp\/v2\/product_cat?post=705238"},{"taxonomy":"product_tag","embeddable":true,"href":"https:\/\/roveyayinevi.com.tr\/index.php\/wp-json\/wp\/v2\/product_tag?post=705238"}],"curies":[{"name":"wp","href":"https:\/\/api.w.org\/{rel}","templated":true}]}}