{"id":705237,"date":"2025-08-27T15:44:08","date_gmt":"2025-08-27T12:44:08","guid":{"rendered":"https:\/\/roveyayinevi.com.tr\/index.php\/urun\/beyaz-zambaklar-ulkesinde-7\/"},"modified":"2026-04-16T02:14:02","modified_gmt":"2026-04-15T23:14:02","slug":"beyaz-zambaklar-ulkesinde-7","status":"publish","type":"product","link":"https:\/\/roveyayinevi.com.tr\/index.php\/urun\/beyaz-zambaklar-ulkesinde-7\/","title":{"rendered":"Beyaz Zambaklar \u00dclkesinde"},"content":{"rendered":"<p>Beyaz Zambaklar \u00dclkesinde, Kuzey Avrupa&#8217;n\u0131n Finlandiya gibi k\u00fc\u00e7\u00fck ve geri kalm\u0131\u015f bir \u00fclkesinin e\u011fitim ve k\u00fclt\u00fcr alanlar\u0131nda nas\u0131l kalk\u0131nd\u0131\u011f\u0131n\u0131 anlatan b\u00fcy\u00fck, toplumsal bir yap\u0131tt\u0131r. Fin halk\u0131 \u00f6nceleri nas\u0131ld\u0131, sonradan ne duruma geldi? Bunda okulun, b\u00fcronun, dinin, k\u0131\u015flan\u0131n rolleri nedir? Tek tek kahramanlar, Fin halk\u0131n\u0131 nas\u0131l yi\u011fit bir ulus yapm\u0131\u015ft\u0131r? Grigory Petrov eserinde, bize i\u015fte bunlar\u0131 g\u00f6sterir. Kitab\u0131n de\u011ferli yazar\u0131 Petrov&#8217;un s\u00f6yledi\u011fi gibi; bir \u00fclkenin refah\u0131, devletin sa\u011flaml\u0131\u011f\u0131, ulusun onuru yurtta\u015flar\u0131n\u0131n istek ve karar\u0131na ba\u011fl\u0131d\u0131r. Finlandiya gibi k\u00fc\u00e7\u00fck ve yoksul bir \u00fclke, buna parlak ve inand\u0131r\u0131c\u0131 bir \u00f6rnek olu\u015fturmaktad\u0131r.<\/p>\n","protected":false},"excerpt":{"rendered":"<p>Beyaz Zambaklar \u00dclkesinde, Kuzey Avrupa&#8217;n\u0131n Finlandiya gibi k\u00fc\u00e7\u00fck ve geri kalm\u0131\u015f bir \u00fclkesinin e\u011fitim ve k\u00fclt\u00fcr alanlar\u0131nda nas\u0131l kalk\u0131nd\u0131\u011f\u0131n\u0131 anlatan b\u00fcy\u00fck, toplumsal bir yap\u0131tt\u0131r. Fin halk\u0131<span class=\"excerpt-hellip\"> [\u2026]<\/span><\/p>\n","protected":false},"featured_media":0,"template":"","meta":{"_monsterinsights_skip_tracking":false,"_monsterinsights_sitenote_active":false,"_monsterinsights_sitenote_note":"","_monsterinsights_sitenote_category":0},"product_brand":[],"product_cat":[12291,13570],"product_tag":[],"class_list":{"0":"post-705237","1":"product","2":"type-product","3":"status-publish","5":"product_cat-edebiyat","6":"product_cat-rus-edebiyati","7":"pa_cilt-ciltsiz","8":"pa_tur-kitap","9":"pa_yayinevi-antik-kitap","10":"pa_yazar-grigoriy-petrov","12":"first","13":"instock","14":"sale","15":"shipping-taxable","16":"purchasable","17":"product-type-simple"},"_links":{"self":[{"href":"https:\/\/roveyayinevi.com.tr\/index.php\/wp-json\/wp\/v2\/product\/705237","targetHints":{"allow":["GET"]}}],"collection":[{"href":"https:\/\/roveyayinevi.com.tr\/index.php\/wp-json\/wp\/v2\/product"}],"about":[{"href":"https:\/\/roveyayinevi.com.tr\/index.php\/wp-json\/wp\/v2\/types\/product"}],"wp:attachment":[{"href":"https:\/\/roveyayinevi.com.tr\/index.php\/wp-json\/wp\/v2\/media?parent=705237"}],"wp:term":[{"taxonomy":"product_brand","embeddable":true,"href":"https:\/\/roveyayinevi.com.tr\/index.php\/wp-json\/wp\/v2\/product_brand?post=705237"},{"taxonomy":"product_cat","embeddable":true,"href":"https:\/\/roveyayinevi.com.tr\/index.php\/wp-json\/wp\/v2\/product_cat?post=705237"},{"taxonomy":"product_tag","embeddable":true,"href":"https:\/\/roveyayinevi.com.tr\/index.php\/wp-json\/wp\/v2\/product_tag?post=705237"}],"curies":[{"name":"wp","href":"https:\/\/api.w.org\/{rel}","templated":true}]}}