{"id":705236,"date":"2025-08-27T15:43:26","date_gmt":"2025-08-27T12:43:26","guid":{"rendered":"https:\/\/roveyayinevi.com.tr\/index.php\/urun\/marxin-sifresi\/"},"modified":"2026-01-29T02:25:43","modified_gmt":"2026-01-28T23:25:43","slug":"marxin-sifresi","status":"publish","type":"product","link":"https:\/\/roveyayinevi.com.tr\/index.php\/urun\/marxin-sifresi\/","title":{"rendered":"Marx&#8217;\u0131n \u015eifresi"},"content":{"rendered":"<p>Bu kitab\u0131n hedefi, Marx\u2019\u0131n d\u00f6rt ciltlik Kapital\u2019inde ortaya koydu\u011fu temel d\u00fc\u015f\u00fcnceleri (\u015fifreleri) ortaya \u00e7\u0131karmakt\u0131r. Bu \u015fifreler bilinirse, Kapital\u2019i okuyan bir okuyucu Marx\u2019\u0131 rahat anlayacakt\u0131r. \u015e\u00fcphesiz ki, Kapital\u2019i okumu\u015f gibi olmayacakt\u0131r; okuduk\u00e7a daha iyi anlayacakt\u0131r. Kapitalizmin ayr\u0131nt\u0131l\u0131 ele\u015ftirisi \u015fifrelerde de\u011fil, Kapital\u2019in i\u00e7indedir. \u015eifreler, Kapital\u2019in felsefi-diyalektik anlat\u0131m\u0131n yerine ge\u00e7emez. Form\u00fcllerle ortaya koydu\u011fumuz Kapital\u2019in \u015fifreleri kapitalizmin i\u015fleyi\u015fini anlamaya hizmet edebilirse g\u00f6revini yerine getirmi\u015f demektir. Kapital\u2019in okyanusa benzer d\u00fc\u015f\u00fcnce zenginli\u011finden bir damlay\u0131 okuyucuya sunmay\u0131 ba\u015farm\u0131\u015f demektir. Kapital\u2019in \u015fifreleri ancak Kapital\u2019de dile getirilen d\u00fc\u015f\u00fcncelerin y\u00fczeyidir; giri\u015f kap\u0131s\u0131d\u0131r. Kapital\u2019in kendisi ise bir bilgi derinli\u011fidir. Kapital\u2019i Kapital\u2019den ba\u015fka anlatabilecek bir kitap yoktur. <\/p>\n","protected":false},"excerpt":{"rendered":"<p>Bu kitab\u0131n hedefi, Marx\u2019\u0131n d\u00f6rt ciltlik Kapital\u2019inde ortaya koydu\u011fu temel d\u00fc\u015f\u00fcnceleri (\u015fifreleri) ortaya \u00e7\u0131karmakt\u0131r. Bu \u015fifreler bilinirse, Kapital\u2019i okuyan bir okuyucu Marx\u2019\u0131 rahat anlayacakt\u0131r. \u015e\u00fcphesiz ki,<span class=\"excerpt-hellip\"> [\u2026]<\/span><\/p>\n","protected":false},"featured_media":0,"template":"","meta":{"_monsterinsights_skip_tracking":false,"_monsterinsights_sitenote_active":false,"_monsterinsights_sitenote_note":"","_monsterinsights_sitenote_category":0},"product_brand":[],"product_cat":[12291,16009],"product_tag":[],"class_list":{"0":"post-705236","1":"product","2":"type-product","3":"status-publish","5":"product_cat-edebiyat","6":"product_cat-politik-kurgu","7":"pa_cilt-ciltsiz","8":"pa_tur-kitap","9":"pa_yayinevi-utopya-yayinevi","10":"pa_yazar-mehmet-inanc-turan","12":"first","13":"instock","14":"sale","15":"shipping-taxable","16":"purchasable","17":"product-type-simple"},"_links":{"self":[{"href":"https:\/\/roveyayinevi.com.tr\/index.php\/wp-json\/wp\/v2\/product\/705236","targetHints":{"allow":["GET"]}}],"collection":[{"href":"https:\/\/roveyayinevi.com.tr\/index.php\/wp-json\/wp\/v2\/product"}],"about":[{"href":"https:\/\/roveyayinevi.com.tr\/index.php\/wp-json\/wp\/v2\/types\/product"}],"wp:attachment":[{"href":"https:\/\/roveyayinevi.com.tr\/index.php\/wp-json\/wp\/v2\/media?parent=705236"}],"wp:term":[{"taxonomy":"product_brand","embeddable":true,"href":"https:\/\/roveyayinevi.com.tr\/index.php\/wp-json\/wp\/v2\/product_brand?post=705236"},{"taxonomy":"product_cat","embeddable":true,"href":"https:\/\/roveyayinevi.com.tr\/index.php\/wp-json\/wp\/v2\/product_cat?post=705236"},{"taxonomy":"product_tag","embeddable":true,"href":"https:\/\/roveyayinevi.com.tr\/index.php\/wp-json\/wp\/v2\/product_tag?post=705236"}],"curies":[{"name":"wp","href":"https:\/\/api.w.org\/{rel}","templated":true}]}}