{"id":705233,"date":"2025-08-27T15:43:25","date_gmt":"2025-08-27T12:43:25","guid":{"rendered":"https:\/\/roveyayinevi.com.tr\/index.php\/urun\/deniz-gezmis-icin-ucak-kaciran-bir-hava-korsaninin-anilari\/"},"modified":"2026-04-16T02:14:02","modified_gmt":"2026-04-15T23:14:02","slug":"deniz-gezmis-icin-ucak-kaciran-bir-hava-korsaninin-anilari","status":"publish","type":"product","link":"https:\/\/roveyayinevi.com.tr\/index.php\/urun\/deniz-gezmis-icin-ucak-kaciran-bir-hava-korsaninin-anilari\/","title":{"rendered":"Deniz Gezmi\u015f \u0130\u00e7in U\u00e7ak Ka\u00e7\u0131ran Bir Hava Korsan\u0131n\u0131n An\u0131lar\u0131"},"content":{"rendered":"<p>Arkaya yasland\u0131m, g\u00f6zlerimi kapatt\u0131m. Denizin \u015eark\u0131\u015fla\u2019da yakaland\u0131\u011f\u0131nda, polisler aras\u0131nda \u00e7ekilmi\u015f, parkal\u0131 resmi canland\u0131 hayalimde. T\u0131ra\u015f\u0131 uzam\u0131\u015f yak\u0131\u015f\u0131kl\u0131 erkek y\u00fcz\u00fc\u2026 Duru\u015fu hala dik ve isyank\u00e2r, ama bak\u0131\u015flar\u0131nda h\u00fcz\u00fcn var. Kavgadan kopman\u0131n h\u00fczn\u00fc\u2026 Korku yava\u015f yava\u015f yerini bu resme terk etti. G\u00f6zlerimi a\u00e7t\u0131m. Ba\u015f\u0131m\u0131 uzat\u0131p inatla a\u015fa\u011f\u0131ya bakt\u0131m. \u0130nce ve beyaz bir t\u00fcl gibi serili bulutlar\u0131n aras\u0131ndan tepeleri karla kapl\u0131 mor- ye\u015fil da\u011flar g\u00f6z\u00fck\u00fcyordu. Manzara ger\u00e7ekten g\u00fczeldi ve y\u00fckseklik o kadar korkun\u00e7 de\u011fildi. Doya doya seyrettim bir foto\u011fraf\u00e7\u0131 g\u00f6z\u00fcyle\u2026 <\/p>\n","protected":false},"excerpt":{"rendered":"<p>Arkaya yasland\u0131m, g\u00f6zlerimi kapatt\u0131m. Denizin \u015eark\u0131\u015fla\u2019da yakaland\u0131\u011f\u0131nda, polisler aras\u0131nda \u00e7ekilmi\u015f, parkal\u0131 resmi canland\u0131 hayalimde. T\u0131ra\u015f\u0131 uzam\u0131\u015f yak\u0131\u015f\u0131kl\u0131 erkek y\u00fcz\u00fc\u2026 Duru\u015fu hala dik ve isyank\u00e2r, ama bak\u0131\u015flar\u0131nda<span class=\"excerpt-hellip\"> [\u2026]<\/span><\/p>\n","protected":false},"featured_media":0,"template":"","meta":{"_monsterinsights_skip_tracking":false,"_monsterinsights_sitenote_active":false,"_monsterinsights_sitenote_note":"","_monsterinsights_sitenote_category":0},"product_brand":[],"product_cat":[13701,12291],"product_tag":[],"class_list":{"0":"post-705233","1":"product","2":"type-product","3":"status-publish","5":"product_cat-ani-mektup-gunluk","6":"product_cat-edebiyat","7":"pa_tur-kitap","8":"pa_yayinevi-kalkedon-yayincilik","9":"pa_yazar-aynullah-akca","11":"first","12":"instock","13":"sale","14":"shipping-taxable","15":"purchasable","16":"product-type-simple"},"_links":{"self":[{"href":"https:\/\/roveyayinevi.com.tr\/index.php\/wp-json\/wp\/v2\/product\/705233","targetHints":{"allow":["GET"]}}],"collection":[{"href":"https:\/\/roveyayinevi.com.tr\/index.php\/wp-json\/wp\/v2\/product"}],"about":[{"href":"https:\/\/roveyayinevi.com.tr\/index.php\/wp-json\/wp\/v2\/types\/product"}],"wp:attachment":[{"href":"https:\/\/roveyayinevi.com.tr\/index.php\/wp-json\/wp\/v2\/media?parent=705233"}],"wp:term":[{"taxonomy":"product_brand","embeddable":true,"href":"https:\/\/roveyayinevi.com.tr\/index.php\/wp-json\/wp\/v2\/product_brand?post=705233"},{"taxonomy":"product_cat","embeddable":true,"href":"https:\/\/roveyayinevi.com.tr\/index.php\/wp-json\/wp\/v2\/product_cat?post=705233"},{"taxonomy":"product_tag","embeddable":true,"href":"https:\/\/roveyayinevi.com.tr\/index.php\/wp-json\/wp\/v2\/product_tag?post=705233"}],"curies":[{"name":"wp","href":"https:\/\/api.w.org\/{rel}","templated":true}]}}