{"id":705231,"date":"2025-08-27T15:43:24","date_gmt":"2025-08-27T12:43:24","guid":{"rendered":"https:\/\/roveyayinevi.com.tr\/index.php\/urun\/afacan-maymun-nasil-yemek-yer\/"},"modified":"2026-04-16T02:14:02","modified_gmt":"2026-04-15T23:14:02","slug":"afacan-maymun-nasil-yemek-yer","status":"publish","type":"product","link":"https:\/\/roveyayinevi.com.tr\/index.php\/urun\/afacan-maymun-nasil-yemek-yer\/","title":{"rendered":"Afacan Maymun Nas\u0131l Yemek Yer?"},"content":{"rendered":"<p>Minik maymunun karn\u0131 \u00e7ok ac\u0131km\u0131\u015f, bir an \u00f6nce yemek yemek istiyor. \u00c7ok ac\u0131kt\u0131n, \u015fimdi yemek zaman\u0131. Peki, nas\u0131l yemek yiyecek? Hadi gel afacan maymuna g\u00f6sterelim. \ufffcTan\u0131t\u0131m Metni<\/p>\n","protected":false},"excerpt":{"rendered":"<p>Minik maymunun karn\u0131 \u00e7ok ac\u0131km\u0131\u015f, bir an \u00f6nce yemek yemek istiyor. \u00c7ok ac\u0131kt\u0131n, \u015fimdi yemek zaman\u0131. Peki, nas\u0131l yemek yiyecek? Hadi gel afacan maymuna g\u00f6sterelim. \ufffcTan\u0131t\u0131m<span class=\"excerpt-hellip\"> [\u2026]<\/span><\/p>\n","protected":false},"featured_media":0,"template":"","meta":{"_monsterinsights_skip_tracking":false,"_monsterinsights_sitenote_active":false,"_monsterinsights_sitenote_note":"","_monsterinsights_sitenote_category":0},"product_brand":[],"product_cat":[12274,12284],"product_tag":[],"class_list":{"0":"post-705231","1":"product","2":"type-product","3":"status-publish","5":"product_cat-cocuk-ve-genclik-kitaplari","6":"product_cat-hikayeler","7":"pa_cilt-ciltsiz","8":"pa_tur-kitap","9":"pa_yayinevi-1001-cicek-kitaplar","10":"pa_yazar-jane-clarke","12":"first","13":"instock","14":"sale","15":"shipping-taxable","16":"purchasable","17":"product-type-simple"},"_links":{"self":[{"href":"https:\/\/roveyayinevi.com.tr\/index.php\/wp-json\/wp\/v2\/product\/705231","targetHints":{"allow":["GET"]}}],"collection":[{"href":"https:\/\/roveyayinevi.com.tr\/index.php\/wp-json\/wp\/v2\/product"}],"about":[{"href":"https:\/\/roveyayinevi.com.tr\/index.php\/wp-json\/wp\/v2\/types\/product"}],"wp:attachment":[{"href":"https:\/\/roveyayinevi.com.tr\/index.php\/wp-json\/wp\/v2\/media?parent=705231"}],"wp:term":[{"taxonomy":"product_brand","embeddable":true,"href":"https:\/\/roveyayinevi.com.tr\/index.php\/wp-json\/wp\/v2\/product_brand?post=705231"},{"taxonomy":"product_cat","embeddable":true,"href":"https:\/\/roveyayinevi.com.tr\/index.php\/wp-json\/wp\/v2\/product_cat?post=705231"},{"taxonomy":"product_tag","embeddable":true,"href":"https:\/\/roveyayinevi.com.tr\/index.php\/wp-json\/wp\/v2\/product_tag?post=705231"}],"curies":[{"name":"wp","href":"https:\/\/api.w.org\/{rel}","templated":true}]}}