{"id":705226,"date":"2025-08-27T15:43:22","date_gmt":"2025-08-27T12:43:22","guid":{"rendered":"https:\/\/roveyayinevi.com.tr\/index.php\/urun\/cikis-yollari\/"},"modified":"2026-04-03T02:19:00","modified_gmt":"2026-04-02T23:19:00","slug":"cikis-yollari","status":"publish","type":"product","link":"https:\/\/roveyayinevi.com.tr\/index.php\/urun\/cikis-yollari\/","title":{"rendered":"\u00c7\u0131k\u0131\u015f Yollar\u0131"},"content":{"rendered":"<p>M\u00fcnir G\u00f6le\u2019nin k\u0131sa anlat\u0131lardan olu\u015fan yeni kitab\u0131 \u00c7\u0131k\u0131\u015f Yollar\u0131, keskin bir d\u00fc\u015f g\u00fcc\u00fcn\u00fcn \u00fcr\u00fcn\u00fc. \u0130nsan, d\u00fcnyadan kurtulman\u0131n yolunu arar m\u0131? Buna geleneksel anlay\u0131\u015fla \u201cintihar\u201d dememeyi g\u00f6ze alabileceksek e\u011fer, pekala arar, arayacakt\u0131r. \u00dcstelik, dertlerimiz \u00e7e\u015fit \u00e7e\u015fit, mizac\u0131m\u0131z da ba\u015fka ba\u015fka oldu\u011funa g\u00f6re, her birimiz elbette kendimize \u00f6zg\u00fc \u00e7\u0131k\u0131\u015f yollar\u0131n\u0131n pe\u015fine d\u00fc\u015fece\u011fiz. <\/p>\n","protected":false},"excerpt":{"rendered":"<p>M\u00fcnir G\u00f6le\u2019nin k\u0131sa anlat\u0131lardan olu\u015fan yeni kitab\u0131 \u00c7\u0131k\u0131\u015f Yollar\u0131, keskin bir d\u00fc\u015f g\u00fcc\u00fcn\u00fcn \u00fcr\u00fcn\u00fc. \u0130nsan, d\u00fcnyadan kurtulman\u0131n yolunu arar m\u0131? Buna geleneksel anlay\u0131\u015fla \u201cintihar\u201d dememeyi g\u00f6ze<span class=\"excerpt-hellip\"> [\u2026]<\/span><\/p>\n","protected":false},"featured_media":0,"template":"","meta":{"_monsterinsights_skip_tracking":false,"_monsterinsights_sitenote_active":false,"_monsterinsights_sitenote_note":"","_monsterinsights_sitenote_category":0},"product_brand":[],"product_cat":[12291,12711],"product_tag":[],"class_list":{"0":"post-705226","1":"product","2":"type-product","3":"status-publish","5":"product_cat-edebiyat","6":"product_cat-roman-oyku","7":"pa_cilt-ciltsiz","8":"pa_tur-kitap","9":"pa_yayinevi-can-yayinlari","10":"pa_yazar-munir-gole","12":"first","13":"instock","14":"sale","15":"shipping-taxable","16":"purchasable","17":"product-type-simple"},"_links":{"self":[{"href":"https:\/\/roveyayinevi.com.tr\/index.php\/wp-json\/wp\/v2\/product\/705226","targetHints":{"allow":["GET"]}}],"collection":[{"href":"https:\/\/roveyayinevi.com.tr\/index.php\/wp-json\/wp\/v2\/product"}],"about":[{"href":"https:\/\/roveyayinevi.com.tr\/index.php\/wp-json\/wp\/v2\/types\/product"}],"wp:attachment":[{"href":"https:\/\/roveyayinevi.com.tr\/index.php\/wp-json\/wp\/v2\/media?parent=705226"}],"wp:term":[{"taxonomy":"product_brand","embeddable":true,"href":"https:\/\/roveyayinevi.com.tr\/index.php\/wp-json\/wp\/v2\/product_brand?post=705226"},{"taxonomy":"product_cat","embeddable":true,"href":"https:\/\/roveyayinevi.com.tr\/index.php\/wp-json\/wp\/v2\/product_cat?post=705226"},{"taxonomy":"product_tag","embeddable":true,"href":"https:\/\/roveyayinevi.com.tr\/index.php\/wp-json\/wp\/v2\/product_tag?post=705226"}],"curies":[{"name":"wp","href":"https:\/\/api.w.org\/{rel}","templated":true}]}}