{"id":705224,"date":"2025-08-27T15:43:21","date_gmt":"2025-08-27T12:43:21","guid":{"rendered":"https:\/\/roveyayinevi.com.tr\/index.php\/urun\/eregli-yokken-armudun-adi-neydi\/"},"modified":"2026-04-16T02:14:02","modified_gmt":"2026-04-15T23:14:02","slug":"eregli-yokken-armudun-adi-neydi","status":"publish","type":"product","link":"https:\/\/roveyayinevi.com.tr\/index.php\/urun\/eregli-yokken-armudun-adi-neydi\/","title":{"rendered":"Ere\u011fli Yokken Armudun Ad\u0131 Neydi?"},"content":{"rendered":"<p>Ali P\u00fcsk\u00fcll\u00fco\u011flu s\u00f6zl\u00fck \u00e7al\u0131\u015fmalar\u0131 s\u0131ras\u0131nda rastlad\u0131k\u00e7a g\u00fcl\u00fcmsedi\u011fi ho\u015f s\u00f6zleri bir yana ay\u0131r\u0131p sonunda benzerine az rastlan\u0131r bu kitab\u0131 kaleme alm\u0131\u015f. Ere\u011fli Yokken Armudun Ad\u0131 Neydi, Anadolu&#8217;nun hemen hemen her yerinden derlenmi\u015f ve neredeyse kal\u0131pla\u015fm\u0131\u015f esprili, ho\u015f s\u00f6zler demeti. Her okurun, her \u00f6\u011frencinin, dilini seven herkesin yararlanaca\u011f\u0131, yan\u0131nda ta\u015f\u0131yaca\u011f\u0131 bir kaynak. <\/p>\n","protected":false},"excerpt":{"rendered":"<p>Ali P\u00fcsk\u00fcll\u00fco\u011flu s\u00f6zl\u00fck \u00e7al\u0131\u015fmalar\u0131 s\u0131ras\u0131nda rastlad\u0131k\u00e7a g\u00fcl\u00fcmsedi\u011fi ho\u015f s\u00f6zleri bir yana ay\u0131r\u0131p sonunda benzerine az rastlan\u0131r bu kitab\u0131 kaleme alm\u0131\u015f. Ere\u011fli Yokken Armudun Ad\u0131 Neydi, Anadolu&#8217;nun<span class=\"excerpt-hellip\"> [\u2026]<\/span><\/p>\n","protected":false},"featured_media":0,"template":"","meta":{"_monsterinsights_skip_tracking":false,"_monsterinsights_sitenote_active":false,"_monsterinsights_sitenote_note":"","_monsterinsights_sitenote_category":0},"product_brand":[],"product_cat":[13772,12364],"product_tag":[],"class_list":{"0":"post-705224","1":"product","2":"type-product","3":"status-publish","5":"product_cat-basvuru-kitaplari","6":"product_cat-genel-konular","7":"pa_tur-kitap","8":"pa_yayinevi-arkadas-yayinlari","9":"pa_yazar-ali-puskulluoglu","11":"first","12":"instock","13":"sale","14":"shipping-taxable","15":"purchasable","16":"product-type-simple"},"_links":{"self":[{"href":"https:\/\/roveyayinevi.com.tr\/index.php\/wp-json\/wp\/v2\/product\/705224","targetHints":{"allow":["GET"]}}],"collection":[{"href":"https:\/\/roveyayinevi.com.tr\/index.php\/wp-json\/wp\/v2\/product"}],"about":[{"href":"https:\/\/roveyayinevi.com.tr\/index.php\/wp-json\/wp\/v2\/types\/product"}],"wp:attachment":[{"href":"https:\/\/roveyayinevi.com.tr\/index.php\/wp-json\/wp\/v2\/media?parent=705224"}],"wp:term":[{"taxonomy":"product_brand","embeddable":true,"href":"https:\/\/roveyayinevi.com.tr\/index.php\/wp-json\/wp\/v2\/product_brand?post=705224"},{"taxonomy":"product_cat","embeddable":true,"href":"https:\/\/roveyayinevi.com.tr\/index.php\/wp-json\/wp\/v2\/product_cat?post=705224"},{"taxonomy":"product_tag","embeddable":true,"href":"https:\/\/roveyayinevi.com.tr\/index.php\/wp-json\/wp\/v2\/product_tag?post=705224"}],"curies":[{"name":"wp","href":"https:\/\/api.w.org\/{rel}","templated":true}]}}