{"id":705222,"date":"2025-08-27T15:43:21","date_gmt":"2025-08-27T12:43:21","guid":{"rendered":"https:\/\/roveyayinevi.com.tr\/index.php\/urun\/sinif-yonetimi-3\/"},"modified":"2026-04-16T02:14:02","modified_gmt":"2026-04-15T23:14:02","slug":"sinif-yonetimi-3","status":"publish","type":"product","link":"https:\/\/roveyayinevi.com.tr\/index.php\/urun\/sinif-yonetimi-3\/","title":{"rendered":"S\u0131n\u0131f Y\u00f6netimi"},"content":{"rendered":"<p>\u0130nsanlar\u0131m\u0131z\u0131 iyi e\u011fitemedi\u011fimiz, onlar\u0131 yapmalar\u0131 gereken davran\u0131\u015flar\u0131 uygun ko\u015fullar sa\u011flayarak yapar hale getiremedi\u011fimiz, \u00fclkemizin y\u0131llard\u0131r i\u00e7inde bulundu\u011fu durumun da g\u00f6sterdi\u011fi, olumsuz bir ger\u00e7ektir. E\u011fitim i\u015fini hen\u00fcz yeterince beceremiyoruz. \u0130yi y\u00f6netici, iyi \u00f6\u011fretmen, iyi ortam\u0131n temel ko\u015fullar olarak g\u00f6r\u00fcld\u00fc\u011f\u00fc iyi e\u011fitim i\u00e7in, bu \u00fc\u00e7 ko\u015fuldan son ikisinin s\u0131n\u0131f i\u00e7indeki i\u015fleyi\u015fine ili\u015fkin sistemli bilgileri i\u00e7eren bu kitap, \u00fclkemizde bu a\u00e7\u0131dan ilk olman\u0131n \u00f6nc\u00fcl\u00fc\u011f\u00fc yan\u0131nda, s\u0131k\u0131nt\u0131lar\u0131n\u0131 da ta\u015f\u0131r. Yine de, her okul y\u00f6neticisi ve \u00f6\u011fretmen i\u00e7in gerekli bir ba\u015fvuru kayna\u011f\u0131, daha iyi e\u011fitimi sa\u011flama yolunda bir hizmet basama\u011f\u0131d\u0131r. Okuyucular\u0131n uyar\u0131 ve ele\u015ftirileri, kitab\u0131n daha iyiye ula\u015fmas\u0131nda destek olacakt\u0131r. Yazar\u0131n da oku-yucudan bekledi\u011fi, kitapta yaz\u0131l\u0131 olanlardan &#8220;yanl\u0131\u015f&#8221; oldu\u011fu kan\u0131tlanamayanlar\u0131n uygulanmas\u0131d\u0131r. B\u00f6ylece, iyi e\u011fitim yolunda yeni bir ad\u0131m daha at\u0131lm\u0131\u015f olacakt\u0131r. <\/p>\n","protected":false},"excerpt":{"rendered":"<p>\u0130nsanlar\u0131m\u0131z\u0131 iyi e\u011fitemedi\u011fimiz, onlar\u0131 yapmalar\u0131 gereken davran\u0131\u015flar\u0131 uygun ko\u015fullar sa\u011flayarak yapar hale getiremedi\u011fimiz, \u00fclkemizin y\u0131llard\u0131r i\u00e7inde bulundu\u011fu durumun da g\u00f6sterdi\u011fi, olumsuz bir ger\u00e7ektir. E\u011fitim i\u015fini hen\u00fcz<span class=\"excerpt-hellip\"> [\u2026]<\/span><\/p>\n","protected":false},"featured_media":0,"template":"","meta":{"_monsterinsights_skip_tracking":false,"_monsterinsights_sitenote_active":false,"_monsterinsights_sitenote_note":"","_monsterinsights_sitenote_category":0},"product_brand":[],"product_cat":[12312,12304],"product_tag":[],"class_list":{"0":"post-705222","1":"product","2":"type-product","3":"status-publish","5":"product_cat-diger","6":"product_cat-tarih","7":"pa_cilt-ciltsiz","8":"pa_tur-kitap","9":"pa_yayinevi-ani-yayincilik","10":"pa_yazar-huseyin-basar","12":"first","13":"instock","14":"sale","15":"shipping-taxable","16":"purchasable","17":"product-type-simple"},"_links":{"self":[{"href":"https:\/\/roveyayinevi.com.tr\/index.php\/wp-json\/wp\/v2\/product\/705222","targetHints":{"allow":["GET"]}}],"collection":[{"href":"https:\/\/roveyayinevi.com.tr\/index.php\/wp-json\/wp\/v2\/product"}],"about":[{"href":"https:\/\/roveyayinevi.com.tr\/index.php\/wp-json\/wp\/v2\/types\/product"}],"wp:attachment":[{"href":"https:\/\/roveyayinevi.com.tr\/index.php\/wp-json\/wp\/v2\/media?parent=705222"}],"wp:term":[{"taxonomy":"product_brand","embeddable":true,"href":"https:\/\/roveyayinevi.com.tr\/index.php\/wp-json\/wp\/v2\/product_brand?post=705222"},{"taxonomy":"product_cat","embeddable":true,"href":"https:\/\/roveyayinevi.com.tr\/index.php\/wp-json\/wp\/v2\/product_cat?post=705222"},{"taxonomy":"product_tag","embeddable":true,"href":"https:\/\/roveyayinevi.com.tr\/index.php\/wp-json\/wp\/v2\/product_tag?post=705222"}],"curies":[{"name":"wp","href":"https:\/\/api.w.org\/{rel}","templated":true}]}}