{"id":705221,"date":"2025-08-27T15:43:20","date_gmt":"2025-08-27T12:43:20","guid":{"rendered":"https:\/\/roveyayinevi.com.tr\/index.php\/urun\/dort-halifenin-menkibeleri\/"},"modified":"2026-04-16T02:14:02","modified_gmt":"2026-04-15T23:14:02","slug":"dort-halifenin-menkibeleri","status":"publish","type":"product","link":"https:\/\/roveyayinevi.com.tr\/index.php\/urun\/dort-halifenin-menkibeleri\/","title":{"rendered":"D\u00f6rt Halifenin Menk\u0131beleri"},"content":{"rendered":"<p>\u0130simleri Ebubekir, \u00d6mer, Osman ve Ali\u2026 Kainat\u0131n Sevgilisinin e\u015fi\u011fine d\u00fc\u015f\u00fcnce yollar\u0131, cahiliye kimliklerinden s\u0131yr\u0131larak dost olmaya adananlar onlar\u2026 Adlar\u0131 Allah Resul\u00fcn\u00fcn ad\u0131yla yan yana an\u0131lanlar\u2026 D\u00f6rt Halifenin Menk\u0131beleri \/ Menak\u0131b-\u0131 \u00c7ehar-yar-i G\u00fczin, Allah Resul\u00fcn\u00fcn huzurunda imana eren, \u00f6m\u00fcrlerini onun terbiyesi alt\u0131nda ge\u00e7irerek Peygamberin en se\u00e7kin dostlar\u0131 halkas\u0131na dahil olan ve Efendimizin d\u00fcnyaya veda etmesinin ard\u0131ndan miras\u0131na sahip \u00e7\u0131karak asr\u0131 hakkaniyetli idarenin \u00f6rneklerine \u015fahit k\u0131lan d\u00f6rt sahabenin hayat\u0131na ayna tutuyor. Nebevi terbiyeye tabi olan bu \u00f6m\u00fcrler, b\u00fct\u00fcn insanl\u0131\u011f\u0131n aray\u0131\u015f\u0131na cevap verecek zengin hayat malzemeleriyle dolu\u2026 <\/p>\n","protected":false},"excerpt":{"rendered":"<p>\u0130simleri Ebubekir, \u00d6mer, Osman ve Ali\u2026 Kainat\u0131n Sevgilisinin e\u015fi\u011fine d\u00fc\u015f\u00fcnce yollar\u0131, cahiliye kimliklerinden s\u0131yr\u0131larak dost olmaya adananlar onlar\u2026 Adlar\u0131 Allah Resul\u00fcn\u00fcn ad\u0131yla yan yana an\u0131lanlar\u2026 D\u00f6rt<span class=\"excerpt-hellip\"> [\u2026]<\/span><\/p>\n","protected":false},"featured_media":0,"template":"","meta":{"_monsterinsights_skip_tracking":false,"_monsterinsights_sitenote_active":false,"_monsterinsights_sitenote_note":"","_monsterinsights_sitenote_category":0},"product_brand":[],"product_cat":[12718,12719,12720],"product_tag":[],"class_list":{"0":"post-705221","1":"product","2":"type-product","3":"status-publish","5":"product_cat-din","6":"product_cat-islam","7":"product_cat-tasavvuf-mezhepler-tarikatlar","8":"pa_cilt-ciltsiz","9":"pa_tur-kitap","10":"pa_yayinevi-sufi-kitap","11":"pa_yazar-semseddin-sivasi","13":"first","14":"instock","15":"sale","16":"shipping-taxable","17":"purchasable","18":"product-type-simple"},"_links":{"self":[{"href":"https:\/\/roveyayinevi.com.tr\/index.php\/wp-json\/wp\/v2\/product\/705221","targetHints":{"allow":["GET"]}}],"collection":[{"href":"https:\/\/roveyayinevi.com.tr\/index.php\/wp-json\/wp\/v2\/product"}],"about":[{"href":"https:\/\/roveyayinevi.com.tr\/index.php\/wp-json\/wp\/v2\/types\/product"}],"wp:attachment":[{"href":"https:\/\/roveyayinevi.com.tr\/index.php\/wp-json\/wp\/v2\/media?parent=705221"}],"wp:term":[{"taxonomy":"product_brand","embeddable":true,"href":"https:\/\/roveyayinevi.com.tr\/index.php\/wp-json\/wp\/v2\/product_brand?post=705221"},{"taxonomy":"product_cat","embeddable":true,"href":"https:\/\/roveyayinevi.com.tr\/index.php\/wp-json\/wp\/v2\/product_cat?post=705221"},{"taxonomy":"product_tag","embeddable":true,"href":"https:\/\/roveyayinevi.com.tr\/index.php\/wp-json\/wp\/v2\/product_tag?post=705221"}],"curies":[{"name":"wp","href":"https:\/\/api.w.org\/{rel}","templated":true}]}}