{"id":705220,"date":"2025-08-27T15:43:20","date_gmt":"2025-08-27T12:43:20","guid":{"rendered":"https:\/\/roveyayinevi.com.tr\/index.php\/urun\/sefaletin-sosyolojisi\/"},"modified":"2026-04-16T02:14:02","modified_gmt":"2026-04-15T23:14:02","slug":"sefaletin-sosyolojisi","status":"publish","type":"product","link":"https:\/\/roveyayinevi.com.tr\/index.php\/urun\/sefaletin-sosyolojisi\/","title":{"rendered":"Sefaletin Sosyolojisi"},"content":{"rendered":"<p>Sosyologlar, sosyolojinin do\u011fu\u015fundan s\u00f6z ederlerken hep 19. y\u00fczy\u0131la at\u0131fta bulunurlar. E\u015f deyi\u015fle 19. y\u00fczy\u0131l, sosyolojinin do\u011fu\u015f ko\u015fullar\u0131n\u0131 temellendirme noktas\u0131nda sosyologlar\u0131n g\u00f6nderme yapt\u0131klar\u0131 y\u00fczy\u0131ld\u0131r. Ancak 19. y\u00fczy\u0131l sadece sosyolojinin do\u011fu\u015funun de\u011fil, ayn\u0131 zamanda g\u00fcn\u00fcm\u00fczdeki \u00e7o\u011fu fenomenin kayna\u011f\u0131 olarak d\u00fc\u015f\u00fcn\u00fclebilir.Bu \u00e7al\u0131\u015fmam\u0131z ile d\u00fc\u015f\u00fcn tarihi ve sosyal teorideki sefaletler zincirine bir yenisini eklemeyi hedefledik. \u00c7al\u0131\u015fmam\u0131zda 20. y\u00fczy\u0131l\u0131n 19. y\u00fczy\u0131l\u0131n sosyo-ekonomik ve politik anlay\u0131\u015f\u0131, d\u00fc\u015f\u00fcn y\u00f6nelimi, ideolojileri, sosyal bilim anlay\u0131\u015f\u0131 ve sosyolojik gelene\u011fi \u00fczerine \u00e7ok fazla ilaveler yapamad\u0131\u011f\u0131na atfen Sefaletin Sosyolojisi ni yapmaya \u00e7al\u0131\u015ft\u0131k. \ufffcTan\u0131t\u0131m Metni<\/p>\n","protected":false},"excerpt":{"rendered":"<p>Sosyologlar, sosyolojinin do\u011fu\u015fundan s\u00f6z ederlerken hep 19. y\u00fczy\u0131la at\u0131fta bulunurlar. E\u015f deyi\u015fle 19. y\u00fczy\u0131l, sosyolojinin do\u011fu\u015f ko\u015fullar\u0131n\u0131 temellendirme noktas\u0131nda sosyologlar\u0131n g\u00f6nderme yapt\u0131klar\u0131 y\u00fczy\u0131ld\u0131r. Ancak 19. y\u00fczy\u0131l<span class=\"excerpt-hellip\"> [\u2026]<\/span><\/p>\n","protected":false},"featured_media":0,"template":"","meta":{"_monsterinsights_skip_tracking":false,"_monsterinsights_sitenote_active":false,"_monsterinsights_sitenote_note":"","_monsterinsights_sitenote_category":0},"product_brand":[],"product_cat":[12835,12324],"product_tag":[],"class_list":{"0":"post-705220","1":"product","2":"type-product","3":"status-publish","5":"product_cat-genel-sosyoloji","6":"product_cat-sosyoloji","7":"pa_cilt-ciltsiz","8":"pa_tur-kitap","9":"pa_yayinevi-ani-yayincilik","10":"pa_yazar-sezgin-kizilcelik","12":"first","13":"instock","14":"sale","15":"shipping-taxable","16":"purchasable","17":"product-type-simple"},"_links":{"self":[{"href":"https:\/\/roveyayinevi.com.tr\/index.php\/wp-json\/wp\/v2\/product\/705220","targetHints":{"allow":["GET"]}}],"collection":[{"href":"https:\/\/roveyayinevi.com.tr\/index.php\/wp-json\/wp\/v2\/product"}],"about":[{"href":"https:\/\/roveyayinevi.com.tr\/index.php\/wp-json\/wp\/v2\/types\/product"}],"wp:attachment":[{"href":"https:\/\/roveyayinevi.com.tr\/index.php\/wp-json\/wp\/v2\/media?parent=705220"}],"wp:term":[{"taxonomy":"product_brand","embeddable":true,"href":"https:\/\/roveyayinevi.com.tr\/index.php\/wp-json\/wp\/v2\/product_brand?post=705220"},{"taxonomy":"product_cat","embeddable":true,"href":"https:\/\/roveyayinevi.com.tr\/index.php\/wp-json\/wp\/v2\/product_cat?post=705220"},{"taxonomy":"product_tag","embeddable":true,"href":"https:\/\/roveyayinevi.com.tr\/index.php\/wp-json\/wp\/v2\/product_tag?post=705220"}],"curies":[{"name":"wp","href":"https:\/\/api.w.org\/{rel}","templated":true}]}}