{"id":705218,"date":"2025-08-27T15:43:19","date_gmt":"2025-08-27T12:43:19","guid":{"rendered":"https:\/\/roveyayinevi.com.tr\/index.php\/urun\/sanat-egitimi-kuramlari-ve-yontemleri\/"},"modified":"2026-04-16T02:14:01","modified_gmt":"2026-04-15T23:14:01","slug":"sanat-egitimi-kuramlari-ve-yontemleri","status":"publish","type":"product","link":"https:\/\/roveyayinevi.com.tr\/index.php\/urun\/sanat-egitimi-kuramlari-ve-yontemleri\/","title":{"rendered":"Sanat E\u011fitimi  Kuramlar\u0131 Ve Y\u00f6ntemleri"},"content":{"rendered":"<p>Bu kitap, sanata ilgi duyanlar\u0131n yan\u0131 s\u0131ra; \u00fcniversitelerin sanat alanlar\u0131na ili\u015fkin \u00f6n lisans, lisans ve lisans\u00fcst\u00fc \u00f6\u011frencilerin e\u011fitimleri s\u00fcrecinde yararlanabilecekleri bir \u015fekilde tasarlanm\u0131\u015ft\u0131r.Kitap; Estetik ve Sanat, Sanat Tarihi, Sanat E\u011fitimi, Sanat\u0131n Elemanlar\u0131, Yarat\u0131c\u0131l\u0131k, \u0130lkokul ve Ortaokulda Sanat E\u011fitimi, \u0130lkokul ve Ortaokulda Sanat Etkinlikleri ad\u0131 alt\u0131nda yedi b\u00f6l\u00fcmden olu\u015fmaktad\u0131r. Kitab\u0131 olu\u015fturan b\u00f6l\u00fcmler sistematik olarak birbirleriyle ili\u015fkilendirilerek organize edilmi\u015ftir. Kitap; sanat e\u011fitimine, genel e\u011fitimin \u00f6nemli, \u00f6zel bir disiplin alan\u0131 olarak yakla\u015fmakta; sanat e\u011fitimine olan katk\u0131 ve kazan\u0131mlar\u0131 dikkate al\u0131narak sanat\u0131n mant\u0131\u011f\u0131n\u0131n kuramsal a\u00e7\u0131dan kavranmas\u0131na, \u00f6\u011frenme ve \u00f6\u011fretme y\u00f6ntemlerine sistematik bak\u0131\u015f a\u00e7\u0131lar\u0131 getirmektedir.Ayn\u0131 zamanda sanata duyarl\u0131 olan t\u00fcm okuyucular\u0131n, sanata ili\u015fkin temel soru ve sorunlar\u0131na bu kitab\u0131n yan\u0131t verebilece\u011fi, geni\u015f bir g\u00f6r\u00fc\u015f, \u00f6ng\u00f6r\u00fc ve farkl\u0131 bak\u0131\u015f a\u00e7\u0131lar\u0131 kazand\u0131rabilece\u011fi d\u00fc\u015f\u00fcn\u00fclmektedir. \u00d6zellikle \u00fclkemizdeki sanatsal bilgi, k\u00fclt\u00fcr ve pratiklerle ya\u015fam alanlar\u0131 ili\u015fkilendirilerek zihinlerde kal\u0131c\u0131l\u0131\u011f\u0131n sa\u011flan\u0131lmas\u0131na \u00e7al\u0131\u015f\u0131lm\u0131\u015ft\u0131r. Bu ba\u011flamda okuyucular\u0131n sanata ili\u015fkin geni\u015f bak\u0131\u015f a\u00e7\u0131lar\u0131n\u0131n olu\u015fmas\u0131 hedeflenerek kitab\u0131n i\u00e7eri\u011fi geni\u015f tutulmu\u015ftur. Ayr\u0131ca metinler i\u00e7inde ge\u00e7en baz\u0131 kuram veya kavramlar\u0131n tan\u0131m\u0131na ili\u015fkin a\u00e7\u0131klamal\u0131 s\u00f6zl\u00fck, kitab\u0131n sonunda, ilgili a\u00e7\u0131dan eksiklikleri giderecek bir \u015fekilde d\u00fczenlenmi\u015ftir.Sekizinci bask\u0131da kitab\u0131n i\u00e7eri\u011fi, g\u00fcn\u00fcm\u00fcz sanat ve sanat e\u011fitimindeki yeni yap\u0131lanmayla birlikte \u201cG\u00f6rsel Sanatlar E\u011fitimi\u201d dersinin i\u00e7eri\u011fi g\u00f6z \u00f6n\u00fcnde bulundurularak m\u00fcfredata uygun baz\u0131 ek bilgilerle zenginle\u015ftirilip yeniden d\u00fczenlenmi\u015ftir.Kitab\u0131n 2001 y\u0131l\u0131nda yap\u0131lan ilk bask\u0131s\u0131ndan bu yana bana ula\u015ft\u0131r\u0131lan (e-mail, fax, telefon) \u00f6neri ve destek mesajlar\u0131 i\u00e7in t\u00fcm akademisyen meslekta\u015flar\u0131ma, \u00f6\u011fretmen ve \u00f6\u011frencilerime sevgilerimi, sayg\u0131lar\u0131m\u0131 sunuyor, kitab\u0131n her yeni bask\u0131s\u0131n\u0131n g\u00fcncelle\u015ftirilerek, ele\u015ftirilerle geli\u015febilece\u011fine inan\u0131yorum.Sanat ve estetik de\u011ferlere yabanc\u0131la\u015fmayan, sanat\u0131 bir ihtiya\u00e7 olarak g\u00f6ren, sanatsal fark\u0131ndal\u0131klar\u0131 geli\u015fmi\u015f, iyi bir sanat t\u00fcketicisi yeti\u015ftirme dile\u011fiyle kitab\u0131m\u0131n alan\u0131m\u0131za katk\u0131 sa\u011flamas\u0131n\u0131 diliyorum.<\/p>\n","protected":false},"excerpt":{"rendered":"<p>Bu kitap, sanata ilgi duyanlar\u0131n yan\u0131 s\u0131ra; \u00fcniversitelerin sanat alanlar\u0131na ili\u015fkin \u00f6n lisans, lisans ve lisans\u00fcst\u00fc \u00f6\u011frencilerin e\u011fitimleri s\u00fcrecinde yararlanabilecekleri bir \u015fekilde tasarlanm\u0131\u015ft\u0131r.Kitap; Estetik ve Sanat,<span class=\"excerpt-hellip\"> [\u2026]<\/span><\/p>\n","protected":false},"featured_media":0,"template":"","meta":{"_monsterinsights_skip_tracking":false,"_monsterinsights_sitenote_active":false,"_monsterinsights_sitenote_note":"","_monsterinsights_sitenote_category":0},"product_brand":[],"product_cat":[22066,13527],"product_tag":[],"class_list":{"0":"post-705218","1":"product","2":"type-product","3":"status-publish","5":"product_cat-sanat-sureli-yayinlar","6":"product_cat-sureli-yayinlar","7":"pa_cilt-ciltsiz","8":"pa_tur-kitap","9":"pa_yayinevi-ani-yayincilik","10":"pa_yazar-kazim-artut","12":"first","13":"instock","14":"sale","15":"shipping-taxable","16":"purchasable","17":"product-type-simple"},"_links":{"self":[{"href":"https:\/\/roveyayinevi.com.tr\/index.php\/wp-json\/wp\/v2\/product\/705218","targetHints":{"allow":["GET"]}}],"collection":[{"href":"https:\/\/roveyayinevi.com.tr\/index.php\/wp-json\/wp\/v2\/product"}],"about":[{"href":"https:\/\/roveyayinevi.com.tr\/index.php\/wp-json\/wp\/v2\/types\/product"}],"wp:attachment":[{"href":"https:\/\/roveyayinevi.com.tr\/index.php\/wp-json\/wp\/v2\/media?parent=705218"}],"wp:term":[{"taxonomy":"product_brand","embeddable":true,"href":"https:\/\/roveyayinevi.com.tr\/index.php\/wp-json\/wp\/v2\/product_brand?post=705218"},{"taxonomy":"product_cat","embeddable":true,"href":"https:\/\/roveyayinevi.com.tr\/index.php\/wp-json\/wp\/v2\/product_cat?post=705218"},{"taxonomy":"product_tag","embeddable":true,"href":"https:\/\/roveyayinevi.com.tr\/index.php\/wp-json\/wp\/v2\/product_tag?post=705218"}],"curies":[{"name":"wp","href":"https:\/\/api.w.org\/{rel}","templated":true}]}}