{"id":705214,"date":"2025-08-27T15:43:18","date_gmt":"2025-08-27T12:43:18","guid":{"rendered":"https:\/\/roveyayinevi.com.tr\/index.php\/urun\/haykiran-merdiven\/"},"modified":"2026-04-16T02:14:01","modified_gmt":"2026-04-15T23:14:01","slug":"haykiran-merdiven","status":"publish","type":"product","link":"https:\/\/roveyayinevi.com.tr\/index.php\/urun\/haykiran-merdiven\/","title":{"rendered":"Hayk\u0131ran Merdiven"},"content":{"rendered":"<p>\u201cKadim k\u00f6t\u00fcl\u00fck, \u00e7\u00f6z\u00fclmemi\u015f gizemler, kudretli hayaletler ve k\u00f6t\u00fcl\u00fc\u011fe teslim olmu\u015f insanlar\u2026 Bu kitab\u0131 gecenin ge\u00e7 saatlerine dek elinizden b\u0131rakamayaca\u011f\u0131n\u0131za hi\u00e7 \u015f\u00fcphe yok ama evin t\u00fcm \u0131\u015f\u0131klar\u0131n\u0131 a\u00e7\u0131k tutman\u0131zda da fayda var. Ya\u015fad\u0131\u011f\u0131m\u0131z d\u00fcnyaya \u00e7ok benzeyen ancak t\u00fcylerinizi \u00fcrpertecek kadar da farkl\u0131 d\u00fcnyalar yaratmak s\u00f6z konusu oldu\u011funda, Jonathan Stroud m\u00fckemmel i\u015fler \u00e7\u0131karan bir dahi.\u201d <\/p>\n","protected":false},"excerpt":{"rendered":"<p>\u201cKadim k\u00f6t\u00fcl\u00fck, \u00e7\u00f6z\u00fclmemi\u015f gizemler, kudretli hayaletler ve k\u00f6t\u00fcl\u00fc\u011fe teslim olmu\u015f insanlar\u2026 Bu kitab\u0131 gecenin ge\u00e7 saatlerine dek elinizden b\u0131rakamayaca\u011f\u0131n\u0131za hi\u00e7 \u015f\u00fcphe yok ama evin t\u00fcm \u0131\u015f\u0131klar\u0131n\u0131<span class=\"excerpt-hellip\"> [\u2026]<\/span><\/p>\n","protected":false},"featured_media":0,"template":"","meta":{"_monsterinsights_skip_tracking":false,"_monsterinsights_sitenote_active":false,"_monsterinsights_sitenote_note":"","_monsterinsights_sitenote_category":0},"product_brand":[],"product_cat":[12291,12711],"product_tag":[],"class_list":{"0":"post-705214","1":"product","2":"type-product","3":"status-publish","5":"product_cat-edebiyat","6":"product_cat-roman-oyku","7":"pa_tur-kitap","8":"pa_yayinevi-akil-celen-kitaplar","9":"pa_yazar-jonathan-stroud","11":"first","12":"instock","13":"sale","14":"shipping-taxable","15":"purchasable","16":"product-type-simple"},"_links":{"self":[{"href":"https:\/\/roveyayinevi.com.tr\/index.php\/wp-json\/wp\/v2\/product\/705214","targetHints":{"allow":["GET"]}}],"collection":[{"href":"https:\/\/roveyayinevi.com.tr\/index.php\/wp-json\/wp\/v2\/product"}],"about":[{"href":"https:\/\/roveyayinevi.com.tr\/index.php\/wp-json\/wp\/v2\/types\/product"}],"wp:attachment":[{"href":"https:\/\/roveyayinevi.com.tr\/index.php\/wp-json\/wp\/v2\/media?parent=705214"}],"wp:term":[{"taxonomy":"product_brand","embeddable":true,"href":"https:\/\/roveyayinevi.com.tr\/index.php\/wp-json\/wp\/v2\/product_brand?post=705214"},{"taxonomy":"product_cat","embeddable":true,"href":"https:\/\/roveyayinevi.com.tr\/index.php\/wp-json\/wp\/v2\/product_cat?post=705214"},{"taxonomy":"product_tag","embeddable":true,"href":"https:\/\/roveyayinevi.com.tr\/index.php\/wp-json\/wp\/v2\/product_tag?post=705214"}],"curies":[{"name":"wp","href":"https:\/\/api.w.org\/{rel}","templated":true}]}}