{"id":705213,"date":"2025-08-27T15:43:17","date_gmt":"2025-08-27T12:43:17","guid":{"rendered":"https:\/\/roveyayinevi.com.tr\/index.php\/urun\/tuzlucayir-kucuk-moskova\/"},"modified":"2026-03-23T02:16:13","modified_gmt":"2026-03-22T23:16:13","slug":"tuzlucayir-kucuk-moskova","status":"publish","type":"product","link":"https:\/\/roveyayinevi.com.tr\/index.php\/urun\/tuzlucayir-kucuk-moskova\/","title":{"rendered":"Tuzlu\u00e7ay\u0131r: K\u00fc\u00e7\u00fck Moskova"},"content":{"rendered":"<p>\u201c\u2018K\u00fc\u00e7\u00fck Moskova\u2019 Tuzlu\u00e7ay\u0131r, di\u011fer yerlere bakt\u0131\u011f\u0131nda g\u00f6rece olarak solcular\u0131n duvar yaz\u0131lar\u0131na, afi\u015flerine daha s\u0131k rastlad\u0131\u011f\u0131n bir yer. \u2018K\u00fc\u00e7\u00fck Moskova\u2019, o biraz sa\u011fc\u0131lar\u0131n da yak\u0131\u015ft\u0131rmas\u0131yd\u0131. Yani kendileri bar\u0131namad\u0131klar\u0131 i\u00e7in, burda genellikle solcular olduklar\u0131 i\u00e7in.\u201d <\/p>\n","protected":false},"excerpt":{"rendered":"<p>\u201c\u2018K\u00fc\u00e7\u00fck Moskova\u2019 Tuzlu\u00e7ay\u0131r, di\u011fer yerlere bakt\u0131\u011f\u0131nda g\u00f6rece olarak solcular\u0131n duvar yaz\u0131lar\u0131na, afi\u015flerine daha s\u0131k rastlad\u0131\u011f\u0131n bir yer. \u2018K\u00fc\u00e7\u00fck Moskova\u2019, o biraz sa\u011fc\u0131lar\u0131n da yak\u0131\u015ft\u0131rmas\u0131yd\u0131. Yani kendileri<span class=\"excerpt-hellip\"> [\u2026]<\/span><\/p>\n","protected":false},"featured_media":0,"template":"","meta":{"_monsterinsights_skip_tracking":false,"_monsterinsights_sitenote_active":false,"_monsterinsights_sitenote_note":"","_monsterinsights_sitenote_category":0},"product_brand":[],"product_cat":[12312,12304],"product_tag":[],"class_list":{"0":"post-705213","1":"product","2":"type-product","3":"status-publish","5":"product_cat-diger","6":"product_cat-tarih","7":"pa_cilt-ciltsiz","8":"pa_tur-kitap","9":"pa_yayinevi-iletisim-yayinlari","10":"pa_yazar-yelda-yurekli","12":"first","13":"instock","14":"sale","15":"shipping-taxable","16":"purchasable","17":"product-type-simple"},"_links":{"self":[{"href":"https:\/\/roveyayinevi.com.tr\/index.php\/wp-json\/wp\/v2\/product\/705213","targetHints":{"allow":["GET"]}}],"collection":[{"href":"https:\/\/roveyayinevi.com.tr\/index.php\/wp-json\/wp\/v2\/product"}],"about":[{"href":"https:\/\/roveyayinevi.com.tr\/index.php\/wp-json\/wp\/v2\/types\/product"}],"wp:attachment":[{"href":"https:\/\/roveyayinevi.com.tr\/index.php\/wp-json\/wp\/v2\/media?parent=705213"}],"wp:term":[{"taxonomy":"product_brand","embeddable":true,"href":"https:\/\/roveyayinevi.com.tr\/index.php\/wp-json\/wp\/v2\/product_brand?post=705213"},{"taxonomy":"product_cat","embeddable":true,"href":"https:\/\/roveyayinevi.com.tr\/index.php\/wp-json\/wp\/v2\/product_cat?post=705213"},{"taxonomy":"product_tag","embeddable":true,"href":"https:\/\/roveyayinevi.com.tr\/index.php\/wp-json\/wp\/v2\/product_tag?post=705213"}],"curies":[{"name":"wp","href":"https:\/\/api.w.org\/{rel}","templated":true}]}}