{"id":705207,"date":"2025-08-27T15:43:15","date_gmt":"2025-08-27T12:43:15","guid":{"rendered":"https:\/\/roveyayinevi.com.tr\/index.php\/urun\/m-treni\/"},"modified":"2026-04-16T02:14:01","modified_gmt":"2026-04-15T23:14:01","slug":"m-treni","status":"publish","type":"product","link":"https:\/\/roveyayinevi.com.tr\/index.php\/urun\/m-treni\/","title":{"rendered":"M Treni"},"content":{"rendered":"<p>O\u011flan b\u00fcy\u00fcd\u00fc, baba \u00f6ld\u00fc, k\u0131z benden uzun, k\u00f6t\u00fc bir r\u00fcyadan dolay\u0131 a\u011fl\u0131yor. L\u00fctfen sonsuza dek kal\u0131n, diyorum tan\u0131d\u0131\u011f\u0131m \u015feylere. Gitmeyin. B\u00fcy\u00fcmeyin.\u00c7oluk \u00c7ocuk ile bizi fena halde haz\u0131rl\u0131ks\u0131z yakalayan Patti Smith, &#8220;hayat\u0131m\u0131n yol haritas\u0131&#8221; olarak tan\u0131mlad\u0131\u011f\u0131 M Treni&#8217;nde zihninin derinliklerine do\u011fru bir tren yolculu\u011funa \u00e7\u0131k\u0131yor. Patti Smith an\u0131lar\u0131n\u0131, hayal d\u00fcnyas\u0131n\u0131, bir bardak koyu kahveden ya da bir Murakami sat\u0131r\u0131ndan ald\u0131\u011f\u0131 hazz\u0131 bir araya toplay\u0131p kelimelerle tutturuyor. &#8220;Kaybedip bir daha bulamad\u0131klar\u0131&#8221;n\u0131n yerini yine kelimelerle dolduruyor. &#8220;O gams\u0131z balona, d\u00fcnyaya inan\u0131yorum&#8221; diyen koca ruhlu bir sanat\u00e7\u0131n\u0131n hayata yazd\u0131\u011f\u0131 bir a\u015fk notu M Treni. Harika \u015fark\u0131 s\u00f6zleri yazmak bir \u015fey, M Treni gibi bir kitap yazmak ise bam-ba\u015fka bir \u015fey. Bundan sonra yapacaklar\u0131n\u0131 saymazsak M Treni, Patti Smith&#8217;in yaratt\u0131\u011f\u0131 en iyi \u015fey. -The Nation- Patti Smith bizim i\u00e7in ya\u015f\u0131yor, yaz\u0131yor ve s\u00f6yl\u00fcyor. -Washington Post- Okudu\u011fum en s\u0131ra d\u0131\u015f\u0131, en nefes kesici kitap. -Maria Popova, Brain Pickings- <\/p>\n","protected":false},"excerpt":{"rendered":"<p>O\u011flan b\u00fcy\u00fcd\u00fc, baba \u00f6ld\u00fc, k\u0131z benden uzun, k\u00f6t\u00fc bir r\u00fcyadan dolay\u0131 a\u011fl\u0131yor. L\u00fctfen sonsuza dek kal\u0131n, diyorum tan\u0131d\u0131\u011f\u0131m \u015feylere. Gitmeyin. B\u00fcy\u00fcmeyin.\u00c7oluk \u00c7ocuk ile bizi fena halde<span class=\"excerpt-hellip\"> [\u2026]<\/span><\/p>\n","protected":false},"featured_media":0,"template":"","meta":{"_monsterinsights_skip_tracking":false,"_monsterinsights_sitenote_active":false,"_monsterinsights_sitenote_note":"","_monsterinsights_sitenote_category":0},"product_brand":[],"product_cat":[12718,18102,12719],"product_tag":[],"class_list":{"0":"post-705207","1":"product","2":"type-product","3":"status-publish","5":"product_cat-din","6":"product_cat-edebiyat-roman","7":"product_cat-islam","8":"pa_cilt-ciltsiz","9":"pa_tur-kitap","10":"pa_yayinevi-domingo-yayinevi","11":"pa_yazar-patti-smith","13":"first","14":"instock","15":"sale","16":"shipping-taxable","17":"purchasable","18":"product-type-simple"},"_links":{"self":[{"href":"https:\/\/roveyayinevi.com.tr\/index.php\/wp-json\/wp\/v2\/product\/705207","targetHints":{"allow":["GET"]}}],"collection":[{"href":"https:\/\/roveyayinevi.com.tr\/index.php\/wp-json\/wp\/v2\/product"}],"about":[{"href":"https:\/\/roveyayinevi.com.tr\/index.php\/wp-json\/wp\/v2\/types\/product"}],"wp:attachment":[{"href":"https:\/\/roveyayinevi.com.tr\/index.php\/wp-json\/wp\/v2\/media?parent=705207"}],"wp:term":[{"taxonomy":"product_brand","embeddable":true,"href":"https:\/\/roveyayinevi.com.tr\/index.php\/wp-json\/wp\/v2\/product_brand?post=705207"},{"taxonomy":"product_cat","embeddable":true,"href":"https:\/\/roveyayinevi.com.tr\/index.php\/wp-json\/wp\/v2\/product_cat?post=705207"},{"taxonomy":"product_tag","embeddable":true,"href":"https:\/\/roveyayinevi.com.tr\/index.php\/wp-json\/wp\/v2\/product_tag?post=705207"}],"curies":[{"name":"wp","href":"https:\/\/api.w.org\/{rel}","templated":true}]}}