{"id":705205,"date":"2025-08-27T15:43:14","date_gmt":"2025-08-27T12:43:14","guid":{"rendered":"https:\/\/roveyayinevi.com.tr\/index.php\/urun\/ayakta-uyuyan-dedektif\/"},"modified":"2026-04-16T02:14:01","modified_gmt":"2026-04-15T23:14:01","slug":"ayakta-uyuyan-dedektif","status":"publish","type":"product","link":"https:\/\/roveyayinevi.com.tr\/index.php\/urun\/ayakta-uyuyan-dedektif\/","title":{"rendered":"Ayakta Uyuyan Dedektif"},"content":{"rendered":"<p>Saftirik Greg&#8217;in G\u00fcnl\u00fc\u011f\u00fc&#8217;n\u00fc Seviyorsan\u0131z,Bir de Ayakta Uyuyan Dedediktif&#8217;le Tan\u0131\u015f\u0131n! Ayakta Uyuyan Dedektif, be\u015finci s\u0131n\u0131fa gidiyor ve \u00e7\u00f6zmesi gereken b\u00fcy\u00fck bir gizem var. Ba\u015f\u0131 beladan \u00e7\u0131kmayan bu sakar, ne\u015feli, sivri dilli dedektif, bilgisayar oyunlar\u0131ndan \u00f6\u011frendiklerini, okuldaki F\u0131r\u0131nda Makarna Haydutu&#8217;nu yakalamak i\u00e7in kullan\u0131yor. Ayakta Uyuyan Dedektif&#8217;in ninja hareketlerine \u015fa\u015f\u0131racak, her zaman ba\u015far\u0131l\u0131 olamasa bile asla pes etmemesine hayran kalacaks\u0131n\u0131z. <\/p>\n","protected":false},"excerpt":{"rendered":"<p>Saftirik Greg&#8217;in G\u00fcnl\u00fc\u011f\u00fc&#8217;n\u00fc Seviyorsan\u0131z,Bir de Ayakta Uyuyan Dedediktif&#8217;le Tan\u0131\u015f\u0131n! Ayakta Uyuyan Dedektif, be\u015finci s\u0131n\u0131fa gidiyor ve \u00e7\u00f6zmesi gereken b\u00fcy\u00fck bir gizem var. Ba\u015f\u0131 beladan \u00e7\u0131kmayan bu<span class=\"excerpt-hellip\"> [\u2026]<\/span><\/p>\n","protected":false},"featured_media":0,"template":"","meta":{"_monsterinsights_skip_tracking":false,"_monsterinsights_sitenote_active":false,"_monsterinsights_sitenote_note":"","_monsterinsights_sitenote_category":0},"product_brand":[],"product_cat":[12274,12284],"product_tag":[],"class_list":{"0":"post-705205","1":"product","2":"type-product","3":"status-publish","5":"product_cat-cocuk-ve-genclik-kitaplari","6":"product_cat-hikayeler","7":"pa_cilt-ciltsiz","8":"pa_tur-kitap","9":"pa_yayinevi-epsilon-yayinlari","10":"pa_yazar-henry-h-neff","12":"first","13":"instock","14":"sale","15":"shipping-taxable","16":"purchasable","17":"product-type-simple"},"_links":{"self":[{"href":"https:\/\/roveyayinevi.com.tr\/index.php\/wp-json\/wp\/v2\/product\/705205","targetHints":{"allow":["GET"]}}],"collection":[{"href":"https:\/\/roveyayinevi.com.tr\/index.php\/wp-json\/wp\/v2\/product"}],"about":[{"href":"https:\/\/roveyayinevi.com.tr\/index.php\/wp-json\/wp\/v2\/types\/product"}],"wp:attachment":[{"href":"https:\/\/roveyayinevi.com.tr\/index.php\/wp-json\/wp\/v2\/media?parent=705205"}],"wp:term":[{"taxonomy":"product_brand","embeddable":true,"href":"https:\/\/roveyayinevi.com.tr\/index.php\/wp-json\/wp\/v2\/product_brand?post=705205"},{"taxonomy":"product_cat","embeddable":true,"href":"https:\/\/roveyayinevi.com.tr\/index.php\/wp-json\/wp\/v2\/product_cat?post=705205"},{"taxonomy":"product_tag","embeddable":true,"href":"https:\/\/roveyayinevi.com.tr\/index.php\/wp-json\/wp\/v2\/product_tag?post=705205"}],"curies":[{"name":"wp","href":"https:\/\/api.w.org\/{rel}","templated":true}]}}