{"id":705203,"date":"2025-08-27T15:43:13","date_gmt":"2025-08-27T12:43:13","guid":{"rendered":"https:\/\/roveyayinevi.com.tr\/index.php\/urun\/benim-sevgili-kanserlerim\/"},"modified":"2026-04-16T02:14:01","modified_gmt":"2026-04-15T23:14:01","slug":"benim-sevgili-kanserlerim","status":"publish","type":"product","link":"https:\/\/roveyayinevi.com.tr\/index.php\/urun\/benim-sevgili-kanserlerim\/","title":{"rendered":"Benim Sevgili Kanserlerim"},"content":{"rendered":"<p>Kanser s\u00f6zc\u00fc\u011f\u00fc. Kendi ba\u015f\u0131na \u00fcrk\u00fct\u00fcc\u00fc ve sahipsiz&#8230; Hi\u00e7 Kimse ve hi\u00e7 bir yere ait de\u011fil gibi&#8230; Ta Ki, bir bedende can bulana dek. Ka\u00e7sam&#8230; G\u00f6rmezden gelsem? \u00c7ok ge\u00e7. O, dile geldi bir Kez. Belli Ki, bir s\u00f6z var aram\u0131zda, belki ortak bir hikaye\u2026 Onun dili ac\u0131, anlamak zorlu, dinlemek y\u00fcrek i\u015fi. Ancak hikaye de inad\u0131na, ayna misali. O&#8217;nu Ben&#8217;den, Beni Ondan bilin desem&#8230; Yalan olmaz. Ac\u0131yla \u00f6\u011frenmek, elbet kader de\u011fil. Bazen ke\u015fke diyorum, ke\u015fke bu hikayeden \u00f6nce bilseydim&#8230; \u015eimdi oldu\u011fu kadar\u2026 <\/p>\n","protected":false},"excerpt":{"rendered":"<p>Kanser s\u00f6zc\u00fc\u011f\u00fc. Kendi ba\u015f\u0131na \u00fcrk\u00fct\u00fcc\u00fc ve sahipsiz&#8230; Hi\u00e7 Kimse ve hi\u00e7 bir yere ait de\u011fil gibi&#8230; Ta Ki, bir bedende can bulana dek. Ka\u00e7sam&#8230; G\u00f6rmezden gelsem?<span class=\"excerpt-hellip\"> [\u2026]<\/span><\/p>\n","protected":false},"featured_media":0,"template":"","meta":{"_monsterinsights_skip_tracking":false,"_monsterinsights_sitenote_active":false,"_monsterinsights_sitenote_note":"","_monsterinsights_sitenote_category":0},"product_brand":[],"product_cat":[12782,12291],"product_tag":[],"class_list":{"0":"post-705203","1":"product","2":"type-product","3":"status-publish","5":"product_cat-alman-edebiyati","6":"product_cat-edebiyat","7":"pa_tur-kitap","8":"pa_yayinevi-efil-yayinevi","9":"pa_yazar-funda-altincekic-aysel","11":"first","12":"instock","13":"sale","14":"shipping-taxable","15":"purchasable","16":"product-type-simple"},"_links":{"self":[{"href":"https:\/\/roveyayinevi.com.tr\/index.php\/wp-json\/wp\/v2\/product\/705203","targetHints":{"allow":["GET"]}}],"collection":[{"href":"https:\/\/roveyayinevi.com.tr\/index.php\/wp-json\/wp\/v2\/product"}],"about":[{"href":"https:\/\/roveyayinevi.com.tr\/index.php\/wp-json\/wp\/v2\/types\/product"}],"wp:attachment":[{"href":"https:\/\/roveyayinevi.com.tr\/index.php\/wp-json\/wp\/v2\/media?parent=705203"}],"wp:term":[{"taxonomy":"product_brand","embeddable":true,"href":"https:\/\/roveyayinevi.com.tr\/index.php\/wp-json\/wp\/v2\/product_brand?post=705203"},{"taxonomy":"product_cat","embeddable":true,"href":"https:\/\/roveyayinevi.com.tr\/index.php\/wp-json\/wp\/v2\/product_cat?post=705203"},{"taxonomy":"product_tag","embeddable":true,"href":"https:\/\/roveyayinevi.com.tr\/index.php\/wp-json\/wp\/v2\/product_tag?post=705203"}],"curies":[{"name":"wp","href":"https:\/\/api.w.org\/{rel}","templated":true}]}}