{"id":705202,"date":"2025-08-27T15:43:13","date_gmt":"2025-08-27T12:43:13","guid":{"rendered":"https:\/\/roveyayinevi.com.tr\/index.php\/urun\/baltaci-ve-katerina\/"},"modified":"2026-04-16T02:14:01","modified_gmt":"2026-04-15T23:14:01","slug":"baltaci-ve-katerina","status":"publish","type":"product","link":"https:\/\/roveyayinevi.com.tr\/index.php\/urun\/baltaci-ve-katerina\/","title":{"rendered":"Baltac\u0131 ve Katerina"},"content":{"rendered":"<p>Prut Sava\u015f\u0131\u2019nda Katerina y\u00fcz\u00fcnden mi Rus ordusunu yok etmedik? Baltac\u0131-Katerina meselesinin asl\u0131 nedir? \u0130lk Rus el\u00e7isi Osmanl\u0131 saray\u0131nda protokole uymay\u0131nca ne oldu? Rusya\u2019y\u0131 durdurup, M\u00fcsl\u00fcman hanl\u0131klar\u0131 kurtaracak Don-Volga Kanal\u0131 Projesi ihanet y\u00fcz\u00fcnden mi hayata ge\u00e7irilemedi? T\u00fcrkler ve Ruslar\u2019\u0131 Avrupa\u2019dan hangi Hristiyan kral atmak istedi? Rus ve Polonyal\u0131lar\u2019\u0131n destekledi\u011fi Kazaklar Osmanl\u0131 topraklar\u0131na nas\u0131l sald\u0131rd\u0131lar? Tarih boyunca Osmanl\u0131-Rus sava\u015flar\u0131n\u0131n neticeleri ne oldu? \u0130stanbul\u2019a gelen ilk Rus gemisi nas\u0131l heyecan uyand\u0131rd\u0131? Ayakkab\u0131 f\u0131rlat\u0131lan Rus el\u00e7isi nas\u0131l kriz \u00e7\u0131kard\u0131? Tatarlar, Ruslar\u2019\u0131 nas\u0131l adam etti? B\u00fct\u00fcn bu sorular\u0131n cevab\u0131n\u0131 ve Osmanl\u0131-Rus ili\u015fkilerinin tarihi seyrini bu kitapta bulacaks\u0131n\u0131z.<\/p>\n","protected":false},"excerpt":{"rendered":"<p>Prut Sava\u015f\u0131\u2019nda Katerina y\u00fcz\u00fcnden mi Rus ordusunu yok etmedik? Baltac\u0131-Katerina meselesinin asl\u0131 nedir? \u0130lk Rus el\u00e7isi Osmanl\u0131 saray\u0131nda protokole uymay\u0131nca ne oldu? Rusya\u2019y\u0131 durdurup, M\u00fcsl\u00fcman hanl\u0131klar\u0131<span class=\"excerpt-hellip\"> [\u2026]<\/span><\/p>\n","protected":false},"featured_media":0,"template":"","meta":{"_monsterinsights_skip_tracking":false,"_monsterinsights_sitenote_active":false,"_monsterinsights_sitenote_note":"","_monsterinsights_sitenote_category":0},"product_brand":[],"product_cat":[12370,12304],"product_tag":[],"class_list":{"0":"post-705202","1":"product","2":"type-product","3":"status-publish","5":"product_cat-arastirma-inceleme","6":"product_cat-tarih","7":"pa_cilt-ciltsiz","8":"pa_tur-kitap","9":"pa_yayinevi-yeditepe-yayinevi","10":"pa_yazar-erhan-afyoncu","12":"first","13":"instock","14":"sale","15":"shipping-taxable","16":"purchasable","17":"product-type-simple"},"_links":{"self":[{"href":"https:\/\/roveyayinevi.com.tr\/index.php\/wp-json\/wp\/v2\/product\/705202","targetHints":{"allow":["GET"]}}],"collection":[{"href":"https:\/\/roveyayinevi.com.tr\/index.php\/wp-json\/wp\/v2\/product"}],"about":[{"href":"https:\/\/roveyayinevi.com.tr\/index.php\/wp-json\/wp\/v2\/types\/product"}],"wp:attachment":[{"href":"https:\/\/roveyayinevi.com.tr\/index.php\/wp-json\/wp\/v2\/media?parent=705202"}],"wp:term":[{"taxonomy":"product_brand","embeddable":true,"href":"https:\/\/roveyayinevi.com.tr\/index.php\/wp-json\/wp\/v2\/product_brand?post=705202"},{"taxonomy":"product_cat","embeddable":true,"href":"https:\/\/roveyayinevi.com.tr\/index.php\/wp-json\/wp\/v2\/product_cat?post=705202"},{"taxonomy":"product_tag","embeddable":true,"href":"https:\/\/roveyayinevi.com.tr\/index.php\/wp-json\/wp\/v2\/product_tag?post=705202"}],"curies":[{"name":"wp","href":"https:\/\/api.w.org\/{rel}","templated":true}]}}