{"id":705189,"date":"2025-08-27T15:43:07","date_gmt":"2025-08-27T12:43:07","guid":{"rendered":"https:\/\/roveyayinevi.com.tr\/index.php\/urun\/bilim-adamlarimiz-serisi-ali-kuscu-bilgi-gunesi-gokbilimci\/"},"modified":"2026-04-16T02:14:01","modified_gmt":"2026-04-15T23:14:01","slug":"bilim-adamlarimiz-serisi-ali-kuscu-bilgi-gunesi-gokbilimci","status":"publish","type":"product","link":"https:\/\/roveyayinevi.com.tr\/index.php\/urun\/bilim-adamlarimiz-serisi-ali-kuscu-bilgi-gunesi-gokbilimci\/","title":{"rendered":"Bilim Adamlar\u0131m\u0131z Serisi &#8211; Ali Ku\u015f\u00e7u \/ Bilgi G\u00fcne\u015fi G\u00f6kbilimci"},"content":{"rendered":"<p>15. y\u00fczy\u0131lda ya\u015fam\u0131\u015f \u00f6nemli bir astronomi ve matematik bilginidir. Babas\u0131 Timur&#8217;un torunu olan Ulu\u011f Bey&#8217;in Do\u011fanc\u0131 Ba\u015f\u0131s\u0131 idi. Ku\u015f\u00e7u lakab\u0131 buradan gelmektedir. Ali Ku\u015f\u00e7u, Semerkand&#8217;da do\u011fmu\u015f ve burada yeti\u015fmi\u015ftir. Ulu\u011f Bey de dahil olmak \u00fczere, Kad\u0131zade-i Rumi ve G\u0131yas\u00fcddin Cem\u015fid gibi d\u00f6nemin \u00f6nemli bilim adamlar\u0131ndan matematik ve astronomi dersleri alm\u0131\u015ft\u0131r. Semerkand G\u00f6zlemevi&#8217;nin m\u00fcd\u00fcr\u00fc olan Kad\u0131zade-i Rumi&#8217;nin \u00f6l\u00fcm\u00fc \u00fczerine g\u00f6zlemevinin ba\u015f\u0131na ge\u00e7mi\u015ftir. Ancak Ulu\u011f Bey&#8217;in \u00f6l\u00fcm\u00fc \u00fczerine Semerkand&#8217;dan ayr\u0131lm\u0131\u015f ve Akkoyunlu H\u00fck\u00fcmdar\u0131 Uzun Hasan&#8217;\u0131n yan\u0131na gitmi\u015ftir. Daha sonra Uzun Hasan taraf\u0131ndan, Osmanl\u0131lar ile Akkoyunlular aras\u0131nda bar\u0131\u015f\u0131 sa\u011flamak amac\u0131yla Fatih&#8217;e el\u00e7i olarak g\u00f6nderilmi\u015ftir. Bir k\u00fclt\u00fcr merkezi olu\u015fturman\u0131n \u015fartlar\u0131ndan birinin de bilim adamlar\u0131n\u0131 bir araya toplamak oldu\u011funu bilen Fatih, Ali Ku\u015f\u00e7u&#8217;ya \u0130stanbul&#8217;da kalmas\u0131n\u0131 ve medresede ders vermesini teklif eder. Ali Ku\u015f\u00e7u, Ayasofya&#8217;ya m\u00fcderris olarak atan\u0131r. Burada Fatih K\u00fclliyesi&#8217;nin programlar\u0131n\u0131 haz\u0131rlam\u0131\u015f, astronomi ve matematik dersleri vermi\u015ftir. Verdi\u011fi dersler ola\u011fan\u00fcst\u00fc ra\u011fbet g\u00f6rm\u00fc\u015f ve \u00f6nemli bilim adamlar\u0131 taraf\u0131ndan da izlenmi\u015ftir. Ali Ku\u015f\u00e7u&#8217;nun astronomi ve matematik alan\u0131nda yazm\u0131\u015f oldu\u011fu iki \u00f6nemli eseri vard\u0131r. Bunlardan birisi, Fatih&#8217;e sunuldu\u011fu i\u00e7in Fethiye ad\u0131 verilen astronomi kitab\u0131d\u0131r. Di\u011fer \u00f6nemli eseri ise Fatih&#8217;in ad\u0131na atfen Muhammediye ad\u0131n\u0131 verdi\u011fi matematik kitab\u0131d\u0131r. \ufffcTan\u0131t\u0131m Metni<\/p>\n","protected":false},"excerpt":{"rendered":"<p>15. y\u00fczy\u0131lda ya\u015fam\u0131\u015f \u00f6nemli bir astronomi ve matematik bilginidir. Babas\u0131 Timur&#8217;un torunu olan Ulu\u011f Bey&#8217;in Do\u011fanc\u0131 Ba\u015f\u0131s\u0131 idi. Ku\u015f\u00e7u lakab\u0131 buradan gelmektedir. Ali Ku\u015f\u00e7u, Semerkand&#8217;da do\u011fmu\u015f<span class=\"excerpt-hellip\"> [\u2026]<\/span><\/p>\n","protected":false},"featured_media":0,"template":"","meta":{"_monsterinsights_skip_tracking":false,"_monsterinsights_sitenote_active":false,"_monsterinsights_sitenote_note":"","_monsterinsights_sitenote_category":0},"product_brand":[],"product_cat":[16789,12718,12719],"product_tag":[],"class_list":{"0":"post-705189","1":"product","2":"type-product","3":"status-publish","5":"product_cat-diger-islam","6":"product_cat-din","7":"product_cat-islam","8":"pa_tur-kitap","9":"pa_yayinevi-parola-yayinlari","10":"pa_yazar-ali-kuzu","12":"first","13":"instock","14":"sale","15":"shipping-taxable","16":"purchasable","17":"product-type-simple"},"_links":{"self":[{"href":"https:\/\/roveyayinevi.com.tr\/index.php\/wp-json\/wp\/v2\/product\/705189","targetHints":{"allow":["GET"]}}],"collection":[{"href":"https:\/\/roveyayinevi.com.tr\/index.php\/wp-json\/wp\/v2\/product"}],"about":[{"href":"https:\/\/roveyayinevi.com.tr\/index.php\/wp-json\/wp\/v2\/types\/product"}],"wp:attachment":[{"href":"https:\/\/roveyayinevi.com.tr\/index.php\/wp-json\/wp\/v2\/media?parent=705189"}],"wp:term":[{"taxonomy":"product_brand","embeddable":true,"href":"https:\/\/roveyayinevi.com.tr\/index.php\/wp-json\/wp\/v2\/product_brand?post=705189"},{"taxonomy":"product_cat","embeddable":true,"href":"https:\/\/roveyayinevi.com.tr\/index.php\/wp-json\/wp\/v2\/product_cat?post=705189"},{"taxonomy":"product_tag","embeddable":true,"href":"https:\/\/roveyayinevi.com.tr\/index.php\/wp-json\/wp\/v2\/product_tag?post=705189"}],"curies":[{"name":"wp","href":"https:\/\/api.w.org\/{rel}","templated":true}]}}