{"id":705188,"date":"2025-08-27T15:43:07","date_gmt":"2025-08-27T12:43:07","guid":{"rendered":"https:\/\/roveyayinevi.com.tr\/index.php\/urun\/uluslararasi-iliskiler\/"},"modified":"2026-04-16T02:14:01","modified_gmt":"2026-04-15T23:14:01","slug":"uluslararasi-iliskiler","status":"publish","type":"product","link":"https:\/\/roveyayinevi.com.tr\/index.php\/urun\/uluslararasi-iliskiler\/","title":{"rendered":"Uluslararas\u0131 \u0130li\u015fkiler"},"content":{"rendered":"<p>Michael Roskin\u2019in e\u015fsiz ve merak uyand\u0131r\u0131c\u0131 bak\u0131\u015f a\u00e7\u0131s\u0131yla kaleme ald\u0131\u011f\u0131 Uluslararas\u0131 \u0130li\u015fkiler, do\u011frudan ve aya\u011f\u0131 yere basan yakla\u015f\u0131m\u0131yla \u00e7a\u011fda\u015f uluslararas\u0131 ili\u015fkiler hakk\u0131nda \u00f6\u011frencileri bilgilendiriyor. Uluslararas\u0131 sistemin geli\u015fimini ve de gelece\u011fini de\u011ferlendirmek i\u00e7in temel teorik konular\u0131 ele al\u0131rken ayn\u0131 zamanda d\u00fcnya tarihindeki kilit olaylar\u0131n da bir nevi haritas\u0131n\u0131 \u00e7\u0131kar\u0131yor. Uluslararas\u0131 \u0130li\u015fkiler k\u00fcresel akt\u00f6rlerin davran\u0131\u015flar\u0131 \u00fczerinden daha kapsaml\u0131 konular\u0131 yorumlayarak, k\u00fcreselle\u015fme \u00e7a\u011f\u0131nda kar\u015f\u0131la\u015f\u0131lan zorluklar hakk\u0131nda \u00f6\u011frencilerin ele\u015ftirel \u015fekilde d\u00fc\u015f\u00fcnmelerine yard\u0131mc\u0131 oluyor. Roskin ve Berry, sadece teorik soyutlamaya ba\u011fl\u0131 kalmadan, uluslararas\u0131 ili\u015fkiler ve d\u0131\u015f politikay\u0131 temsil\u00ee demokrasimizin ayr\u0131lmaz bir b\u00fct\u00fcn\u00fc olan vatanda\u015flarla ili\u015fkilendirerek \u00f6\u011frencilerimin bu konuya d\u00e2ir bilmeleri gereken her \u015feyi \u00f6\u011frenmelerini sa\u011fl\u0131yor.David Zimny, Los Medanos College <\/p>\n","protected":false},"excerpt":{"rendered":"<p>Michael Roskin\u2019in e\u015fsiz ve merak uyand\u0131r\u0131c\u0131 bak\u0131\u015f a\u00e7\u0131s\u0131yla kaleme ald\u0131\u011f\u0131 Uluslararas\u0131 \u0130li\u015fkiler, do\u011frudan ve aya\u011f\u0131 yere basan yakla\u015f\u0131m\u0131yla \u00e7a\u011fda\u015f uluslararas\u0131 ili\u015fkiler hakk\u0131nda \u00f6\u011frencileri bilgilendiriyor. Uluslararas\u0131 sistemin<span class=\"excerpt-hellip\"> [\u2026]<\/span><\/p>\n","protected":false},"featured_media":0,"template":"","meta":{"_monsterinsights_skip_tracking":false,"_monsterinsights_sitenote_active":false,"_monsterinsights_sitenote_note":"","_monsterinsights_sitenote_category":0},"product_brand":[],"product_cat":[12337,17225],"product_tag":[],"class_list":{"0":"post-705188","1":"product","2":"type-product","3":"status-publish","5":"product_cat-politika-siyaset","6":"product_cat-uluslararasi-iliskiler","7":"pa_cilt-ciltsiz","8":"pa_tur-kitap","9":"pa_yayinevi-adres-yayinlari","10":"pa_yazar-nicholas-berry","12":"first","13":"instock","14":"sale","15":"shipping-taxable","16":"purchasable","17":"product-type-simple"},"_links":{"self":[{"href":"https:\/\/roveyayinevi.com.tr\/index.php\/wp-json\/wp\/v2\/product\/705188","targetHints":{"allow":["GET"]}}],"collection":[{"href":"https:\/\/roveyayinevi.com.tr\/index.php\/wp-json\/wp\/v2\/product"}],"about":[{"href":"https:\/\/roveyayinevi.com.tr\/index.php\/wp-json\/wp\/v2\/types\/product"}],"wp:attachment":[{"href":"https:\/\/roveyayinevi.com.tr\/index.php\/wp-json\/wp\/v2\/media?parent=705188"}],"wp:term":[{"taxonomy":"product_brand","embeddable":true,"href":"https:\/\/roveyayinevi.com.tr\/index.php\/wp-json\/wp\/v2\/product_brand?post=705188"},{"taxonomy":"product_cat","embeddable":true,"href":"https:\/\/roveyayinevi.com.tr\/index.php\/wp-json\/wp\/v2\/product_cat?post=705188"},{"taxonomy":"product_tag","embeddable":true,"href":"https:\/\/roveyayinevi.com.tr\/index.php\/wp-json\/wp\/v2\/product_tag?post=705188"}],"curies":[{"name":"wp","href":"https:\/\/api.w.org\/{rel}","templated":true}]}}