{"id":705184,"date":"2025-08-27T15:43:05","date_gmt":"2025-08-27T12:43:05","guid":{"rendered":"https:\/\/roveyayinevi.com.tr\/index.php\/urun\/cesur-tonti\/"},"modified":"2026-04-16T02:14:01","modified_gmt":"2026-04-15T23:14:01","slug":"cesur-tonti","status":"publish","type":"product","link":"https:\/\/roveyayinevi.com.tr\/index.php\/urun\/cesur-tonti\/","title":{"rendered":"Cesur Tonti"},"content":{"rendered":"<p>Tonti, cesur mu cesur bir pirin\u00e7 tanesi. Kocaman bir tepside pirin\u00e7lerle ve bu\u011fdaylar, nohutlar, kuru fasulyelerle birlikte ya\u015f\u0131yor. Ancak bir g\u00fcn oradan gitmeye karar veriyor ve tepsiden atlad\u0131\u011f\u0131 gibi yola koyuluyor. Tonti&#8217;nin hayali, halk\u0131n\u0131n sevgi dolu, \u00e7al\u0131\u015fkan ve mutlu oldu\u011fu bir yere gitmek. Ona bu yolculu\u011funda kar\u0131ncalar, u\u00e7 u\u00e7 b\u00f6cekleri, \u00f6r\u00fcmcekler ve t\u0131rt\u0131llar e\u015flik ediyor. Bakal\u0131m Tonti hayaline kavu\u015fabilecek mi? \ufffcTan\u0131t\u0131m Metni<\/p>\n","protected":false},"excerpt":{"rendered":"<p>Tonti, cesur mu cesur bir pirin\u00e7 tanesi. Kocaman bir tepside pirin\u00e7lerle ve bu\u011fdaylar, nohutlar, kuru fasulyelerle birlikte ya\u015f\u0131yor. Ancak bir g\u00fcn oradan gitmeye karar veriyor ve<span class=\"excerpt-hellip\"> [\u2026]<\/span><\/p>\n","protected":false},"featured_media":0,"template":"","meta":{"_monsterinsights_skip_tracking":false,"_monsterinsights_sitenote_active":false,"_monsterinsights_sitenote_note":"","_monsterinsights_sitenote_category":0},"product_brand":[],"product_cat":[12913,12274],"product_tag":[],"class_list":{"0":"post-705184","1":"product","2":"type-product","3":"status-publish","5":"product_cat-3-6-yas-kitaplari","6":"product_cat-cocuk-ve-genclik-kitaplari","7":"pa_cilt-ciltsiz","8":"pa_tur-kitap","9":"pa_yayinevi-timas-cocuk","10":"pa_yazar-sokuh-gasemnia","12":"first","13":"instock","14":"sale","15":"shipping-taxable","16":"purchasable","17":"product-type-simple"},"_links":{"self":[{"href":"https:\/\/roveyayinevi.com.tr\/index.php\/wp-json\/wp\/v2\/product\/705184","targetHints":{"allow":["GET"]}}],"collection":[{"href":"https:\/\/roveyayinevi.com.tr\/index.php\/wp-json\/wp\/v2\/product"}],"about":[{"href":"https:\/\/roveyayinevi.com.tr\/index.php\/wp-json\/wp\/v2\/types\/product"}],"wp:attachment":[{"href":"https:\/\/roveyayinevi.com.tr\/index.php\/wp-json\/wp\/v2\/media?parent=705184"}],"wp:term":[{"taxonomy":"product_brand","embeddable":true,"href":"https:\/\/roveyayinevi.com.tr\/index.php\/wp-json\/wp\/v2\/product_brand?post=705184"},{"taxonomy":"product_cat","embeddable":true,"href":"https:\/\/roveyayinevi.com.tr\/index.php\/wp-json\/wp\/v2\/product_cat?post=705184"},{"taxonomy":"product_tag","embeddable":true,"href":"https:\/\/roveyayinevi.com.tr\/index.php\/wp-json\/wp\/v2\/product_tag?post=705184"}],"curies":[{"name":"wp","href":"https:\/\/api.w.org\/{rel}","templated":true}]}}