{"id":705182,"date":"2025-08-27T15:43:05","date_gmt":"2025-08-27T12:43:05","guid":{"rendered":"https:\/\/roveyayinevi.com.tr\/index.php\/urun\/para-agacta-yetismiyor-hayat-dersleri\/"},"modified":"2026-04-16T02:14:01","modified_gmt":"2026-04-15T23:14:01","slug":"para-agacta-yetismiyor-hayat-dersleri","status":"publish","type":"product","link":"https:\/\/roveyayinevi.com.tr\/index.php\/urun\/para-agacta-yetismiyor-hayat-dersleri\/","title":{"rendered":"Para A\u011fa\u00e7ta Yeti\u015fmiyor -Hayat Dersleri"},"content":{"rendered":"<p>G\u00f6zlerime inanam\u0131yorum! Parktaki t\u00fcm a\u011fa\u00e7lar\u0131n dallar\u0131ndan paralar sark\u0131yor. Aman ne g\u00fczel! \u00c7al\u0131\u015fmak ve para biriktirmek zorunda kalmadan istedi\u011fimiz her \u015feyi alabilmek bana r\u00fcya gibi geldi. Ama acaba bu r\u00fcya hep ayn\u0131 m\u0131 kalacak? <\/p>\n","protected":false},"excerpt":{"rendered":"<p>G\u00f6zlerime inanam\u0131yorum! Parktaki t\u00fcm a\u011fa\u00e7lar\u0131n dallar\u0131ndan paralar sark\u0131yor. Aman ne g\u00fczel! \u00c7al\u0131\u015fmak ve para biriktirmek zorunda kalmadan istedi\u011fimiz her \u015feyi alabilmek bana r\u00fcya gibi geldi. Ama<span class=\"excerpt-hellip\"> [\u2026]<\/span><\/p>\n","protected":false},"featured_media":0,"template":"","meta":{"_monsterinsights_skip_tracking":false,"_monsterinsights_sitenote_active":false,"_monsterinsights_sitenote_note":"","_monsterinsights_sitenote_category":0},"product_brand":[],"product_cat":[12274,12518],"product_tag":[],"class_list":{"0":"post-705182","1":"product","2":"type-product","3":"status-publish","5":"product_cat-cocuk-ve-genclik-kitaplari","6":"product_cat-okul-oncesi-kitaplar","7":"pa_cilt-ciltsiz","8":"pa_tur-kitap","9":"pa_yayinevi-dogan-egmont-yayincilik","10":"pa_yazar-jennifer-moore-mallinos","12":"first","13":"instock","14":"sale","15":"shipping-taxable","16":"purchasable","17":"product-type-simple"},"_links":{"self":[{"href":"https:\/\/roveyayinevi.com.tr\/index.php\/wp-json\/wp\/v2\/product\/705182","targetHints":{"allow":["GET"]}}],"collection":[{"href":"https:\/\/roveyayinevi.com.tr\/index.php\/wp-json\/wp\/v2\/product"}],"about":[{"href":"https:\/\/roveyayinevi.com.tr\/index.php\/wp-json\/wp\/v2\/types\/product"}],"wp:attachment":[{"href":"https:\/\/roveyayinevi.com.tr\/index.php\/wp-json\/wp\/v2\/media?parent=705182"}],"wp:term":[{"taxonomy":"product_brand","embeddable":true,"href":"https:\/\/roveyayinevi.com.tr\/index.php\/wp-json\/wp\/v2\/product_brand?post=705182"},{"taxonomy":"product_cat","embeddable":true,"href":"https:\/\/roveyayinevi.com.tr\/index.php\/wp-json\/wp\/v2\/product_cat?post=705182"},{"taxonomy":"product_tag","embeddable":true,"href":"https:\/\/roveyayinevi.com.tr\/index.php\/wp-json\/wp\/v2\/product_tag?post=705182"}],"curies":[{"name":"wp","href":"https:\/\/api.w.org\/{rel}","templated":true}]}}