{"id":705181,"date":"2025-08-27T15:43:04","date_gmt":"2025-08-27T12:43:04","guid":{"rendered":"https:\/\/roveyayinevi.com.tr\/index.php\/urun\/goz\/"},"modified":"2026-04-16T02:14:01","modified_gmt":"2026-04-15T23:14:01","slug":"goz","status":"publish","type":"product","link":"https:\/\/roveyayinevi.com.tr\/index.php\/urun\/goz\/","title":{"rendered":"G\u00f6z"},"content":{"rendered":"<p>\u00dcrk\u00fct\u00fcc\u00fc ve korkun\u00e7&#8230; bu roman\u0131 elinizden b\u0131rakamayacaks\u0131n\u0131z. &#8211; Chicago Tribune Kan\u0131n\u0131z\u0131n dondu\u011funu hissedeceksiniz&#8230; &#8211; New York Times T\u00fcyler \u00fcrpertici ve korku dolu! &#8211; Pittsburgh Post Gazette \ufffcTan\u0131t\u0131m Metni<\/p>\n","protected":false},"excerpt":{"rendered":"<p>\u00dcrk\u00fct\u00fcc\u00fc ve korkun\u00e7&#8230; bu roman\u0131 elinizden b\u0131rakamayacaks\u0131n\u0131z. &#8211; Chicago Tribune Kan\u0131n\u0131z\u0131n dondu\u011funu hissedeceksiniz&#8230; &#8211; New York Times T\u00fcyler \u00fcrpertici ve korku dolu! &#8211; Pittsburgh Post Gazette<span class=\"excerpt-hellip\"> [\u2026]<\/span><\/p>\n","protected":false},"featured_media":0,"template":"","meta":{"_monsterinsights_skip_tracking":false,"_monsterinsights_sitenote_active":false,"_monsterinsights_sitenote_note":"","_monsterinsights_sitenote_category":0},"product_brand":[],"product_cat":[12803,12291],"product_tag":[],"class_list":{"0":"post-705181","1":"product","2":"type-product","3":"status-publish","5":"product_cat-aksiyon-macera","6":"product_cat-edebiyat","7":"pa_cilt-ciltsiz","8":"pa_tur-kitap","9":"pa_yayinevi-altin-kitaplar","10":"pa_yazar-stephen-king","12":"first","13":"instock","14":"sale","15":"shipping-taxable","16":"purchasable","17":"product-type-simple"},"_links":{"self":[{"href":"https:\/\/roveyayinevi.com.tr\/index.php\/wp-json\/wp\/v2\/product\/705181","targetHints":{"allow":["GET"]}}],"collection":[{"href":"https:\/\/roveyayinevi.com.tr\/index.php\/wp-json\/wp\/v2\/product"}],"about":[{"href":"https:\/\/roveyayinevi.com.tr\/index.php\/wp-json\/wp\/v2\/types\/product"}],"wp:attachment":[{"href":"https:\/\/roveyayinevi.com.tr\/index.php\/wp-json\/wp\/v2\/media?parent=705181"}],"wp:term":[{"taxonomy":"product_brand","embeddable":true,"href":"https:\/\/roveyayinevi.com.tr\/index.php\/wp-json\/wp\/v2\/product_brand?post=705181"},{"taxonomy":"product_cat","embeddable":true,"href":"https:\/\/roveyayinevi.com.tr\/index.php\/wp-json\/wp\/v2\/product_cat?post=705181"},{"taxonomy":"product_tag","embeddable":true,"href":"https:\/\/roveyayinevi.com.tr\/index.php\/wp-json\/wp\/v2\/product_tag?post=705181"}],"curies":[{"name":"wp","href":"https:\/\/api.w.org\/{rel}","templated":true}]}}