{"id":705175,"date":"2025-08-27T15:43:01","date_gmt":"2025-08-27T12:43:01","guid":{"rendered":"https:\/\/roveyayinevi.com.tr\/index.php\/urun\/otonom-medya\/"},"modified":"2026-04-16T02:14:00","modified_gmt":"2026-04-15T23:14:00","slug":"otonom-medya","status":"publish","type":"product","link":"https:\/\/roveyayinevi.com.tr\/index.php\/urun\/otonom-medya\/","title":{"rendered":"Otonom Medya"},"content":{"rendered":"<p>\u201cLanglois ve Dubois, g\u00fcncel k\u00fcresel adalet\/alternatif k\u00fcreselle\u015fme hareketleri i\u00e7erisindeki ileti\u015fime dair en son geli\u015fmeleri ve en yo\u011fun tart\u0131\u015fmalar\u0131 yakal\u0131yorlar.\u201d <\/p>\n","protected":false},"excerpt":{"rendered":"<p>\u201cLanglois ve Dubois, g\u00fcncel k\u00fcresel adalet\/alternatif k\u00fcreselle\u015fme hareketleri i\u00e7erisindeki ileti\u015fime dair en son geli\u015fmeleri ve en yo\u011fun tart\u0131\u015fmalar\u0131 yakal\u0131yorlar.\u201d<\/p>\n","protected":false},"featured_media":0,"template":"","meta":{"_monsterinsights_skip_tracking":false,"_monsterinsights_sitenote_active":false,"_monsterinsights_sitenote_note":"","_monsterinsights_sitenote_category":0},"product_brand":[],"product_cat":[13072,12291],"product_tag":[],"class_list":{"0":"post-705175","1":"product","2":"type-product","3":"status-publish","5":"product_cat-arastirma-inceleme-referans","6":"product_cat-edebiyat","7":"pa_tur-kitap","8":"pa_yayinevi-kafka-yayinevi","9":"pa_yazar-frederic-dubois","11":"first","12":"instock","13":"sale","14":"shipping-taxable","15":"purchasable","16":"product-type-simple"},"_links":{"self":[{"href":"https:\/\/roveyayinevi.com.tr\/index.php\/wp-json\/wp\/v2\/product\/705175","targetHints":{"allow":["GET"]}}],"collection":[{"href":"https:\/\/roveyayinevi.com.tr\/index.php\/wp-json\/wp\/v2\/product"}],"about":[{"href":"https:\/\/roveyayinevi.com.tr\/index.php\/wp-json\/wp\/v2\/types\/product"}],"wp:attachment":[{"href":"https:\/\/roveyayinevi.com.tr\/index.php\/wp-json\/wp\/v2\/media?parent=705175"}],"wp:term":[{"taxonomy":"product_brand","embeddable":true,"href":"https:\/\/roveyayinevi.com.tr\/index.php\/wp-json\/wp\/v2\/product_brand?post=705175"},{"taxonomy":"product_cat","embeddable":true,"href":"https:\/\/roveyayinevi.com.tr\/index.php\/wp-json\/wp\/v2\/product_cat?post=705175"},{"taxonomy":"product_tag","embeddable":true,"href":"https:\/\/roveyayinevi.com.tr\/index.php\/wp-json\/wp\/v2\/product_tag?post=705175"}],"curies":[{"name":"wp","href":"https:\/\/api.w.org\/{rel}","templated":true}]}}