{"id":705174,"date":"2025-08-27T15:43:01","date_gmt":"2025-08-27T12:43:01","guid":{"rendered":"https:\/\/roveyayinevi.com.tr\/index.php\/urun\/nefes-bir-karar\/"},"modified":"2026-04-16T02:14:00","modified_gmt":"2026-04-15T23:14:00","slug":"nefes-bir-karar","status":"publish","type":"product","link":"https:\/\/roveyayinevi.com.tr\/index.php\/urun\/nefes-bir-karar\/","title":{"rendered":"Nefes &#8211; Bir Karar"},"content":{"rendered":"<p>Thomas Bernhard hayat\u0131n\u0131n d\u00f6n\u00fcm noktalar\u0131n\u0131 sak\u0131nmas\u0131zca a\u00e7t\u0131\u011f\u0131 otobiyografik be\u015flemesinin \u00fc\u00e7\u00fcnc\u00fc kitab\u0131 Nefes \u2013 Bir Karar\u2019da, yine \u00f6nemli bir kesite tan\u0131k ediyor okuru. Adeta \u00f6l\u00fcm\u00fcne \u00e7al\u0131\u015ft\u0131\u011f\u0131 Kiler\u2019den a\u011f\u0131r bir hastal\u0131k nedeniyle kopmak zorunda kalan gen\u00e7 Thomas kendini, b\u00fct\u00fcn entelekt\u00fcel geli\u015fimini bor\u00e7lu oldu\u011fu dedesinin yat\u0131r\u0131ld\u0131\u011f\u0131 hastanede bir \u00f6l\u00fcm ko\u011fu\u015funda bulur. Hayat\u0131n\u0131n son demlerini ya\u015fayanlar ve \u00fcmitsiz vakalar aras\u0131nda, hem kendisinin hem de ailesinde tek ileti\u015fim kurabildi\u011fi insan\u0131n \u00f6l\u00fcm\u00fcn\u00fc \u00e7aresizce beklemek onda onulmaz yaralar a\u00e7m\u0131\u015ft\u0131r. Psikolojik \u00e7\u00f6k\u00fcnt\u00fc ve fiziksel a\u011fr\u0131larla bo\u011fu\u015fmak, bir s\u00fcre sonra varolu\u015funa ve gelece\u011fine dair fikirlerinde yepyeni de\u011fi\u015fimleri getirecektir.\ufffcTan\u0131t\u0131m Metni<\/p>\n","protected":false},"excerpt":{"rendered":"<p>Thomas Bernhard hayat\u0131n\u0131n d\u00f6n\u00fcm noktalar\u0131n\u0131 sak\u0131nmas\u0131zca a\u00e7t\u0131\u011f\u0131 otobiyografik be\u015flemesinin \u00fc\u00e7\u00fcnc\u00fc kitab\u0131 Nefes \u2013 Bir Karar\u2019da, yine \u00f6nemli bir kesite tan\u0131k ediyor okuru. Adeta \u00f6l\u00fcm\u00fcne \u00e7al\u0131\u015ft\u0131\u011f\u0131 Kiler\u2019den<span class=\"excerpt-hellip\"> [\u2026]<\/span><\/p>\n","protected":false},"featured_media":0,"template":"","meta":{"_monsterinsights_skip_tracking":false,"_monsterinsights_sitenote_active":false,"_monsterinsights_sitenote_note":"","_monsterinsights_sitenote_category":0},"product_brand":[],"product_cat":[12777,12291],"product_tag":[],"class_list":{"0":"post-705174","1":"product","2":"type-product","3":"status-publish","5":"product_cat-deneme","6":"product_cat-edebiyat","7":"pa_cilt-ciltsiz","8":"pa_tur-kitap","9":"pa_yayinevi-sel-yayincilik","10":"pa_yazar-thomas-bernhard","12":"first","13":"instock","14":"sale","15":"shipping-taxable","16":"purchasable","17":"product-type-simple"},"_links":{"self":[{"href":"https:\/\/roveyayinevi.com.tr\/index.php\/wp-json\/wp\/v2\/product\/705174","targetHints":{"allow":["GET"]}}],"collection":[{"href":"https:\/\/roveyayinevi.com.tr\/index.php\/wp-json\/wp\/v2\/product"}],"about":[{"href":"https:\/\/roveyayinevi.com.tr\/index.php\/wp-json\/wp\/v2\/types\/product"}],"wp:attachment":[{"href":"https:\/\/roveyayinevi.com.tr\/index.php\/wp-json\/wp\/v2\/media?parent=705174"}],"wp:term":[{"taxonomy":"product_brand","embeddable":true,"href":"https:\/\/roveyayinevi.com.tr\/index.php\/wp-json\/wp\/v2\/product_brand?post=705174"},{"taxonomy":"product_cat","embeddable":true,"href":"https:\/\/roveyayinevi.com.tr\/index.php\/wp-json\/wp\/v2\/product_cat?post=705174"},{"taxonomy":"product_tag","embeddable":true,"href":"https:\/\/roveyayinevi.com.tr\/index.php\/wp-json\/wp\/v2\/product_tag?post=705174"}],"curies":[{"name":"wp","href":"https:\/\/api.w.org\/{rel}","templated":true}]}}