{"id":705171,"date":"2025-08-27T15:43:00","date_gmt":"2025-08-27T12:43:00","guid":{"rendered":"https:\/\/roveyayinevi.com.tr\/index.php\/urun\/alman-kisi\/"},"modified":"2026-04-16T02:14:00","modified_gmt":"2026-04-15T23:14:00","slug":"alman-kisi","status":"publish","type":"product","link":"https:\/\/roveyayinevi.com.tr\/index.php\/urun\/alman-kisi\/","title":{"rendered":"Alman K\u0131\u015f\u0131"},"content":{"rendered":"<p>Almanya, 4 Kas\u0131m 2011\u2019de hi\u00e7 beklemedi\u011fi bir olayla sars\u0131ld\u0131. Eski Do\u011fu Almanya\u2019n\u0131n Eisenach kasabas\u0131nda bir karavan\u0131n i\u00e7inde intihar eden iki gen\u00e7 adam, ayn\u0131 g\u00fcn Zwickau\u2019da bombayla tahrip edilen bir ev ve bundan birka\u00e7 g\u00fcn sonra polise teslim olan bir gen\u00e7 kad\u0131n, 2000 y\u0131l\u0131ndan beri i\u015flenen 10 cinayetin ayd\u0131nl\u0131\u011fa kavu\u015fmas\u0131 s\u00fcrecini ba\u015flatt\u0131. Sekiz T\u00fcrk, bir Yunanl\u0131 ve bir Alman polis memurunun hayat\u0131n\u0131 kaybetti\u011fi bu cinayetler ad\u0131n\u0131n Nasyonal Sosyalist Yeralt\u0131 oldu\u011fu anla\u015f\u0131lan bir \u0131rk\u00e7\u0131 ter\u00f6r \u00f6rg\u00fct\u00fcn\u00fcn marifetiydi. Almanya, ilk kez \u00f6rg\u00fctl\u00fc \u0131rk\u00e7\u0131 ter\u00f6r olgusuyla kar\u015f\u0131la\u015fm\u0131\u015ft\u0131. Ger\u00e7i \u0131rk\u00e7\u0131 katiller ilk kez cinayet i\u015fliyor de\u011fillerdi. Fakat \u00f6rg\u00fctl\u00fc sa\u011f ter\u00f6rle yeni kar\u015f\u0131la\u015f\u0131lm\u0131\u015ft\u0131 ve soru\u015fturmalar s\u0131ras\u0131nda g\u00fcvenlik ve istihbarat makamlar\u0131n\u0131n y\u0131llar boyu s\u00fcren hatalar\u0131 ortaya \u00e7\u0131kt\u0131. Siyaset kurumunun, kamuoyunu y\u00f6nlendiren kanaat \u00f6nderlerinin ve medyan\u0131n bir demokratik hukuk devletinde inan\u0131lmas\u0131 g\u00fc\u00e7 hatalara nas\u0131l neden olduklar\u0131 hayretle g\u00f6r\u00fcld\u00fc. Soru\u015fturma ad\u0131na kurbanlar\u0131n ailelerine yap\u0131lan haks\u0131z muamele, \u0131rk\u00e7\u0131 katillerin adeta yakalanmamas\u0131 i\u00e7in g\u00f6sterilen gayretler ve m\u00fcthi\u015f bir vurdumduymazl\u0131k t\u00fcyleri \u00fcrpertici bir hal ald\u0131. Almanya\u2019da ve di\u011fer Avrupa \u00fclkelerinde \u00f6zellikle g\u00f6\u00e7men k\u00f6kenlileri hedef alan \u0131rk\u00e7\u0131l\u0131k hangi kaynaktan besleniyor ve nas\u0131l bir boyut alm\u0131\u015f durumda? Demokratik hukuk devletinde bu g\u00fcn\u00fcm\u00fcz\u00fcn \u00e7a\u011fd\u0131\u015f\u0131 belas\u0131yla nas\u0131l m\u00fccadele edilmeli? Bu geli\u015fmeler T\u00fcrkiye ile Almanya aras\u0131ndaki ili\u015fkileri ne \u00f6l\u00e7\u00fcde etkilemekte? Alman K\u0131\u015f\u0131, Almanya\u2019daki \u0131rk\u00e7\u0131l\u0131\u011f\u0131n arkas\u0131ndakileri a\u00e7\u0131\u011fa kavu\u015fturmak i\u00e7in yaz\u0131ld\u0131. <\/p>\n","protected":false},"excerpt":{"rendered":"<p>Almanya, 4 Kas\u0131m 2011\u2019de hi\u00e7 beklemedi\u011fi bir olayla sars\u0131ld\u0131. Eski Do\u011fu Almanya\u2019n\u0131n Eisenach kasabas\u0131nda bir karavan\u0131n i\u00e7inde intihar eden iki gen\u00e7 adam, ayn\u0131 g\u00fcn Zwickau\u2019da bombayla<span class=\"excerpt-hellip\"> [\u2026]<\/span><\/p>\n","protected":false},"featured_media":0,"template":"","meta":{"_monsterinsights_skip_tracking":false,"_monsterinsights_sitenote_active":false,"_monsterinsights_sitenote_note":"","_monsterinsights_sitenote_category":0},"product_brand":[],"product_cat":[12325,12324],"product_tag":[],"class_list":{"0":"post-705171","1":"product","2":"type-product","3":"status-publish","5":"product_cat-diger-sosyoloji","6":"product_cat-sosyoloji","7":"pa_cilt-ciltsiz","8":"pa_tur-kitap","9":"pa_yayinevi-nika-yayinevi","10":"pa_yazar-o-can-unver","12":"first","13":"instock","14":"sale","15":"shipping-taxable","16":"purchasable","17":"product-type-simple"},"_links":{"self":[{"href":"https:\/\/roveyayinevi.com.tr\/index.php\/wp-json\/wp\/v2\/product\/705171","targetHints":{"allow":["GET"]}}],"collection":[{"href":"https:\/\/roveyayinevi.com.tr\/index.php\/wp-json\/wp\/v2\/product"}],"about":[{"href":"https:\/\/roveyayinevi.com.tr\/index.php\/wp-json\/wp\/v2\/types\/product"}],"wp:attachment":[{"href":"https:\/\/roveyayinevi.com.tr\/index.php\/wp-json\/wp\/v2\/media?parent=705171"}],"wp:term":[{"taxonomy":"product_brand","embeddable":true,"href":"https:\/\/roveyayinevi.com.tr\/index.php\/wp-json\/wp\/v2\/product_brand?post=705171"},{"taxonomy":"product_cat","embeddable":true,"href":"https:\/\/roveyayinevi.com.tr\/index.php\/wp-json\/wp\/v2\/product_cat?post=705171"},{"taxonomy":"product_tag","embeddable":true,"href":"https:\/\/roveyayinevi.com.tr\/index.php\/wp-json\/wp\/v2\/product_tag?post=705171"}],"curies":[{"name":"wp","href":"https:\/\/api.w.org\/{rel}","templated":true}]}}