{"id":705167,"date":"2025-08-27T15:42:58","date_gmt":"2025-08-27T12:42:58","guid":{"rendered":"https:\/\/roveyayinevi.com.tr\/index.php\/urun\/caliskan-karincalar-ile-tanisalim\/"},"modified":"2026-04-16T02:14:00","modified_gmt":"2026-04-15T23:14:00","slug":"caliskan-karincalar-ile-tanisalim","status":"publish","type":"product","link":"https:\/\/roveyayinevi.com.tr\/index.php\/urun\/caliskan-karincalar-ile-tanisalim\/","title":{"rendered":"\u00c7al\u0131\u015fkan Kar\u0131ncalar ile Tan\u0131\u015fal\u0131m"},"content":{"rendered":"<p>Sevimli Hayvanlar miniklere hayvanlar\u0131 \u00e7izgi kahramanlar e\u015fli\u011finde tan\u0131tmak, sevdirmek amac\u0131yla haz\u0131rland\u0131. 10 kitaptan olu\u015fan bu dizide minikler, do\u011fadaki bir\u00e7ok hayvan\u0131n sevimli karakterlere b\u00fcr\u00fcnm\u00fc\u015f halini g\u00f6recek, hayvanlar\u0131n \u00f6zelliklerini \u00f6\u011frenecek ve k\u0131sa k\u0131sa masallar\u0131 keyifle dinleyecekler. \ufffcTan\u0131t\u0131m Metni<\/p>\n","protected":false},"excerpt":{"rendered":"<p>Sevimli Hayvanlar miniklere hayvanlar\u0131 \u00e7izgi kahramanlar e\u015fli\u011finde tan\u0131tmak, sevdirmek amac\u0131yla haz\u0131rland\u0131. 10 kitaptan olu\u015fan bu dizide minikler, do\u011fadaki bir\u00e7ok hayvan\u0131n sevimli karakterlere b\u00fcr\u00fcnm\u00fc\u015f halini g\u00f6recek, hayvanlar\u0131n<span class=\"excerpt-hellip\"> [\u2026]<\/span><\/p>\n","protected":false},"featured_media":0,"template":"","meta":{"_monsterinsights_skip_tracking":false,"_monsterinsights_sitenote_active":false,"_monsterinsights_sitenote_note":"","_monsterinsights_sitenote_category":0},"product_brand":[],"product_cat":[12274,12523],"product_tag":[],"class_list":{"0":"post-705167","1":"product","2":"type-product","3":"status-publish","5":"product_cat-cocuk-ve-genclik-kitaplari","6":"product_cat-masallar","7":"pa_tur-kitap","8":"pa_yayinevi-timas-cocuk","9":"pa_yazar-kolektif","11":"first","12":"instock","13":"sale","14":"shipping-taxable","15":"purchasable","16":"product-type-simple"},"_links":{"self":[{"href":"https:\/\/roveyayinevi.com.tr\/index.php\/wp-json\/wp\/v2\/product\/705167","targetHints":{"allow":["GET"]}}],"collection":[{"href":"https:\/\/roveyayinevi.com.tr\/index.php\/wp-json\/wp\/v2\/product"}],"about":[{"href":"https:\/\/roveyayinevi.com.tr\/index.php\/wp-json\/wp\/v2\/types\/product"}],"wp:attachment":[{"href":"https:\/\/roveyayinevi.com.tr\/index.php\/wp-json\/wp\/v2\/media?parent=705167"}],"wp:term":[{"taxonomy":"product_brand","embeddable":true,"href":"https:\/\/roveyayinevi.com.tr\/index.php\/wp-json\/wp\/v2\/product_brand?post=705167"},{"taxonomy":"product_cat","embeddable":true,"href":"https:\/\/roveyayinevi.com.tr\/index.php\/wp-json\/wp\/v2\/product_cat?post=705167"},{"taxonomy":"product_tag","embeddable":true,"href":"https:\/\/roveyayinevi.com.tr\/index.php\/wp-json\/wp\/v2\/product_tag?post=705167"}],"curies":[{"name":"wp","href":"https:\/\/api.w.org\/{rel}","templated":true}]}}