{"id":705166,"date":"2025-08-27T15:42:58","date_gmt":"2025-08-27T12:42:58","guid":{"rendered":"https:\/\/roveyayinevi.com.tr\/index.php\/urun\/dogum-gunu-pastasi\/"},"modified":"2026-04-16T02:14:00","modified_gmt":"2026-04-15T23:14:00","slug":"dogum-gunu-pastasi","status":"publish","type":"product","link":"https:\/\/roveyayinevi.com.tr\/index.php\/urun\/dogum-gunu-pastasi\/","title":{"rendered":"Do\u011fum G\u00fcn\u00fc Pastas\u0131"},"content":{"rendered":"<p>Ya\u015fl\u0131 Pettson g\u00fcnlerden bir g\u00fcn kedisi Findus\u2019a do\u011fum g\u00fcn\u00fc pastas\u0131 yapmak i\u00e7in kollar\u0131 s\u0131vam\u0131\u015f. Y\u0131lda \u00fc\u00e7 kez do\u011fum g\u00fcn\u00fc kutlayan Findus da ona her seferinde yard\u0131m edermi\u015f. Ancak o g\u00fcn i\u015fler pek de istedikleri gibi gitmemi\u015f. Kocaman bir bo\u011fayla, k\u0131r\u0131lan yumurtalarla ve patlam\u0131\u015f bir lastikle u\u011fra\u015fmalar\u0131 yetmezmi\u015f gibi bir de kaybolan anahtarlar\u0131n\u0131 bulmalar\u0131 gerekiyormu\u015f. Merakl\u0131 kom\u015fular\u0131 Gustavsson da olup bitenleri anlamaya \u00e7al\u0131\u015f\u0131yor, Pettson\u2019un yapt\u0131klar\u0131n\u0131 k\u00f6y\u00fcn di\u011fer sakinlerine anlatmak i\u00e7in sab\u0131rs\u0131zlan\u0131yormu\u015f&#8230; \ufffcTan\u0131t\u0131m Metni<\/p>\n","protected":false},"excerpt":{"rendered":"<p>Ya\u015fl\u0131 Pettson g\u00fcnlerden bir g\u00fcn kedisi Findus\u2019a do\u011fum g\u00fcn\u00fc pastas\u0131 yapmak i\u00e7in kollar\u0131 s\u0131vam\u0131\u015f. Y\u0131lda \u00fc\u00e7 kez do\u011fum g\u00fcn\u00fc kutlayan Findus da ona her seferinde yard\u0131m<span class=\"excerpt-hellip\"> [\u2026]<\/span><\/p>\n","protected":false},"featured_media":0,"template":"","meta":{"_monsterinsights_skip_tracking":false,"_monsterinsights_sitenote_active":false,"_monsterinsights_sitenote_note":"","_monsterinsights_sitenote_category":0},"product_brand":[],"product_cat":[12274,12284],"product_tag":[],"class_list":{"0":"post-705166","1":"product","2":"type-product","3":"status-publish","5":"product_cat-cocuk-ve-genclik-kitaplari","6":"product_cat-hikayeler","7":"pa_cilt-ciltli","8":"pa_tur-kitap","9":"pa_yayinevi-dinozor-cocuk","10":"pa_yazar-sven-nordqvist","12":"first","13":"instock","14":"sale","15":"shipping-taxable","16":"purchasable","17":"product-type-simple"},"_links":{"self":[{"href":"https:\/\/roveyayinevi.com.tr\/index.php\/wp-json\/wp\/v2\/product\/705166","targetHints":{"allow":["GET"]}}],"collection":[{"href":"https:\/\/roveyayinevi.com.tr\/index.php\/wp-json\/wp\/v2\/product"}],"about":[{"href":"https:\/\/roveyayinevi.com.tr\/index.php\/wp-json\/wp\/v2\/types\/product"}],"wp:attachment":[{"href":"https:\/\/roveyayinevi.com.tr\/index.php\/wp-json\/wp\/v2\/media?parent=705166"}],"wp:term":[{"taxonomy":"product_brand","embeddable":true,"href":"https:\/\/roveyayinevi.com.tr\/index.php\/wp-json\/wp\/v2\/product_brand?post=705166"},{"taxonomy":"product_cat","embeddable":true,"href":"https:\/\/roveyayinevi.com.tr\/index.php\/wp-json\/wp\/v2\/product_cat?post=705166"},{"taxonomy":"product_tag","embeddable":true,"href":"https:\/\/roveyayinevi.com.tr\/index.php\/wp-json\/wp\/v2\/product_tag?post=705166"}],"curies":[{"name":"wp","href":"https:\/\/api.w.org\/{rel}","templated":true}]}}