{"id":705165,"date":"2025-08-27T15:42:57","date_gmt":"2025-08-27T12:42:57","guid":{"rendered":"https:\/\/roveyayinevi.com.tr\/index.php\/urun\/caglara-uzananlar-turk-islam-tarihi-5\/"},"modified":"2026-04-16T02:14:00","modified_gmt":"2026-04-15T23:14:00","slug":"caglara-uzananlar-turk-islam-tarihi-5","status":"publish","type":"product","link":"https:\/\/roveyayinevi.com.tr\/index.php\/urun\/caglara-uzananlar-turk-islam-tarihi-5\/","title":{"rendered":"\u00c7a\u011flara Uzananlar &#8211; T\u00fcrk &#8211; \u0130slam Tarihi 5"},"content":{"rendered":"<p>\u00c7a\u011flara Uzananlar, b\u00fcy\u00fck bir co\u011frafyada etkin olan \u0130slam devletlerinin k\u00fclt\u00fcr ve uygarl\u0131k ad\u0131na d\u00fcnyaya katt\u0131\u011f\u0131 de\u011ferleri, \u0130slamiyetle birlikte Avrupa&#8217;dan Asya&#8217;ya uzanan geni\u015f co\u011frafyada k\u00fclt\u00fcrel geli\u015fimi ele al\u0131yor.Devlet y\u00f6netiminden ekonomik faaliyetlere, e\u011fitimden bilim ve sanata uzanan geli\u015fimler, Avrupa&#8217;n\u0131n karanl\u0131k y\u0131llar\u0131 olan Orta \u00c7a\u011f&#8217;da \u0130slam \u00fclkelerinin nas\u0131l bir ilim ve k\u00fclt\u00fcr merkezi h\u00e2line geldi\u011fi detaylar\u0131yla inceleniyor. <\/p>\n","protected":false},"excerpt":{"rendered":"<p>\u00c7a\u011flara Uzananlar, b\u00fcy\u00fck bir co\u011frafyada etkin olan \u0130slam devletlerinin k\u00fclt\u00fcr ve uygarl\u0131k ad\u0131na d\u00fcnyaya katt\u0131\u011f\u0131 de\u011ferleri, \u0130slamiyetle birlikte Avrupa&#8217;dan Asya&#8217;ya uzanan geni\u015f co\u011frafyada k\u00fclt\u00fcrel geli\u015fimi ele<span class=\"excerpt-hellip\"> [\u2026]<\/span><\/p>\n","protected":false},"featured_media":0,"template":"","meta":{"_monsterinsights_skip_tracking":false,"_monsterinsights_sitenote_active":false,"_monsterinsights_sitenote_note":"","_monsterinsights_sitenote_category":0},"product_brand":[],"product_cat":[12492,12274],"product_tag":[],"class_list":{"0":"post-705165","1":"product","2":"type-product","3":"status-publish","5":"product_cat-bilmece-bulmaca","6":"product_cat-cocuk-ve-genclik-kitaplari","7":"pa_cilt-ciltsiz","8":"pa_tur-kitap","9":"pa_yayinevi-genc-timas","10":"pa_yazar-metin-ozdamarlar","12":"first","13":"instock","14":"sale","15":"shipping-taxable","16":"purchasable","17":"product-type-simple"},"_links":{"self":[{"href":"https:\/\/roveyayinevi.com.tr\/index.php\/wp-json\/wp\/v2\/product\/705165","targetHints":{"allow":["GET"]}}],"collection":[{"href":"https:\/\/roveyayinevi.com.tr\/index.php\/wp-json\/wp\/v2\/product"}],"about":[{"href":"https:\/\/roveyayinevi.com.tr\/index.php\/wp-json\/wp\/v2\/types\/product"}],"wp:attachment":[{"href":"https:\/\/roveyayinevi.com.tr\/index.php\/wp-json\/wp\/v2\/media?parent=705165"}],"wp:term":[{"taxonomy":"product_brand","embeddable":true,"href":"https:\/\/roveyayinevi.com.tr\/index.php\/wp-json\/wp\/v2\/product_brand?post=705165"},{"taxonomy":"product_cat","embeddable":true,"href":"https:\/\/roveyayinevi.com.tr\/index.php\/wp-json\/wp\/v2\/product_cat?post=705165"},{"taxonomy":"product_tag","embeddable":true,"href":"https:\/\/roveyayinevi.com.tr\/index.php\/wp-json\/wp\/v2\/product_tag?post=705165"}],"curies":[{"name":"wp","href":"https:\/\/api.w.org\/{rel}","templated":true}]}}