{"id":705162,"date":"2025-08-27T15:42:56","date_gmt":"2025-08-27T12:42:56","guid":{"rendered":"https:\/\/roveyayinevi.com.tr\/index.php\/urun\/alternatif-medya-ve-direnis-siyaseti\/"},"modified":"2026-04-16T02:14:00","modified_gmt":"2026-04-15T23:14:00","slug":"alternatif-medya-ve-direnis-siyaseti","status":"publish","type":"product","link":"https:\/\/roveyayinevi.com.tr\/index.php\/urun\/alternatif-medya-ve-direnis-siyaseti\/","title":{"rendered":"Alternatif Medya ve Direni\u015f Siyaseti"},"content":{"rendered":"<p>Gazetecilik ve medya alanlar\u0131nda \u00e7al\u0131\u015fan akademisyenler alternatif medya \u00fcretiminin aktivistlerin muhalif faaliyetlerinin bir arac\u0131 olmas\u0131 meselesini ele almakta, ileti\u015fim alan\u0131ndaki akademisyenler ise egemen g\u00fc\u00e7 yap\u0131lar\u0131na kar\u015f\u0131 m\u00fccadele eden aktivistlerin performanslar\u0131 ve imgeleri \u00fczerine \u00e7al\u0131\u015fma y\u00fcr\u00fctmektedir. S\u00f6z konusu alanlar\u0131n bulgular\u0131, bug\u00fcne dek, birbirinden ayr\u0131 olarak ele al\u0131nm\u0131\u015f olsa da, art\u0131k her iki alandaki yakla\u015f\u0131mlar modern toplumlardaki toplumsal hareketlere ili\u015fkin akademik anlay\u0131\u015fa katk\u0131da bulunmaktad\u0131r. Bu noktada elinizdeki kitap, bu iki ara\u015ft\u0131rma alan\u0131n\u0131 sonu\u00e7ta bir araya getirmekle kalmay\u0131p, ayn\u0131 zamanda g\u00fcn\u00fcm\u00fcz aktivistlerinin g\u00fc\u00e7 yap\u0131lar\u0131na kar\u015f\u0131 g\u00f6sterdikleri direni\u015fin, alternatif medyadaki rol\u00fcn\u00fc g\u00f6zler \u00f6n\u00fcne sermektedir. Kitap \u00f6zellikle, yerel topluluklardaki aktivist a\u011flar\u0131n\u0131n olu\u015fumunda; a\u011f tabanl\u0131 aktivistlerin direni\u015f stratejilerinde ve alternatif medya \u00fcretimi ba\u011flam\u0131nda k\u00fcresel ve yerel a\u011flar\u0131n etkile\u015fiminde alternatifmedyan\u0131n rol\u00fcn\u00fc incelemektedir. <\/p>\n","protected":false},"excerpt":{"rendered":"<p>Gazetecilik ve medya alanlar\u0131nda \u00e7al\u0131\u015fan akademisyenler alternatif medya \u00fcretiminin aktivistlerin muhalif faaliyetlerinin bir arac\u0131 olmas\u0131 meselesini ele almakta, ileti\u015fim alan\u0131ndaki akademisyenler ise egemen g\u00fc\u00e7 yap\u0131lar\u0131na kar\u015f\u0131<span class=\"excerpt-hellip\"> [\u2026]<\/span><\/p>\n","protected":false},"featured_media":0,"template":"","meta":{"_monsterinsights_skip_tracking":false,"_monsterinsights_sitenote_active":false,"_monsterinsights_sitenote_note":"","_monsterinsights_sitenote_category":0},"product_brand":[],"product_cat":[13072,12291],"product_tag":[],"class_list":{"0":"post-705162","1":"product","2":"type-product","3":"status-publish","5":"product_cat-arastirma-inceleme-referans","6":"product_cat-edebiyat","7":"pa_cilt-ciltsiz","8":"pa_tur-kitap","9":"pa_yayinevi-kafka-yayinevi","10":"pa_yazar-joshua-d-atkinson","12":"first","13":"instock","14":"sale","15":"shipping-taxable","16":"purchasable","17":"product-type-simple"},"_links":{"self":[{"href":"https:\/\/roveyayinevi.com.tr\/index.php\/wp-json\/wp\/v2\/product\/705162","targetHints":{"allow":["GET"]}}],"collection":[{"href":"https:\/\/roveyayinevi.com.tr\/index.php\/wp-json\/wp\/v2\/product"}],"about":[{"href":"https:\/\/roveyayinevi.com.tr\/index.php\/wp-json\/wp\/v2\/types\/product"}],"wp:attachment":[{"href":"https:\/\/roveyayinevi.com.tr\/index.php\/wp-json\/wp\/v2\/media?parent=705162"}],"wp:term":[{"taxonomy":"product_brand","embeddable":true,"href":"https:\/\/roveyayinevi.com.tr\/index.php\/wp-json\/wp\/v2\/product_brand?post=705162"},{"taxonomy":"product_cat","embeddable":true,"href":"https:\/\/roveyayinevi.com.tr\/index.php\/wp-json\/wp\/v2\/product_cat?post=705162"},{"taxonomy":"product_tag","embeddable":true,"href":"https:\/\/roveyayinevi.com.tr\/index.php\/wp-json\/wp\/v2\/product_tag?post=705162"}],"curies":[{"name":"wp","href":"https:\/\/api.w.org\/{rel}","templated":true}]}}