{"id":705161,"date":"2025-08-27T15:42:55","date_gmt":"2025-08-27T12:42:55","guid":{"rendered":"https:\/\/roveyayinevi.com.tr\/index.php\/urun\/kaybetme\/"},"modified":"2026-04-16T02:14:00","modified_gmt":"2026-04-15T23:14:00","slug":"kaybetme","status":"publish","type":"product","link":"https:\/\/roveyayinevi.com.tr\/index.php\/urun\/kaybetme\/","title":{"rendered":"Kaybetme"},"content":{"rendered":"<p>Ba\u011flanma ve Kaybetme\u201d \u00fc\u00e7lemesinin son cildi olan Kaybetme \u00e7ocuklar\u0131n bir anne fig\u00fcr\u00fcn\u00fcn ge\u00e7ici veya kal\u0131c\u0131 kayb\u0131na verdikleri tepkileri ve ba\u011flanman\u0131n yap\u0131s\u0131n\u0131 irdeler. Bowlby, anne fig\u00fcr\u00fcnden ayr\u0131lmak zorunda kalan \u00e7ocuklara ve bu kayba e\u015flik eden kayg\u0131, h\u00fcz\u00fcn ve yas duygular\u0131na bakar. Ayr\u0131l\u0131k tecr\u00fcbesini ya\u015fayan b\u00fct\u00fcn \u00e7ocuklarda ortak bir bi\u00e7imde ortaya \u00e7\u0131kan \u00fc\u00e7 a\u015famal\u0131 bir davran\u0131\u015f dizisi tan\u0131mlar. Bu davran\u0131\u015flar protesto, umutsuzluk ve kopmad\u0131r. Ba\u011flanma fig\u00fcr\u00fcn\u00fcn geri d\u00f6n\u00fc\u015f\u00fcndeki davran\u0131\u015flar ise daha karma\u015f\u0131kt\u0131r ve \u00f6fke, reddetme veya yap\u0131\u015fmay\u0131 i\u00e7erebilir. Burada sunulan teoriler bir\u00e7ok bak\u0131mdan Freud\u2019un ve takip\u00e7ilerinin haz\u0131rlay\u0131p geli\u015ftirdi\u011fi teorilerden ayr\u0131l\u0131r, \u00f6yle ki ki\u015fili\u011fin geli\u015fimi ve psikopatolojiyi anlamak i\u00e7in yeni bir paradigma ortaya koyar.<\/p>\n","protected":false},"excerpt":{"rendered":"<p>Ba\u011flanma ve Kaybetme\u201d \u00fc\u00e7lemesinin son cildi olan Kaybetme \u00e7ocuklar\u0131n bir anne fig\u00fcr\u00fcn\u00fcn ge\u00e7ici veya kal\u0131c\u0131 kayb\u0131na verdikleri tepkileri ve ba\u011flanman\u0131n yap\u0131s\u0131n\u0131 irdeler. Bowlby, anne fig\u00fcr\u00fcnden ayr\u0131lmak<span class=\"excerpt-hellip\"> [\u2026]<\/span><\/p>\n","protected":false},"featured_media":0,"template":"","meta":{"_monsterinsights_skip_tracking":false,"_monsterinsights_sitenote_active":false,"_monsterinsights_sitenote_note":"","_monsterinsights_sitenote_category":0},"product_brand":[],"product_cat":[12755,12357],"product_tag":[],"class_list":{"0":"post-705161","1":"product","2":"type-product","3":"status-publish","5":"product_cat-gelisim-psikolojisi","6":"product_cat-psikoloji","7":"pa_cilt-ciltsiz","8":"pa_tur-kitap","9":"pa_yayinevi-pinhan-yayincilik","10":"pa_yazar-john-bowlby","12":"first","13":"instock","14":"sale","15":"shipping-taxable","16":"purchasable","17":"product-type-simple"},"_links":{"self":[{"href":"https:\/\/roveyayinevi.com.tr\/index.php\/wp-json\/wp\/v2\/product\/705161","targetHints":{"allow":["GET"]}}],"collection":[{"href":"https:\/\/roveyayinevi.com.tr\/index.php\/wp-json\/wp\/v2\/product"}],"about":[{"href":"https:\/\/roveyayinevi.com.tr\/index.php\/wp-json\/wp\/v2\/types\/product"}],"wp:attachment":[{"href":"https:\/\/roveyayinevi.com.tr\/index.php\/wp-json\/wp\/v2\/media?parent=705161"}],"wp:term":[{"taxonomy":"product_brand","embeddable":true,"href":"https:\/\/roveyayinevi.com.tr\/index.php\/wp-json\/wp\/v2\/product_brand?post=705161"},{"taxonomy":"product_cat","embeddable":true,"href":"https:\/\/roveyayinevi.com.tr\/index.php\/wp-json\/wp\/v2\/product_cat?post=705161"},{"taxonomy":"product_tag","embeddable":true,"href":"https:\/\/roveyayinevi.com.tr\/index.php\/wp-json\/wp\/v2\/product_tag?post=705161"}],"curies":[{"name":"wp","href":"https:\/\/api.w.org\/{rel}","templated":true}]}}