{"id":705160,"date":"2025-08-27T15:42:55","date_gmt":"2025-08-27T12:42:55","guid":{"rendered":"https:\/\/roveyayinevi.com.tr\/index.php\/urun\/uzakliklar-eski-denizler\/"},"modified":"2026-04-16T02:14:00","modified_gmt":"2026-04-15T23:14:00","slug":"uzakliklar-eski-denizler","status":"publish","type":"product","link":"https:\/\/roveyayinevi.com.tr\/index.php\/urun\/uzakliklar-eski-denizler\/","title":{"rendered":"Uzakl\u0131klar, Eski Denizler"},"content":{"rendered":"<p>Fernando Pessoa de\u011fi\u015fik t\u00fcrlerde yazd\u0131\u011f\u0131 metinlerle perdelere b\u00f6l\u00fcnm\u00fc\u015f bir oyun ya da oyunlar de\u011fil, \u00e7ok say\u0131da oyun ki\u015fisinin canland\u0131r\u0131ld\u0131\u011f\u0131 bir oyunlar toplam\u0131 yaratm\u0131\u015ft\u0131r. Denebilir ki, bir\u00e7ok bak\u0131mdan yaln\u0131z bir insan olarak ya\u015fam\u0131\u015f olan bu ilgin\u00e7 yarat\u0131c\u0131, her biri \u00f6zg\u00fcn bir \u015fair ya da yazar olarak yaratt\u0131\u011f\u0131 ki\u015filerle bu yaln\u0131zl\u0131ktan bir \u00f6l\u00e7\u00fcde kurtulmay\u0131 ba\u015farm\u0131\u015f, hatta onlar\u0131n birbilerinin yap\u0131tlar\u0131n\u0131 de\u011ferlendirerek \u00e7ok ki\u015fili bir d\u00fcnya kurmalar\u0131n\u0131 da sa\u011flam\u0131\u015ft\u0131r. Bu kitapta onun kendi ad\u0131 d\u0131\u015f\u0131nda Alberto Caeiro, Alvaro de Campos ve Ricardo Reis takma adlar\u0131yla yazd\u0131\u011f\u0131 \u015fiirlerin ancak s\u0131n\u0131rl\u0131 bir b\u00f6l\u00fcm\u00fcn\u00fc sunuyoruz. Pessoa\u2019n\u0131n 1935\u2019te \u00f6ld\u00fc\u011f\u00fcnde geride b\u0131rakt\u0131\u011f\u0131 25 000\u2019i bulan belge bug\u00fcn h\u00e2l\u00e2 tam olarak elden ge\u00e7irilmi\u015f ve yay\u0131mlanm\u0131\u015f de\u011fil. Ne var ki, toplu yap\u0131tlar\u0131n\u0131n yay\u0131mlanm\u0131\u015f olan b\u00f6l\u00fcm\u00fc bile onun \u00e7ok \u00f6nemli bir d\u00fcnya \u015fairi oldu\u011funu kan\u0131tlamaya yetiyor. <\/p>\n","protected":false},"excerpt":{"rendered":"<p>Fernando Pessoa de\u011fi\u015fik t\u00fcrlerde yazd\u0131\u011f\u0131 metinlerle perdelere b\u00f6l\u00fcnm\u00fc\u015f bir oyun ya da oyunlar de\u011fil, \u00e7ok say\u0131da oyun ki\u015fisinin canland\u0131r\u0131ld\u0131\u011f\u0131 bir oyunlar toplam\u0131 yaratm\u0131\u015ft\u0131r. Denebilir ki, bir\u00e7ok<span class=\"excerpt-hellip\"> [\u2026]<\/span><\/p>\n","protected":false},"featured_media":0,"template":"","meta":{"_monsterinsights_skip_tracking":false,"_monsterinsights_sitenote_active":false,"_monsterinsights_sitenote_note":"","_monsterinsights_sitenote_category":0},"product_brand":[],"product_cat":[12291,12509],"product_tag":[],"class_list":{"0":"post-705160","1":"product","2":"type-product","3":"status-publish","5":"product_cat-edebiyat","6":"product_cat-siir","7":"pa_cilt-ciltsiz","8":"pa_tur-kitap","9":"pa_yayinevi-can-yayinlari","10":"pa_yazar-fernando-pessoa","12":"first","13":"instock","14":"sale","15":"shipping-taxable","16":"purchasable","17":"product-type-simple"},"_links":{"self":[{"href":"https:\/\/roveyayinevi.com.tr\/index.php\/wp-json\/wp\/v2\/product\/705160","targetHints":{"allow":["GET"]}}],"collection":[{"href":"https:\/\/roveyayinevi.com.tr\/index.php\/wp-json\/wp\/v2\/product"}],"about":[{"href":"https:\/\/roveyayinevi.com.tr\/index.php\/wp-json\/wp\/v2\/types\/product"}],"wp:attachment":[{"href":"https:\/\/roveyayinevi.com.tr\/index.php\/wp-json\/wp\/v2\/media?parent=705160"}],"wp:term":[{"taxonomy":"product_brand","embeddable":true,"href":"https:\/\/roveyayinevi.com.tr\/index.php\/wp-json\/wp\/v2\/product_brand?post=705160"},{"taxonomy":"product_cat","embeddable":true,"href":"https:\/\/roveyayinevi.com.tr\/index.php\/wp-json\/wp\/v2\/product_cat?post=705160"},{"taxonomy":"product_tag","embeddable":true,"href":"https:\/\/roveyayinevi.com.tr\/index.php\/wp-json\/wp\/v2\/product_tag?post=705160"}],"curies":[{"name":"wp","href":"https:\/\/api.w.org\/{rel}","templated":true}]}}