{"id":705156,"date":"2025-08-27T15:42:53","date_gmt":"2025-08-27T12:42:53","guid":{"rendered":"https:\/\/roveyayinevi.com.tr\/index.php\/urun\/baba-olmak\/"},"modified":"2026-04-16T02:14:00","modified_gmt":"2026-04-15T23:14:00","slug":"baba-olmak","status":"publish","type":"product","link":"https:\/\/roveyayinevi.com.tr\/index.php\/urun\/baba-olmak\/","title":{"rendered":"Baba Olmak"},"content":{"rendered":"<p>Bu kitap babalar da okusun diye yaz\u0131ld\u0131\u2026 \u201cBaba\u201d olman\u0131n ne demek oldu\u011fu \u00fczerine biraz daha kafa yormak i\u00e7in&#8230; \u201c\u00c7ocuk sahibi olmak\u201d ile \u201cbaba olmak\u201d aras\u0131ndaki fark\u0131 anlayabilmek i\u00e7in&#8230; Babal\u0131\u011f\u0131n ve babalar\u0131n k\u0131ymetini bilmek i\u00e7in&#8230; Bu kitapta ele al\u0131nan baz\u0131 sorular: \u2013 \u201cBaba olmak\u201d ne demek? \u2013 G\u00fcn\u00fcm\u00fczde babalardan ne bekleniyor? \u2013 Baba olmak erke\u011fi ve aileyi nas\u0131l etkiler? \u2013 Babal\u0131\u011f\u0131n biyolojisi, baban\u0131n beyni hakk\u0131nda neler biliyoruz? \u2013 Psikanalitik a\u00e7\u0131dan \u201cbaba\u201d i\u015flevi nedir? \u2013 Acaba siz nas\u0131l bir babas\u0131n\u0131z? \u201c\u0130\u015fkolik baba\u201d, \u201cele\u015ftiren baba\u201d, \u201cnarsist baba\u201d, \u201ctutars\u0131z baba\u201d, \u201cho\u015fg\u00f6r\u00fcl\u00fc baba\u201d&#8230; \u2013 Bebek babas\u0131 olmakla, ergen babas\u0131 olmak, k\u0131z babas\u0131 olmakla erkek babas\u0131 olmak aras\u0131nda ne gibi farklar var? \u2013 Baban\u0131n ruhsal sorunlar\u0131 \u00e7ocu\u011fu nas\u0131l etkiler? \u2013 \u00dcvey baba, i\u015fsiz baba, evlat edinen baba, k\u0131sacas\u0131 babal\u0131\u011f\u0131n her bi\u00e7imi hakk\u0131nda neler biliyoruz? \u2013 Peki ya sanatta \u201cbaban\u0131n yeri\u201d ne? Karamazov Karde\u015fler\u2019den Babaya Mektup\u2019a, S\u00fcper Baba\u2019dan Babam ve O\u011flum\u2019a&#8230; <\/p>\n","protected":false},"excerpt":{"rendered":"<p>Bu kitap babalar da okusun diye yaz\u0131ld\u0131\u2026 \u201cBaba\u201d olman\u0131n ne demek oldu\u011fu \u00fczerine biraz daha kafa yormak i\u00e7in&#8230; \u201c\u00c7ocuk sahibi olmak\u201d ile \u201cbaba olmak\u201d aras\u0131ndaki fark\u0131<span class=\"excerpt-hellip\"> [\u2026]<\/span><\/p>\n","protected":false},"featured_media":0,"template":"","meta":{"_monsterinsights_skip_tracking":false,"_monsterinsights_sitenote_active":false,"_monsterinsights_sitenote_note":"","_monsterinsights_sitenote_category":0},"product_brand":[],"product_cat":[17996,12364],"product_tag":[],"class_list":{"0":"post-705156","1":"product","2":"type-product","3":"status-publish","5":"product_cat-ebeveyn-kitaplari","6":"product_cat-genel-konular","7":"pa_cilt-ciltsiz","8":"pa_tur-kitap","9":"pa_yayinevi-say-yayinlari","10":"pa_yazar-koray-karabekiroglu","12":"first","13":"instock","14":"sale","15":"shipping-taxable","16":"purchasable","17":"product-type-simple"},"_links":{"self":[{"href":"https:\/\/roveyayinevi.com.tr\/index.php\/wp-json\/wp\/v2\/product\/705156","targetHints":{"allow":["GET"]}}],"collection":[{"href":"https:\/\/roveyayinevi.com.tr\/index.php\/wp-json\/wp\/v2\/product"}],"about":[{"href":"https:\/\/roveyayinevi.com.tr\/index.php\/wp-json\/wp\/v2\/types\/product"}],"wp:attachment":[{"href":"https:\/\/roveyayinevi.com.tr\/index.php\/wp-json\/wp\/v2\/media?parent=705156"}],"wp:term":[{"taxonomy":"product_brand","embeddable":true,"href":"https:\/\/roveyayinevi.com.tr\/index.php\/wp-json\/wp\/v2\/product_brand?post=705156"},{"taxonomy":"product_cat","embeddable":true,"href":"https:\/\/roveyayinevi.com.tr\/index.php\/wp-json\/wp\/v2\/product_cat?post=705156"},{"taxonomy":"product_tag","embeddable":true,"href":"https:\/\/roveyayinevi.com.tr\/index.php\/wp-json\/wp\/v2\/product_tag?post=705156"}],"curies":[{"name":"wp","href":"https:\/\/api.w.org\/{rel}","templated":true}]}}