{"id":705155,"date":"2025-08-27T15:42:53","date_gmt":"2025-08-27T12:42:53","guid":{"rendered":"https:\/\/roveyayinevi.com.tr\/index.php\/urun\/psikanaliz-uzerine-bes-konferans-ve-psikanalize-toplu-bakis\/"},"modified":"2026-04-16T02:14:00","modified_gmt":"2026-04-15T23:14:00","slug":"psikanaliz-uzerine-bes-konferans-ve-psikanalize-toplu-bakis","status":"publish","type":"product","link":"https:\/\/roveyayinevi.com.tr\/index.php\/urun\/psikanaliz-uzerine-bes-konferans-ve-psikanalize-toplu-bakis\/","title":{"rendered":"Psikanaliz \u00dczerine Be\u015f Konferans ve Psikanalize Toplu Bak\u0131\u015f"},"content":{"rendered":"<p>Psikanaliz \u00dczerine Be\u015f Konferans ve Psikanalize Toplu Bak\u0131\u015f, Freud&#8217;un Massachusetts, Worcester&#8217;daki Clark \u00dcniversitesi&#8217;nin yirminci kurulu\u015f y\u0131ld\u00f6n\u00fcm\u00fc \u015fenli\u011fi dolay\u0131s\u0131yla Eyl\u00fcl 1909&#8217;da verdi\u011fi be\u015f konferans\u0131n metinlerini i\u00e7ermesinin yan\u0131 s\u0131ra, kendi \u00e7al\u0131\u015fmalar\u0131 neticesinde psikolojik kuramlar ve y\u00f6ntemler ailesi olarak yap\u0131land\u0131rd\u0131\u011f\u0131 psikanalizi derinlemesine ele al\u0131yor; psikoterapi ve ruhsal tedavi y\u00f6ntemlerinin ne oldu\u011funu, nas\u0131l yap\u0131ld\u0131\u011f\u0131n\u0131 detayl\u0131ca a\u00e7\u0131kl\u0131yor. Genel olarak psikanalizin psikoloji kapsam\u0131na giren ve girmeyen alanlar i\u00e7in \u00f6nemine, tekni\u011fine, psikanalizin g\u00fcnl\u00fck ya\u015famdaki yerine ve duygusal bozukluklar\u0131n zek\u00e2 g\u00fcc\u00fc \u00fczerindeki etkilerine de\u011finen bu metinler, &#8220;psikanaliz nedir?&#8221; sorusuna Freud&#8217;un dilinden net bir yan\u0131t veriyor.<\/p>\n","protected":false},"excerpt":{"rendered":"<p>Psikanaliz \u00dczerine Be\u015f Konferans ve Psikanalize Toplu Bak\u0131\u015f, Freud&#8217;un Massachusetts, Worcester&#8217;daki Clark \u00dcniversitesi&#8217;nin yirminci kurulu\u015f y\u0131ld\u00f6n\u00fcm\u00fc \u015fenli\u011fi dolay\u0131s\u0131yla Eyl\u00fcl 1909&#8217;da verdi\u011fi be\u015f konferans\u0131n metinlerini i\u00e7ermesinin yan\u0131<span class=\"excerpt-hellip\"> [\u2026]<\/span><\/p>\n","protected":false},"featured_media":0,"template":"","meta":{"_monsterinsights_skip_tracking":false,"_monsterinsights_sitenote_active":false,"_monsterinsights_sitenote_note":"","_monsterinsights_sitenote_category":0},"product_brand":[],"product_cat":[12312,12304],"product_tag":[],"class_list":{"0":"post-705155","1":"product","2":"type-product","3":"status-publish","5":"product_cat-diger","6":"product_cat-tarih","7":"pa_cilt-ciltsiz","8":"pa_tur-kitap","9":"pa_yayinevi-say-yayinlari","10":"pa_yazar-sigmund-freud","12":"first","13":"instock","14":"sale","15":"shipping-taxable","16":"purchasable","17":"product-type-simple"},"_links":{"self":[{"href":"https:\/\/roveyayinevi.com.tr\/index.php\/wp-json\/wp\/v2\/product\/705155","targetHints":{"allow":["GET"]}}],"collection":[{"href":"https:\/\/roveyayinevi.com.tr\/index.php\/wp-json\/wp\/v2\/product"}],"about":[{"href":"https:\/\/roveyayinevi.com.tr\/index.php\/wp-json\/wp\/v2\/types\/product"}],"wp:attachment":[{"href":"https:\/\/roveyayinevi.com.tr\/index.php\/wp-json\/wp\/v2\/media?parent=705155"}],"wp:term":[{"taxonomy":"product_brand","embeddable":true,"href":"https:\/\/roveyayinevi.com.tr\/index.php\/wp-json\/wp\/v2\/product_brand?post=705155"},{"taxonomy":"product_cat","embeddable":true,"href":"https:\/\/roveyayinevi.com.tr\/index.php\/wp-json\/wp\/v2\/product_cat?post=705155"},{"taxonomy":"product_tag","embeddable":true,"href":"https:\/\/roveyayinevi.com.tr\/index.php\/wp-json\/wp\/v2\/product_tag?post=705155"}],"curies":[{"name":"wp","href":"https:\/\/api.w.org\/{rel}","templated":true}]}}