{"id":705154,"date":"2025-08-27T15:42:53","date_gmt":"2025-08-27T12:42:53","guid":{"rendered":"https:\/\/roveyayinevi.com.tr\/index.php\/urun\/kirik-incilerin-sairi-behcet-necatigil\/"},"modified":"2026-04-16T02:14:00","modified_gmt":"2026-04-15T23:14:00","slug":"kirik-incilerin-sairi-behcet-necatigil","status":"publish","type":"product","link":"https:\/\/roveyayinevi.com.tr\/index.php\/urun\/kirik-incilerin-sairi-behcet-necatigil\/","title":{"rendered":"K\u0131r\u0131k \u0130ncilerin \u015eairi Beh\u00e7et Necatigil"},"content":{"rendered":"<p>Hem Do\u011fu, hem Bat\u0131. \u0130kisine de de\u011ferler y\u00f6r\u00fcngesinde i\u00e7ten ba\u011fl\u0131l\u0131k. B\u00fct\u00fcn ba\u011fnazl\u0131klardan uzak bir ge\u00e7mi\u015f (mazi) sayg\u0131s\u0131, hemen ona biti\u015fik bir yeniye a\u00e7\u0131kl\u0131k. Yeter ki sa\u011flam k\u00fclt\u00fcrde yar\u0131na, gelece\u011fin ayd\u0131nl\u0131k ku\u015faklar\u0131na hizmet verilebilsin&#8230; <\/p>\n","protected":false},"excerpt":{"rendered":"<p>Hem Do\u011fu, hem Bat\u0131. \u0130kisine de de\u011ferler y\u00f6r\u00fcngesinde i\u00e7ten ba\u011fl\u0131l\u0131k. B\u00fct\u00fcn ba\u011fnazl\u0131klardan uzak bir ge\u00e7mi\u015f (mazi) sayg\u0131s\u0131, hemen ona biti\u015fik bir yeniye a\u00e7\u0131kl\u0131k. Yeter ki sa\u011flam<span class=\"excerpt-hellip\"> [\u2026]<\/span><\/p>\n","protected":false},"featured_media":0,"template":"","meta":{"_monsterinsights_skip_tracking":false,"_monsterinsights_sitenote_active":false,"_monsterinsights_sitenote_note":"","_monsterinsights_sitenote_category":0},"product_brand":[],"product_cat":[12777,12291],"product_tag":[],"class_list":{"0":"post-705154","1":"product","2":"type-product","3":"status-publish","5":"product_cat-deneme","6":"product_cat-edebiyat","7":"pa_cilt-ciltsiz","8":"pa_tur-kitap","9":"pa_yayinevi-everest-yayinlari","10":"pa_yazar-selim-ileri","12":"first","13":"instock","14":"sale","15":"shipping-taxable","16":"purchasable","17":"product-type-simple"},"_links":{"self":[{"href":"https:\/\/roveyayinevi.com.tr\/index.php\/wp-json\/wp\/v2\/product\/705154","targetHints":{"allow":["GET"]}}],"collection":[{"href":"https:\/\/roveyayinevi.com.tr\/index.php\/wp-json\/wp\/v2\/product"}],"about":[{"href":"https:\/\/roveyayinevi.com.tr\/index.php\/wp-json\/wp\/v2\/types\/product"}],"wp:attachment":[{"href":"https:\/\/roveyayinevi.com.tr\/index.php\/wp-json\/wp\/v2\/media?parent=705154"}],"wp:term":[{"taxonomy":"product_brand","embeddable":true,"href":"https:\/\/roveyayinevi.com.tr\/index.php\/wp-json\/wp\/v2\/product_brand?post=705154"},{"taxonomy":"product_cat","embeddable":true,"href":"https:\/\/roveyayinevi.com.tr\/index.php\/wp-json\/wp\/v2\/product_cat?post=705154"},{"taxonomy":"product_tag","embeddable":true,"href":"https:\/\/roveyayinevi.com.tr\/index.php\/wp-json\/wp\/v2\/product_tag?post=705154"}],"curies":[{"name":"wp","href":"https:\/\/api.w.org\/{rel}","templated":true}]}}