{"id":705153,"date":"2025-08-27T15:42:52","date_gmt":"2025-08-27T12:42:52","guid":{"rendered":"https:\/\/roveyayinevi.com.tr\/index.php\/urun\/bilimin-dogasi-gelisimi-ve-ogretimi\/"},"modified":"2026-04-16T02:14:00","modified_gmt":"2026-04-15T23:14:00","slug":"bilimin-dogasi-gelisimi-ve-ogretimi","status":"publish","type":"product","link":"https:\/\/roveyayinevi.com.tr\/index.php\/urun\/bilimin-dogasi-gelisimi-ve-ogretimi\/","title":{"rendered":"Bilimin Do\u011fas\u0131 Geli\u015fimi ve \u00d6\u011fretimi"},"content":{"rendered":"<p>Bug\u00fcn d\u00fcnyada fen e\u011fitiminin en \u00f6nemli ama\u00e7lar\u0131ndan biri &#8220;Bilim okuryazar\u0131 olan bireyler yeti\u015ftirebilmek&#8221; olarak a\u00e7\u0131klanmaktad\u0131r. Bilim okuryazar\u0131 bireyin \u00f6zelliklerinden biri de bilimin do\u011fas\u0131 \u00f6zelliklerini anlamakt\u0131r. Bilim e\u011fitimi reformlar\u0131n\u0131n en tutarl\u0131 mesajlar\u0131ndan biri &#8220;\u00d6\u011frencilerin bilimin do\u011fas\u0131 anlay\u0131\u015flar\u0131n\u0131 geli\u015ftirmek&#8221; olarak a\u00e7\u0131klanm\u0131\u015ft\u0131r, ancak bilimin do\u011fas\u0131n\u0131 anlayabilen bireyler yeti\u015ftirmek i\u00e7in de bilimin do\u011fas\u0131na y\u00f6nelik geli\u015fmi\u015f d\u00fczeyde g\u00f6r\u00fc\u015flere sahip \u00f6\u011fretmenlere ihtiya\u00e7 vard\u0131r. &#8220;Bilimin Do\u011fas\u0131, Geli\u015fimi ve \u00d6\u011fretimi&#8221; kitab\u0131 ile yenilenen fen bilimleri dersi \u00f6\u011fretim program\u0131n\u0131n belirledi\u011fi vizyona ula\u015fmada \u00f6nemli bir role sahip olan fen bilimleri \u00f6\u011fretmenlerinin bilime ve bilimin do\u011fas\u0131na olan bak\u0131\u015f a\u00e7\u0131lar\u0131n\u0131 geli\u015ftirmek ama\u00e7lanmaktad\u0131r. Bu ama\u00e7 do\u011frultusunda haz\u0131rlanan kitap; eski \u00e7a\u011flardan g\u00fcn\u00fcm\u00fcze tarihsel bir bak\u0131\u015f i\u00e7erisinde ve bilim felsefesi \u0131\u015f\u0131\u011f\u0131nda, bilimin ne oldu\u011fu, bilimin do\u011fas\u0131n\u0131n ortaya \u00e7\u0131k\u0131\u015f\u0131n\u0131n ve de\u011fi\u015fen y\u00fcz\u00fcn\u00fcn yans\u0131t\u0131ld\u0131\u011f\u0131, bilimin do\u011fas\u0131n\u0131n nas\u0131l \u00f6\u011fretilece\u011fi ve sorgulamaya dayal\u0131 bilim e\u011fitiminin \u00f6neminin a\u00e7\u0131k\u00e7a ifade edildi\u011fi; bilimsel bilgi \u00fcretiminde g\u00f6zlemin oynad\u0131\u011f\u0131 rol\u00fcn a\u00e7\u0131kland\u0131\u011f\u0131, bilimin toplumsal kat\u0131l\u0131m a\u00e7\u0131s\u0131ndan irdelendi\u011fi, bilimin do\u011fas\u0131n\u0131n \u00f6\u011fretiminde kullan\u0131lan etkinliklerin tan\u0131t\u0131ld\u0131\u011f\u0131 ve son olarak \u00f6\u011fretmenlerin, \u00f6\u011fretmen adaylar\u0131n\u0131n ve \u00f6\u011frencilerin bilimin do\u011fas\u0131na y\u00f6nelik g\u00f6r\u00fc\u015flerinin \u00f6zetlendi\u011fi b\u00f6l\u00fcmleri i\u00e7ermektedir. Bu kitab\u0131n bilim ve bilimin do\u011fas\u0131 hakk\u0131nda bilgi sahibi olmak isteyen lisans ve lisans\u00fcst\u00fc \u00f6\u011fretmen adaylar\u0131na ve \u00f6\u011fretmenlere yararl\u0131 olaca\u011f\u0131 ve alana katk\u0131 sa\u011flayaca\u011f\u0131 d\u00fc\u015f\u00fcn\u00fclmektedir. <\/p>\n","protected":false},"excerpt":{"rendered":"<p>Bug\u00fcn d\u00fcnyada fen e\u011fitiminin en \u00f6nemli ama\u00e7lar\u0131ndan biri &#8220;Bilim okuryazar\u0131 olan bireyler yeti\u015ftirebilmek&#8221; olarak a\u00e7\u0131klanmaktad\u0131r. Bilim okuryazar\u0131 bireyin \u00f6zelliklerinden biri de bilimin do\u011fas\u0131 \u00f6zelliklerini anlamakt\u0131r. Bilim<span class=\"excerpt-hellip\"> [\u2026]<\/span><\/p>\n","protected":false},"featured_media":0,"template":"","meta":{"_monsterinsights_skip_tracking":false,"_monsterinsights_sitenote_active":false,"_monsterinsights_sitenote_note":"","_monsterinsights_sitenote_category":0},"product_brand":[],"product_cat":[15351,15350],"product_tag":[],"class_list":{"0":"post-705153","1":"product","2":"type-product","3":"status-publish","5":"product_cat-ders-kitaplari","6":"product_cat-hukuk","7":"pa_cilt-ciltsiz","8":"pa_tur-kitap","9":"pa_yayinevi-ani-yayincilik","10":"pa_yazar-nilgun-yenice","12":"first","13":"instock","14":"sale","15":"shipping-taxable","16":"purchasable","17":"product-type-simple"},"_links":{"self":[{"href":"https:\/\/roveyayinevi.com.tr\/index.php\/wp-json\/wp\/v2\/product\/705153","targetHints":{"allow":["GET"]}}],"collection":[{"href":"https:\/\/roveyayinevi.com.tr\/index.php\/wp-json\/wp\/v2\/product"}],"about":[{"href":"https:\/\/roveyayinevi.com.tr\/index.php\/wp-json\/wp\/v2\/types\/product"}],"wp:attachment":[{"href":"https:\/\/roveyayinevi.com.tr\/index.php\/wp-json\/wp\/v2\/media?parent=705153"}],"wp:term":[{"taxonomy":"product_brand","embeddable":true,"href":"https:\/\/roveyayinevi.com.tr\/index.php\/wp-json\/wp\/v2\/product_brand?post=705153"},{"taxonomy":"product_cat","embeddable":true,"href":"https:\/\/roveyayinevi.com.tr\/index.php\/wp-json\/wp\/v2\/product_cat?post=705153"},{"taxonomy":"product_tag","embeddable":true,"href":"https:\/\/roveyayinevi.com.tr\/index.php\/wp-json\/wp\/v2\/product_tag?post=705153"}],"curies":[{"name":"wp","href":"https:\/\/api.w.org\/{rel}","templated":true}]}}