{"id":705152,"date":"2025-08-27T15:42:52","date_gmt":"2025-08-27T12:42:52","guid":{"rendered":"https:\/\/roveyayinevi.com.tr\/index.php\/urun\/oldugu-kadar\/"},"modified":"2026-04-16T02:14:00","modified_gmt":"2026-04-15T23:14:00","slug":"oldugu-kadar","status":"publish","type":"product","link":"https:\/\/roveyayinevi.com.tr\/index.php\/urun\/oldugu-kadar\/","title":{"rendered":"Oldu\u011fu Kadar"},"content":{"rendered":"<p>Feyyaz Yi\u011fit, daha ilk eserinde edebiyat ustalar\u0131n\u0131n uzun y\u0131llar i\u00e7inde eri\u015fti\u011fi bir mahareti kazanm\u0131\u015f g\u00f6r\u00fcn\u00fcyor. Donuklu\u011fun i\u00e7indeki hareketi, sa\u00e7mal\u0131\u011f\u0131n i\u00e7indeki sa\u011fduyuyu, s\u0131radanl\u0131\u011f\u0131n insana umut veren mucizesini ve beklenmeyen \u015feyleri asl\u0131nda nas\u0131l da bekledi\u011fimiz bize zahmetsizce sergileyiveriyor. Elinizdeki kitap, paraya \u00e7ok s\u0131k\u0131\u015f\u0131ld\u0131\u011f\u0131nda babaannenin cebe s\u0131k\u0131\u015ft\u0131rd\u0131\u011f\u0131 y\u00fckl\u00fc miktardaki har\u00e7l\u0131\u011f\u0131n yaratt\u0131\u011f\u0131 duyguyu hat\u0131rlat\u0131yor. Sevin\u00e7 ve daha fazlas\u0131na duyulan utanmaz ihtiras&#8230;  -Aziz Kedi Hayat\u0131m\u0131n t\u00fcm\u00fcne  Oldu\u011fu kadar  ismini verdim. \u00d6yle g\u00fc\u00e7l\u00fc bir z\u0131rh ki  oldu\u011fu kadar . Her zaman ve her \u015feye, gerekli veya gereksiz s\u00f6yleyiver gitsin. Kendi kendine durdu\u011fun yerde arka arkaya be\u015f bin kere s\u00f6yle istersen. Tan\u0131d\u0131\u011f\u0131m ve tan\u0131mad\u0131\u011f\u0131m herkes, biliyorum ki oldu\u011fu kadar\u0131yla yetiniyor. D\u00fcnya \u00e7irkin bir yer olsun istiyorsan,  oldu\u011fu kadar  \u00e7irkindir. Birisini \u00e7ok mutlu etmek istersen e\u011fer,  oldu\u011fu kadar  mutlu edersin onu. Oldu\u011fu kadar\u0131 seni rahats\u0131z ediyorsa, ona yine oldu\u011fu kadar itiraz edebilirsin.  Oldu\u011fu kadar , d\u00fcnyadaki b\u00fct\u00fcn sorulara verilebilecek en g\u00fc\u00e7l\u00fc cevapt\u0131r. Ama yine de hi\u00e7bir zaman  TAM  olarak tatmin edemez kimseyi. \u00d6z\u00fc gere\u011fi yine  oldu\u011fu kadar  tatmin etmek zorundad\u0131r. Tam de\u011filse eksiktir, eksik  oldu\u011fu kadar  tamd\u0131r. <\/p>\n","protected":false},"excerpt":{"rendered":"<p>Feyyaz Yi\u011fit, daha ilk eserinde edebiyat ustalar\u0131n\u0131n uzun y\u0131llar i\u00e7inde eri\u015fti\u011fi bir mahareti kazanm\u0131\u015f g\u00f6r\u00fcn\u00fcyor. Donuklu\u011fun i\u00e7indeki hareketi, sa\u00e7mal\u0131\u011f\u0131n i\u00e7indeki sa\u011fduyuyu, s\u0131radanl\u0131\u011f\u0131n insana umut veren mucizesini<span class=\"excerpt-hellip\"> [\u2026]<\/span><\/p>\n","protected":false},"featured_media":0,"template":"","meta":{"_monsterinsights_skip_tracking":false,"_monsterinsights_sitenote_active":false,"_monsterinsights_sitenote_note":"","_monsterinsights_sitenote_category":0},"product_brand":[],"product_cat":[12777,12291],"product_tag":[],"class_list":{"0":"post-705152","1":"product","2":"type-product","3":"status-publish","5":"product_cat-deneme","6":"product_cat-edebiyat","7":"pa_cilt-ciltsiz","8":"pa_tur-kitap","9":"pa_yayinevi-okuyan-us-yayin","10":"pa_yazar-feyyaz-yigit","12":"first","13":"instock","14":"sale","15":"shipping-taxable","16":"purchasable","17":"product-type-simple"},"_links":{"self":[{"href":"https:\/\/roveyayinevi.com.tr\/index.php\/wp-json\/wp\/v2\/product\/705152","targetHints":{"allow":["GET"]}}],"collection":[{"href":"https:\/\/roveyayinevi.com.tr\/index.php\/wp-json\/wp\/v2\/product"}],"about":[{"href":"https:\/\/roveyayinevi.com.tr\/index.php\/wp-json\/wp\/v2\/types\/product"}],"wp:attachment":[{"href":"https:\/\/roveyayinevi.com.tr\/index.php\/wp-json\/wp\/v2\/media?parent=705152"}],"wp:term":[{"taxonomy":"product_brand","embeddable":true,"href":"https:\/\/roveyayinevi.com.tr\/index.php\/wp-json\/wp\/v2\/product_brand?post=705152"},{"taxonomy":"product_cat","embeddable":true,"href":"https:\/\/roveyayinevi.com.tr\/index.php\/wp-json\/wp\/v2\/product_cat?post=705152"},{"taxonomy":"product_tag","embeddable":true,"href":"https:\/\/roveyayinevi.com.tr\/index.php\/wp-json\/wp\/v2\/product_tag?post=705152"}],"curies":[{"name":"wp","href":"https:\/\/api.w.org\/{rel}","templated":true}]}}