{"id":705151,"date":"2025-08-27T15:42:51","date_gmt":"2025-08-27T12:42:51","guid":{"rendered":"https:\/\/roveyayinevi.com.tr\/index.php\/urun\/yanlis-ittifak\/"},"modified":"2026-04-16T02:14:00","modified_gmt":"2026-04-15T23:14:00","slug":"yanlis-ittifak","status":"publish","type":"product","link":"https:\/\/roveyayinevi.com.tr\/index.php\/urun\/yanlis-ittifak\/","title":{"rendered":"Yanl\u0131\u015f \u0130ttifak"},"content":{"rendered":"<p>T\u00fcrkiye&#8217;de  K\u00fcrt, K\u00fcrt\u00e7\u00fcl\u00fck, siyasi K\u00fcrt\u00e7\u00fcl\u00fck  gibi kavramlar ne yaz\u0131k ki i\u00e7 i\u00e7e ge\u00e7mi\u015f durumda ve bug\u00fcn ba\u015f\u0131 K\u00fcrt&#8217;le ba\u015flayan her kavram bir sorun olarak kar\u015f\u0131m\u0131za \u00e7\u0131kar\u0131l\u0131yor. Bu sorun, Halid-i Nak\u015fi Cemaati&#8217;yle yan yana geldi\u011finde ise din ile siyaset birbirine kar\u0131\u015f\u0131yor ve mesele, olas\u0131 hudutlar\u0131n\u0131 a\u015farak bir inan\u00e7 \u00e7at\u0131\u015fmas\u0131na d\u00f6n\u00fc\u015f\u00fcyor. Cemaat ve K\u00fcrt\u00e7\u00fcl\u00fc\u011f\u00fcn g\u00f6r\u00fcnmeyen y\u00fcz\u00fc \u0130srail&#8217;in Vaat Edilmi\u015f Topraklar tablosuna girdi\u011finde ise T\u00fcrkiye kendisini 4.000 y\u0131ll\u0131k bir k\u00fcresel projeyle kar\u015f\u0131 kar\u015f\u0131ya buluyor. Bu ara\u015ft\u0131rma,  T\u00fcrkiye&#8217;de K\u00fcrt kimli\u011fi ile \u00f6ne \u00e7\u0131kar\u0131lan sorun asl\u0131nda nedir, bug\u00fcne kadar neden \u00e7\u00f6z\u00fclememi\u015ftir ve kal\u0131c\u0131 bir \u00e7\u00f6z\u00fcm i\u00e7in ne yap\u0131labilir?  sorular\u0131na tarikat-siyaset ekseninde ak\u0131lc\u0131 bir cevap aramaktad\u0131r. Ama\u00e7; huzurlu ve g\u00fcvenli bir \u00fclke ve gelecektir, hepimiz i\u00e7in, \u00e7ocuklar\u0131m\u0131z i\u00e7in&#8230; <\/p>\n","protected":false},"excerpt":{"rendered":"<p>T\u00fcrkiye&#8217;de K\u00fcrt, K\u00fcrt\u00e7\u00fcl\u00fck, siyasi K\u00fcrt\u00e7\u00fcl\u00fck gibi kavramlar ne yaz\u0131k ki i\u00e7 i\u00e7e ge\u00e7mi\u015f durumda ve bug\u00fcn ba\u015f\u0131 K\u00fcrt&#8217;le ba\u015flayan her kavram bir sorun olarak kar\u015f\u0131m\u0131za \u00e7\u0131kar\u0131l\u0131yor.<span class=\"excerpt-hellip\"> [\u2026]<\/span><\/p>\n","protected":false},"featured_media":0,"template":"","meta":{"_monsterinsights_skip_tracking":false,"_monsterinsights_sitenote_active":false,"_monsterinsights_sitenote_note":"","_monsterinsights_sitenote_category":0},"product_brand":[],"product_cat":[12337,17225],"product_tag":[],"class_list":{"0":"post-705151","1":"product","2":"type-product","3":"status-publish","5":"product_cat-politika-siyaset","6":"product_cat-uluslararasi-iliskiler","7":"pa_tur-kitap","8":"pa_yayinevi-destek-yayinlari","9":"pa_yazar-erdal-sarizeybek","11":"first","12":"instock","13":"sale","14":"shipping-taxable","15":"purchasable","16":"product-type-simple"},"_links":{"self":[{"href":"https:\/\/roveyayinevi.com.tr\/index.php\/wp-json\/wp\/v2\/product\/705151","targetHints":{"allow":["GET"]}}],"collection":[{"href":"https:\/\/roveyayinevi.com.tr\/index.php\/wp-json\/wp\/v2\/product"}],"about":[{"href":"https:\/\/roveyayinevi.com.tr\/index.php\/wp-json\/wp\/v2\/types\/product"}],"wp:attachment":[{"href":"https:\/\/roveyayinevi.com.tr\/index.php\/wp-json\/wp\/v2\/media?parent=705151"}],"wp:term":[{"taxonomy":"product_brand","embeddable":true,"href":"https:\/\/roveyayinevi.com.tr\/index.php\/wp-json\/wp\/v2\/product_brand?post=705151"},{"taxonomy":"product_cat","embeddable":true,"href":"https:\/\/roveyayinevi.com.tr\/index.php\/wp-json\/wp\/v2\/product_cat?post=705151"},{"taxonomy":"product_tag","embeddable":true,"href":"https:\/\/roveyayinevi.com.tr\/index.php\/wp-json\/wp\/v2\/product_tag?post=705151"}],"curies":[{"name":"wp","href":"https:\/\/api.w.org\/{rel}","templated":true}]}}