{"id":705146,"date":"2025-08-27T15:42:49","date_gmt":"2025-08-27T12:42:49","guid":{"rendered":"https:\/\/roveyayinevi.com.tr\/index.php\/urun\/meta-analize-giris\/"},"modified":"2026-04-16T02:14:00","modified_gmt":"2026-04-15T23:14:00","slug":"meta-analize-giris","status":"publish","type":"product","link":"https:\/\/roveyayinevi.com.tr\/index.php\/urun\/meta-analize-giris\/","title":{"rendered":"Meta-Analize Giri\u015f"},"content":{"rendered":"<p>\u00ab Analizlerin analizi \u00bb, \u00ab analiz \u00fcst\u00fc \u00bb \u015feklinde tan\u0131mlanan meta-analiz y\u00f6ntemi ile ilgili olan eser, \u00e7al\u0131\u015fmalar\u0131nda meta-analizi kullanmak isteyen ki\u015filer i\u00e7in haz\u0131rland\u0131. Sistematik derleme ve meta-analizler, sa\u011fl\u0131k alan\u0131nda deneysel \u00e7al\u0131\u015fma verileri kullan\u0131larak yap\u0131lmakta ve olduk\u00e7a \u00f6nem g\u00f6rmektedir. \u0130la\u00e7 firmalar\u0131 ila\u00e7lar\u0131n etkisini belirlemek i\u00e7in \u00e7al\u0131\u015fma serilerini kullanarak meta-analiz uygulamaktad\u0131r. E\u011fitim alan\u0131nda meta-analiz \u00f6\u011fretim tekniklerinin kar\u015f\u0131la\u015ft\u0131r\u0131lmas\u0131, cinsiyet a\u00e7\u0131s\u0131ndan kar\u015f\u0131la\u015ft\u0131rmalar i\u00e7in kullan\u0131lmaktad\u0131r. Psikoloji alan\u0131nda meta-analiz, ki\u015filik \u00f6zelliklerine g\u00f6re sesin etkisini incelemek amac\u0131yla kullan\u0131labilir. Kriminoloji alan\u0131nda meta-analiz, su\u00e7lar\u0131n zamana g\u00f6re de\u011fi\u015fimini g\u00f6stermek amac\u0131yla ya da su\u00e7 riskinin ne kadar olaca\u011f\u0131n\u0131 tahmin etmek i\u00e7in kullan\u0131labilir. Ekoloji alan\u0131nda meta-analiz, r\u00fczgar\u0131n \u00e7evreye etkilerini, b\u00f6lgedeki ekolojik de\u011fi\u015fikliklerin nas\u0131l oldu\u011funu, nas\u0131l olaca\u011f\u0131n\u0131 belirlemek i\u00e7in kullan\u0131labilir. <\/p>\n","protected":false},"excerpt":{"rendered":"<p>\u00ab Analizlerin analizi \u00bb, \u00ab analiz \u00fcst\u00fc \u00bb \u015feklinde tan\u0131mlanan meta-analiz y\u00f6ntemi ile ilgili olan eser, \u00e7al\u0131\u015fmalar\u0131nda meta-analizi kullanmak isteyen ki\u015filer i\u00e7in haz\u0131rland\u0131. Sistematik derleme ve<span class=\"excerpt-hellip\"> [\u2026]<\/span><\/p>\n","protected":false},"featured_media":0,"template":"","meta":{"_monsterinsights_skip_tracking":false,"_monsterinsights_sitenote_active":false,"_monsterinsights_sitenote_note":"","_monsterinsights_sitenote_category":0},"product_brand":[],"product_cat":[13005],"product_tag":[],"class_list":{"0":"post-705146","1":"product","2":"type-product","3":"status-publish","5":"product_cat-bilim-muhendislik","6":"pa_cilt-ciltsiz","7":"pa_tur-kitap","8":"pa_yayinevi-ani-yayincilik","9":"pa_yazar-serkan-dincer","11":"first","12":"instock","13":"sale","14":"shipping-taxable","15":"purchasable","16":"product-type-simple"},"_links":{"self":[{"href":"https:\/\/roveyayinevi.com.tr\/index.php\/wp-json\/wp\/v2\/product\/705146","targetHints":{"allow":["GET"]}}],"collection":[{"href":"https:\/\/roveyayinevi.com.tr\/index.php\/wp-json\/wp\/v2\/product"}],"about":[{"href":"https:\/\/roveyayinevi.com.tr\/index.php\/wp-json\/wp\/v2\/types\/product"}],"wp:attachment":[{"href":"https:\/\/roveyayinevi.com.tr\/index.php\/wp-json\/wp\/v2\/media?parent=705146"}],"wp:term":[{"taxonomy":"product_brand","embeddable":true,"href":"https:\/\/roveyayinevi.com.tr\/index.php\/wp-json\/wp\/v2\/product_brand?post=705146"},{"taxonomy":"product_cat","embeddable":true,"href":"https:\/\/roveyayinevi.com.tr\/index.php\/wp-json\/wp\/v2\/product_cat?post=705146"},{"taxonomy":"product_tag","embeddable":true,"href":"https:\/\/roveyayinevi.com.tr\/index.php\/wp-json\/wp\/v2\/product_tag?post=705146"}],"curies":[{"name":"wp","href":"https:\/\/api.w.org\/{rel}","templated":true}]}}