{"id":705141,"date":"2025-08-27T15:42:47","date_gmt":"2025-08-27T12:42:47","guid":{"rendered":"https:\/\/roveyayinevi.com.tr\/index.php\/urun\/602-gece-kendini-fark-eden-hikaye\/"},"modified":"2026-04-16T02:13:59","modified_gmt":"2026-04-15T23:13:59","slug":"602-gece-kendini-fark-eden-hikaye","status":"publish","type":"product","link":"https:\/\/roveyayinevi.com.tr\/index.php\/urun\/602-gece-kendini-fark-eden-hikaye\/","title":{"rendered":"602. Gece &#8211; Kendini Fark Eden Hikaye"},"content":{"rendered":"<p>\u201cHi\u00e7biri, t\u00fcm o gecelerin i\u00e7indeki b\u00fcy\u00fcl\u00fc 602. gece kadar alt\u00fcst edici de\u011fildir.\u201d Yazma eylemi \u00fczerine d\u00fc\u015f\u00fcnmeye devam eden Murat G\u00fclsoy, bu kez Borges&#8217;in s\u00f6z\u00fcn\u00fc etti\u011fi o b\u00fcy\u00fcl\u00fc gecenin izini s\u00fcrerek, genel olarak sanat ve \u00f6zel olarak edebiyatta temsil meselesinin a\u00e7t\u0131\u011f\u0131 kap\u0131dan giriyor yaz\u0131n\u0131n bah\u00e7esine. Bu bah\u00e7ede, kendi i\u00e7ine do\u011fru geni\u015fleyen resimler, sonsuzlu\u011fa do\u011fru d\u00fc\u015fme hissi veren hik\u00e2yeler, roman kahraman\u0131 oldu\u011funun fark\u0131nda olan metakurmaca karakterler, kendinin aynas\u0131 olan metinler aras\u0131nda gezinirken, bir yandan da kendi edebiyat\u0131n\u0131n k\u00f6klerini ar\u0131yor. 602. Gece, insanl\u0131\u011f\u0131n bilinen en cesur \u00f6zg\u00fcrl\u00fck projelerinden biri olarak sahiplendi\u011fi modernizmin edebi miras\u0131n\u0131 tart\u0131\u015f\u0131rken, bu co\u011frafyadaki izd\u00fc\u015f\u00fcmlerini de Ahmet Hamdi Tanp\u0131nar, O\u011fuz Atay ve Orhan Pamuk gibi kilit isimler \u00fczerinden yeniden ve yak\u0131ndan okuyor. <\/p>\n","protected":false},"excerpt":{"rendered":"<p>\u201cHi\u00e7biri, t\u00fcm o gecelerin i\u00e7indeki b\u00fcy\u00fcl\u00fc 602. gece kadar alt\u00fcst edici de\u011fildir.\u201d Yazma eylemi \u00fczerine d\u00fc\u015f\u00fcnmeye devam eden Murat G\u00fclsoy, bu kez Borges&#8217;in s\u00f6z\u00fcn\u00fc etti\u011fi o<span class=\"excerpt-hellip\"> [\u2026]<\/span><\/p>\n","protected":false},"featured_media":0,"template":"","meta":{"_monsterinsights_skip_tracking":false,"_monsterinsights_sitenote_active":false,"_monsterinsights_sitenote_note":"","_monsterinsights_sitenote_category":0},"product_brand":[],"product_cat":[12291,12292],"product_tag":[],"class_list":{"0":"post-705141","1":"product","2":"type-product","3":"status-publish","5":"product_cat-edebiyat","6":"product_cat-turk-edebiyati","7":"pa_cilt-ciltsiz","8":"pa_tur-kitap","9":"pa_yayinevi-can-yayinlari","10":"pa_yazar-murat-gulsoy","12":"first","13":"instock","14":"sale","15":"shipping-taxable","16":"purchasable","17":"product-type-simple"},"_links":{"self":[{"href":"https:\/\/roveyayinevi.com.tr\/index.php\/wp-json\/wp\/v2\/product\/705141","targetHints":{"allow":["GET"]}}],"collection":[{"href":"https:\/\/roveyayinevi.com.tr\/index.php\/wp-json\/wp\/v2\/product"}],"about":[{"href":"https:\/\/roveyayinevi.com.tr\/index.php\/wp-json\/wp\/v2\/types\/product"}],"wp:attachment":[{"href":"https:\/\/roveyayinevi.com.tr\/index.php\/wp-json\/wp\/v2\/media?parent=705141"}],"wp:term":[{"taxonomy":"product_brand","embeddable":true,"href":"https:\/\/roveyayinevi.com.tr\/index.php\/wp-json\/wp\/v2\/product_brand?post=705141"},{"taxonomy":"product_cat","embeddable":true,"href":"https:\/\/roveyayinevi.com.tr\/index.php\/wp-json\/wp\/v2\/product_cat?post=705141"},{"taxonomy":"product_tag","embeddable":true,"href":"https:\/\/roveyayinevi.com.tr\/index.php\/wp-json\/wp\/v2\/product_tag?post=705141"}],"curies":[{"name":"wp","href":"https:\/\/api.w.org\/{rel}","templated":true}]}}