{"id":705138,"date":"2025-08-27T15:42:46","date_gmt":"2025-08-27T12:42:46","guid":{"rendered":"https:\/\/roveyayinevi.com.tr\/index.php\/urun\/ornekleriyle-egitimde-program-degerlendirme\/"},"modified":"2026-04-16T02:13:59","modified_gmt":"2026-04-15T23:13:59","slug":"ornekleriyle-egitimde-program-degerlendirme","status":"publish","type":"product","link":"https:\/\/roveyayinevi.com.tr\/index.php\/urun\/ornekleriyle-egitimde-program-degerlendirme\/","title":{"rendered":"\u00d6rnekleriyle E\u011fitimde Program De\u011ferlendirme"},"content":{"rendered":"<p>Her e\u011fitim yeti\u015fe\u011fi ne denli tutarl\u0131 haz\u0131rlan\u0131rsa haz\u0131rlans\u0131n, ger\u00e7ek e\u011fitim ya\u015fam\u0131n\u0131 t\u00fcm\u00fcyle, bire bir kar\u015f\u0131layamaz. Bunun pek \u00e7ok nedeni vard\u0131r. Bundan dolay\u0131 her seferinde de\u011ferlendirilip geli\u015ftirilmelidir. Bu e\u011fitim biliminin bir gere\u011fidir. Bu nedenle e\u011fitim fak\u00fcltelerinde yeti\u015fek (program) haz\u0131rlama, uygulama, de\u011ferlendirip geli\u015ftirme b\u00f6l\u00fcm\u00fcnde, bu dersle ilgili lisans, y\u00fcksek lisans ve doktorada dersler bulunmaktad\u0131r. Bu derslerin bir gere\u011fini yerine getirmek i\u00e7in bu yap\u0131t haz\u0131rlanm\u0131\u015ft\u0131r. Yap\u0131tta, k\u0131rk y\u0131la yak\u0131n yeti\u015fek geli\u015ftirme alan\u0131ndaki deneyimler dikkate al\u0131nm\u0131\u015ft\u0131r. \u00dcstelik \u00fcniversitelerin e\u011fitim fak\u00fcltelerince yap\u0131lan master ve doktora tezlerindeki verilere, MEB ve \u00fcniversitelerin uygulamalar\u0131ndan, ara\u015ft\u0131rmalar\u0131ndan elde edilenlere dayanmaktad\u0131r. \u00d6ncelikle yeti\u015fe\u011fin \u00f6\u011feleri ve t\u00fcrleri ile yeti\u015fek haz\u0131rlama, uygulama, de\u011ferlendirip geli\u015ftirme modelleri kuramsal ve \u00f6z olarak okuyucuya sunulmu\u015ftur. Daha sonra e\u011fitim dizgesi bir b\u00fct\u00fcn olarak ele al\u0131nd\u0131\u011f\u0131nda kullan\u0131lacak olan ve kullan\u0131lan yeti\u015fek geli\u015ftirme modelleri yedi ba\u015fl\u0131k alt\u0131nda toplanm\u0131\u015f ve bunlarla ilgili yap\u0131lan bilimsel ara\u015ft\u0131rmalar \u00f6zetlenmi\u015ftir. Ayr\u0131ca her modelin eksiklikleri gerek\u00e7eleriyle a\u00e7\u0131klanm\u0131\u015ft\u0131r. <\/p>\n","protected":false},"excerpt":{"rendered":"<p>Her e\u011fitim yeti\u015fe\u011fi ne denli tutarl\u0131 haz\u0131rlan\u0131rsa haz\u0131rlans\u0131n, ger\u00e7ek e\u011fitim ya\u015fam\u0131n\u0131 t\u00fcm\u00fcyle, bire bir kar\u015f\u0131layamaz. Bunun pek \u00e7ok nedeni vard\u0131r. Bundan dolay\u0131 her seferinde de\u011ferlendirilip geli\u015ftirilmelidir.<span class=\"excerpt-hellip\"> [\u2026]<\/span><\/p>\n","protected":false},"featured_media":0,"template":"","meta":{"_monsterinsights_skip_tracking":false,"_monsterinsights_sitenote_active":false,"_monsterinsights_sitenote_note":"","_monsterinsights_sitenote_category":0},"product_brand":[],"product_cat":[12312,12304],"product_tag":[],"class_list":{"0":"post-705138","1":"product","2":"type-product","3":"status-publish","5":"product_cat-diger","6":"product_cat-tarih","7":"pa_cilt-ciltsiz","8":"pa_tur-kitap","9":"pa_yayinevi-ani-yayincilik","10":"pa_yazar-veysel-sonmez","12":"first","13":"instock","14":"sale","15":"shipping-taxable","16":"purchasable","17":"product-type-simple"},"_links":{"self":[{"href":"https:\/\/roveyayinevi.com.tr\/index.php\/wp-json\/wp\/v2\/product\/705138","targetHints":{"allow":["GET"]}}],"collection":[{"href":"https:\/\/roveyayinevi.com.tr\/index.php\/wp-json\/wp\/v2\/product"}],"about":[{"href":"https:\/\/roveyayinevi.com.tr\/index.php\/wp-json\/wp\/v2\/types\/product"}],"wp:attachment":[{"href":"https:\/\/roveyayinevi.com.tr\/index.php\/wp-json\/wp\/v2\/media?parent=705138"}],"wp:term":[{"taxonomy":"product_brand","embeddable":true,"href":"https:\/\/roveyayinevi.com.tr\/index.php\/wp-json\/wp\/v2\/product_brand?post=705138"},{"taxonomy":"product_cat","embeddable":true,"href":"https:\/\/roveyayinevi.com.tr\/index.php\/wp-json\/wp\/v2\/product_cat?post=705138"},{"taxonomy":"product_tag","embeddable":true,"href":"https:\/\/roveyayinevi.com.tr\/index.php\/wp-json\/wp\/v2\/product_tag?post=705138"}],"curies":[{"name":"wp","href":"https:\/\/api.w.org\/{rel}","templated":true}]}}