{"id":705136,"date":"2025-08-27T15:42:45","date_gmt":"2025-08-27T12:42:45","guid":{"rendered":"https:\/\/roveyayinevi.com.tr\/index.php\/urun\/evrim\/"},"modified":"2026-04-16T02:13:59","modified_gmt":"2026-04-15T23:13:59","slug":"evrim","status":"publish","type":"product","link":"https:\/\/roveyayinevi.com.tr\/index.php\/urun\/evrim\/","title":{"rendered":"Evrim"},"content":{"rendered":"<p>Evrim, kelime anlam\u0131 olarak geli\u015fimi, de\u011fi\u015fimi ve farkl\u0131la\u015fmay\u0131 ifade eder. K\u0131tasal\/tektonik hareketler, volkanik etkinlikler ve klimatik fakt\u00f6rlerin etkisiyle yerk\u00fcre s\u00fcrekli bir de\u011fi\u015fim ge\u00e7irdi\u011fi gibi; ba\u015fta mutasyonlar olmak \u00fczere, bu kitab\u0131n kapsam\u0131nda her biri ayr\u0131nt\u0131l\u0131 \u015fekilde incelenmi\u015f \u00e7ok say\u0131daki biyolojik etken de yerk\u00fcre \u00fczerinde ya\u015fayan canl\u0131lar\u0131n s\u00fcrekli bir de\u011fi\u015fim ge\u00e7irmelerine neden olmaktad\u0131r. Gerek yerk\u00fcrenin ve gerekse canl\u0131lar\u0131n de\u011fi\u015fiminin \u00e7ok yava\u015f ilerlemesi (milyonlarca\/milyarca y\u0131l s\u00fcrmesi), buna kar\u015f\u0131n insan \u00f6mr\u00fcn\u00fcn \u00e7ok k\u0131sa olmas\u0131, bizim bu \u00e7e\u015fit de\u011fi\u015fim olaylar\u0131n\u0131, do\u011frudan do\u011fruya g\u00f6zlememizi olanaks\u0131z k\u0131lmaktad\u0131r. Hatta de\u011fi\u015fen yery\u00fcz\u00fc ko\u015fullar\u0131na, \u00f6nceden baz\u0131 \u00f6zellikleri\/yap\u0131lar\u0131 de\u011fi\u015ferek uyum sa\u011flayabilmi\u015f canl\u0131lar hayatta kal\u0131p nesillerini devam ettirdikleri ve bizim sadece bunlar\u0131 g\u00f6rebilmemiz nedeniyle, do\u011fan\u0131n ve canl\u0131lar\u0131n de\u011fi\u015fmeden sabit kald\u0131\u011f\u0131 san\u0131l\u0131r. Fakat bu bir yan\u0131lg\u0131d\u0131r. <\/p>\n","protected":false},"excerpt":{"rendered":"<p>Evrim, kelime anlam\u0131 olarak geli\u015fimi, de\u011fi\u015fimi ve farkl\u0131la\u015fmay\u0131 ifade eder. K\u0131tasal\/tektonik hareketler, volkanik etkinlikler ve klimatik fakt\u00f6rlerin etkisiyle yerk\u00fcre s\u00fcrekli bir de\u011fi\u015fim ge\u00e7irdi\u011fi gibi; ba\u015fta mutasyonlar<span class=\"excerpt-hellip\"> [\u2026]<\/span><\/p>\n","protected":false},"featured_media":0,"template":"","meta":{"_monsterinsights_skip_tracking":false,"_monsterinsights_sitenote_active":false,"_monsterinsights_sitenote_note":"","_monsterinsights_sitenote_category":0},"product_brand":[],"product_cat":[13005,40995],"product_tag":[],"class_list":{"0":"post-705136","1":"product","2":"type-product","3":"status-publish","5":"product_cat-bilim-muhendislik","6":"product_cat-sosyal-bilimler","7":"pa_cilt-ciltsiz","8":"pa_tur-kitap","9":"pa_yayinevi-ani-yayincilik","10":"pa_yazar-zafer-bahceci","12":"first","13":"instock","14":"sale","15":"shipping-taxable","16":"purchasable","17":"product-type-simple"},"_links":{"self":[{"href":"https:\/\/roveyayinevi.com.tr\/index.php\/wp-json\/wp\/v2\/product\/705136","targetHints":{"allow":["GET"]}}],"collection":[{"href":"https:\/\/roveyayinevi.com.tr\/index.php\/wp-json\/wp\/v2\/product"}],"about":[{"href":"https:\/\/roveyayinevi.com.tr\/index.php\/wp-json\/wp\/v2\/types\/product"}],"wp:attachment":[{"href":"https:\/\/roveyayinevi.com.tr\/index.php\/wp-json\/wp\/v2\/media?parent=705136"}],"wp:term":[{"taxonomy":"product_brand","embeddable":true,"href":"https:\/\/roveyayinevi.com.tr\/index.php\/wp-json\/wp\/v2\/product_brand?post=705136"},{"taxonomy":"product_cat","embeddable":true,"href":"https:\/\/roveyayinevi.com.tr\/index.php\/wp-json\/wp\/v2\/product_cat?post=705136"},{"taxonomy":"product_tag","embeddable":true,"href":"https:\/\/roveyayinevi.com.tr\/index.php\/wp-json\/wp\/v2\/product_tag?post=705136"}],"curies":[{"name":"wp","href":"https:\/\/api.w.org\/{rel}","templated":true}]}}