{"id":705125,"date":"2025-08-27T15:42:41","date_gmt":"2025-08-27T12:42:41","guid":{"rendered":"https:\/\/roveyayinevi.com.tr\/index.php\/urun\/okullarda-egitim-ve-ogretimi-gelistiren-denetim\/"},"modified":"2026-04-16T02:13:59","modified_gmt":"2026-04-15T23:13:59","slug":"okullarda-egitim-ve-ogretimi-gelistiren-denetim","status":"publish","type":"product","link":"https:\/\/roveyayinevi.com.tr\/index.php\/urun\/okullarda-egitim-ve-ogretimi-gelistiren-denetim\/","title":{"rendered":"Okullarda E\u011fitim ve \u00d6\u011fretimi Geli\u015ftiren Denetim"},"content":{"rendered":"<p>\u00d6\u011fretimin geli\u015ftirilmesi i\u00e7in denetimin s\u0131rlar\u0131!\u00d6\u011fretimin geli\u015ftirilmesi i\u00e7in denetimin s\u0131rlar\u0131! \u00d6\u011fretim denetimi,\u00f6\u011frenci \u00e7\u0131kt\u0131lar\u0131 ve devlet ve ulusal standartlara s\u00fcrekli vurgu yap\u0131lmas\u0131n\u0131n sonucu olarak,iyi \u00f6\u011fretimi te\u015fvik eden ve \u00f6\u011frenci \u00f6\u011frenmesini destekleyen zorunlu bir i\u015flev haline gelmi\u015ftir.Etkili denetim \u00f6\u011fretimin geli\u015fimi i\u00e7in her zamankinden daha \u00e7ok \u00f6nemlidir ve Okullarda E\u011fitim ve \u00d6\u011fretim Geli\u015ftiren Denetim&#8217;in bu yeni bas\u0131m\u0131,en \u00f6nemli strateji ve teknikleri tan\u0131mlamaktad\u0131r. \ufffcTan\u0131t\u0131m Metni<\/p>\n","protected":false},"excerpt":{"rendered":"<p>\u00d6\u011fretimin geli\u015ftirilmesi i\u00e7in denetimin s\u0131rlar\u0131!\u00d6\u011fretimin geli\u015ftirilmesi i\u00e7in denetimin s\u0131rlar\u0131! \u00d6\u011fretim denetimi,\u00f6\u011frenci \u00e7\u0131kt\u0131lar\u0131 ve devlet ve ulusal standartlara s\u00fcrekli vurgu yap\u0131lmas\u0131n\u0131n sonucu olarak,iyi \u00f6\u011fretimi te\u015fvik eden ve<span class=\"excerpt-hellip\"> [\u2026]<\/span><\/p>\n","protected":false},"featured_media":0,"template":"","meta":{"_monsterinsights_skip_tracking":false,"_monsterinsights_sitenote_active":false,"_monsterinsights_sitenote_note":"","_monsterinsights_sitenote_category":0},"product_brand":[],"product_cat":[12312,12304],"product_tag":[],"class_list":{"0":"post-705125","1":"product","2":"type-product","3":"status-publish","5":"product_cat-diger","6":"product_cat-tarih","7":"pa_cilt-ciltsiz","8":"pa_tur-kitap","9":"pa_yayinevi-ani-yayincilik","10":"pa_yazar-jeffrey-glanz","12":"first","13":"instock","14":"sale","15":"shipping-taxable","16":"purchasable","17":"product-type-simple"},"_links":{"self":[{"href":"https:\/\/roveyayinevi.com.tr\/index.php\/wp-json\/wp\/v2\/product\/705125","targetHints":{"allow":["GET"]}}],"collection":[{"href":"https:\/\/roveyayinevi.com.tr\/index.php\/wp-json\/wp\/v2\/product"}],"about":[{"href":"https:\/\/roveyayinevi.com.tr\/index.php\/wp-json\/wp\/v2\/types\/product"}],"wp:attachment":[{"href":"https:\/\/roveyayinevi.com.tr\/index.php\/wp-json\/wp\/v2\/media?parent=705125"}],"wp:term":[{"taxonomy":"product_brand","embeddable":true,"href":"https:\/\/roveyayinevi.com.tr\/index.php\/wp-json\/wp\/v2\/product_brand?post=705125"},{"taxonomy":"product_cat","embeddable":true,"href":"https:\/\/roveyayinevi.com.tr\/index.php\/wp-json\/wp\/v2\/product_cat?post=705125"},{"taxonomy":"product_tag","embeddable":true,"href":"https:\/\/roveyayinevi.com.tr\/index.php\/wp-json\/wp\/v2\/product_tag?post=705125"}],"curies":[{"name":"wp","href":"https:\/\/api.w.org\/{rel}","templated":true}]}}