{"id":705124,"date":"2025-08-27T15:42:40","date_gmt":"2025-08-27T12:42:40","guid":{"rendered":"https:\/\/roveyayinevi.com.tr\/index.php\/urun\/ogretim-ilke-ve-yontemleri-5\/"},"modified":"2026-04-16T02:13:59","modified_gmt":"2026-04-15T23:13:59","slug":"ogretim-ilke-ve-yontemleri-5","status":"publish","type":"product","link":"https:\/\/roveyayinevi.com.tr\/index.php\/urun\/ogretim-ilke-ve-yontemleri-5\/","title":{"rendered":"\u00d6\u011fretim \u0130lke ve Y\u00f6ntemleri"},"content":{"rendered":"<p>E\u011fitimin en \u00f6nemli bile\u015fenlerinden birisi \u00f6\u011fretimdir. \u00d6\u011fretim ise \u00f6\u011frenme ve \u00f6\u011fretme faaliyetlerini kapsayan bir s\u00fcre\u00e7tir. Bu nedenle bu s\u00fcrecin ilkelere ve bilimsel temellere dayal\u0131 s\u00fcrd\u00fcr\u00fclmesi e\u011fitsel a\u00e7\u0131dan olduk\u00e7a \u00f6nemlidir. \u00d6\u011fretmenlerin ve \u00f6\u011fretmen adaylar\u0131n\u0131n \u00f6\u011fretim ilke ve y\u00f6ntemlerine ili\u015fkin sahip olmas\u0131 gereken bilgiler ve altyap\u0131 e\u011fitim alan\u0131nda beklenen ba\u015far\u0131n\u0131n da ara\u00e7lar\u0131ndan birisidir. Ancak g\u00fcn\u00fcm\u00fczde teknolojinin e\u011fitimde daha \u00e7ok kullan\u0131lmas\u0131, uygulama temelli \u00f6\u011fretim etkinlikleri, \u00f6\u011frenciyi merkeze alan program anlay\u0131\u015f\u0131 \u00f6\u011fretim ilke ve y\u00f6ntemlerine farkl\u0131 bir bak\u0131\u015f a\u00e7\u0131s\u0131 getirilmesini zorunlu k\u0131lm\u0131\u015ft\u0131r. Bu nedenle kaleme ald\u0131\u011f\u0131m\u0131z bu kitab\u0131n siz \u00f6\u011fretmenlere ve \u00f6\u011fretmen adaylar\u0131na \u00f6\u011fretimsel faaliyetlerinizde katk\u0131 sa\u011flayaca\u011f\u0131n\u0131 d\u00fc\u015f\u00fcn\u00fcyoruz. Kitab\u0131n i\u00e7eri\u011finin olu\u015fturulmas\u0131 s\u00fcrecinde Y\u00fcksek \u00d6\u011fretim Kurulu&#8217;nun ders kuru tan\u0131m\u0131ndaki i\u00e7eri\u011fe ve Milli E\u011fitim Bakanl\u0131\u011f\u0131&#8217;n\u0131n \u00f6\u011fretime ili\u015fkin hedefleri g\u00f6z \u00f6n\u00fcnde bulundurulmu\u015ftur. B\u00f6l\u00fcmlerde m\u00fcmk\u00fcn oldu\u011funca \u00e7ok uygulama \u00f6rneklerine yer verilmi\u015f, \u00f6\u011fretmenlik mesle\u011finde s\u0131k\u00e7a kar\u015f\u0131la\u015f\u0131lan durumlar dramatize edilmeye \u00e7al\u0131\u015f\u0131lm\u0131\u015ft\u0131r. <\/p>\n","protected":false},"excerpt":{"rendered":"<p>E\u011fitimin en \u00f6nemli bile\u015fenlerinden birisi \u00f6\u011fretimdir. \u00d6\u011fretim ise \u00f6\u011frenme ve \u00f6\u011fretme faaliyetlerini kapsayan bir s\u00fcre\u00e7tir. Bu nedenle bu s\u00fcrecin ilkelere ve bilimsel temellere dayal\u0131 s\u00fcrd\u00fcr\u00fclmesi e\u011fitsel<span class=\"excerpt-hellip\"> [\u2026]<\/span><\/p>\n","protected":false},"featured_media":0,"template":"","meta":{"_monsterinsights_skip_tracking":false,"_monsterinsights_sitenote_active":false,"_monsterinsights_sitenote_note":"","_monsterinsights_sitenote_category":0},"product_brand":[],"product_cat":[15351,15350],"product_tag":[],"class_list":{"0":"post-705124","1":"product","2":"type-product","3":"status-publish","5":"product_cat-ders-kitaplari","6":"product_cat-hukuk","7":"pa_cilt-ciltsiz","8":"pa_tur-kitap","9":"pa_yayinevi-ani-yayincilik","10":"pa_yazar-tugba-yanpar-yelken","12":"first","13":"instock","14":"sale","15":"shipping-taxable","16":"purchasable","17":"product-type-simple"},"_links":{"self":[{"href":"https:\/\/roveyayinevi.com.tr\/index.php\/wp-json\/wp\/v2\/product\/705124","targetHints":{"allow":["GET"]}}],"collection":[{"href":"https:\/\/roveyayinevi.com.tr\/index.php\/wp-json\/wp\/v2\/product"}],"about":[{"href":"https:\/\/roveyayinevi.com.tr\/index.php\/wp-json\/wp\/v2\/types\/product"}],"wp:attachment":[{"href":"https:\/\/roveyayinevi.com.tr\/index.php\/wp-json\/wp\/v2\/media?parent=705124"}],"wp:term":[{"taxonomy":"product_brand","embeddable":true,"href":"https:\/\/roveyayinevi.com.tr\/index.php\/wp-json\/wp\/v2\/product_brand?post=705124"},{"taxonomy":"product_cat","embeddable":true,"href":"https:\/\/roveyayinevi.com.tr\/index.php\/wp-json\/wp\/v2\/product_cat?post=705124"},{"taxonomy":"product_tag","embeddable":true,"href":"https:\/\/roveyayinevi.com.tr\/index.php\/wp-json\/wp\/v2\/product_tag?post=705124"}],"curies":[{"name":"wp","href":"https:\/\/api.w.org\/{rel}","templated":true}]}}