{"id":705121,"date":"2025-08-27T15:42:39","date_gmt":"2025-08-27T12:42:39","guid":{"rendered":"https:\/\/roveyayinevi.com.tr\/index.php\/urun\/gol-ve-simdi-hepsi-brezilyada\/"},"modified":"2026-04-16T02:13:59","modified_gmt":"2026-04-15T23:13:59","slug":"gol-ve-simdi-hepsi-brezilyada","status":"publish","type":"product","link":"https:\/\/roveyayinevi.com.tr\/index.php\/urun\/gol-ve-simdi-hepsi-brezilyada\/","title":{"rendered":"Gol! &#8211; Ve \u015eimdi Hepsi Brezilya\u2019da!"},"content":{"rendered":"<p>Okul bitti. Bu yaz Arpac\u0131k So\u011fanlar\u0131 i\u00e7in ger\u00e7ekten \u00e7ok \u00f6zel bir yaz olacak: \u00e7u\u0308nku\u0308 \u00e7ok yak\u0131nda futbolun cenneti Brezilya\u2019ya harika bir tatile gidecekler! Joao onlar\u0131 Rio de Janeiro\u2019da bekliyor;Tommi ve arkada\u015flar\u0131 ise efsanevi Maracana\u2019y\u0131 ziyaret etmek ve plajda ru\u0308yalar\u0131n\u0131n \u015fampiyonlar\u0131 ile antrenman yapmak i\u00e7in sab\u0131rs\u0131zlan\u0131yorlar. <\/p>\n","protected":false},"excerpt":{"rendered":"<p>Okul bitti. Bu yaz Arpac\u0131k So\u011fanlar\u0131 i\u00e7in ger\u00e7ekten \u00e7ok \u00f6zel bir yaz olacak: \u00e7u\u0308nku\u0308 \u00e7ok yak\u0131nda futbolun cenneti Brezilya\u2019ya harika bir tatile gidecekler! Joao onlar\u0131 Rio<span class=\"excerpt-hellip\"> [\u2026]<\/span><\/p>\n","protected":false},"featured_media":0,"template":"","meta":{"_monsterinsights_skip_tracking":false,"_monsterinsights_sitenote_active":false,"_monsterinsights_sitenote_note":"","_monsterinsights_sitenote_category":0},"product_brand":[],"product_cat":[12275,12274],"product_tag":[],"class_list":{"0":"post-705121","1":"product","2":"type-product","3":"status-publish","5":"product_cat-6-12-yas-kitaplari","6":"product_cat-cocuk-ve-genclik-kitaplari","7":"pa_cilt-ciltli","8":"pa_tur-kitap","9":"pa_yayinevi-epsilon-yayinlari","10":"pa_yazar-luigi-garlando","12":"first","13":"instock","14":"sale","15":"shipping-taxable","16":"purchasable","17":"product-type-simple"},"_links":{"self":[{"href":"https:\/\/roveyayinevi.com.tr\/index.php\/wp-json\/wp\/v2\/product\/705121","targetHints":{"allow":["GET"]}}],"collection":[{"href":"https:\/\/roveyayinevi.com.tr\/index.php\/wp-json\/wp\/v2\/product"}],"about":[{"href":"https:\/\/roveyayinevi.com.tr\/index.php\/wp-json\/wp\/v2\/types\/product"}],"wp:attachment":[{"href":"https:\/\/roveyayinevi.com.tr\/index.php\/wp-json\/wp\/v2\/media?parent=705121"}],"wp:term":[{"taxonomy":"product_brand","embeddable":true,"href":"https:\/\/roveyayinevi.com.tr\/index.php\/wp-json\/wp\/v2\/product_brand?post=705121"},{"taxonomy":"product_cat","embeddable":true,"href":"https:\/\/roveyayinevi.com.tr\/index.php\/wp-json\/wp\/v2\/product_cat?post=705121"},{"taxonomy":"product_tag","embeddable":true,"href":"https:\/\/roveyayinevi.com.tr\/index.php\/wp-json\/wp\/v2\/product_tag?post=705121"}],"curies":[{"name":"wp","href":"https:\/\/api.w.org\/{rel}","templated":true}]}}