{"id":705118,"date":"2025-08-27T15:42:38","date_gmt":"2025-08-27T12:42:38","guid":{"rendered":"https:\/\/roveyayinevi.com.tr\/index.php\/urun\/mudurden-sonra-mudur\/"},"modified":"2026-04-16T02:13:59","modified_gmt":"2026-04-15T23:13:59","slug":"mudurden-sonra-mudur","status":"publish","type":"product","link":"https:\/\/roveyayinevi.com.tr\/index.php\/urun\/mudurden-sonra-mudur\/","title":{"rendered":"M\u00fcd\u00fcrden Sonra M\u00fcd\u00fcr"},"content":{"rendered":"<p>Me\u00e7hul bir diyardan uzak topraklara do\u011fru \u00e7\u0131k\u0131lan bir g\u00f6\u00e7 yolculu\u011fuyla ba\u015flad\u0131 her \u015fey. Sonra Deli Belk\u0131s\u2019\u0131n elinden tutan \u00e7ocuk, bir \u00e7\u0131nar gibi k\u00f6k salaca\u011f\u0131 o karmakar\u0131\u015f\u0131k \u015fehre ad\u0131m att\u0131. Her zaman anlat\u0131lan\u0131n aksine, ana karakterin de\u011fil ikinci adam\u0131n, yani Do\u011fan\u2019\u0131n ya\u015fam\u0131 bu. Padi\u015fah\u0131n de\u011fil vezirin, y\u0131ld\u0131z futbolcunun de\u011fil yedek kul\u00fcbesinde \u015fans bekleyenin, tam on ikiden de\u011fil sekiz bu\u00e7uktan vuran\u0131n hikayesi. Ayn\u0131 zamanda; eski \u0130stanbul\u2019un \u00e7ok k\u00fclt\u00fcrl\u00fc ve rengarenk dokusundan 6-7 Eyl\u00fcl olaylar\u0131na, Kore Sava\u015f\u0131\u2019ndan sa\u011f sol \u00e7at\u0131\u015fmas\u0131na, askeri darbelerden 17 A\u011fustos depremine dek eksiksiz bir yak\u0131n tarih sergisi. M\u00fcd\u00fcrden Sonra M\u00fcd\u00fcr; a\u015fk\u0131 i\u00e7in hayata \u00e7al\u0131m atmak isterken Guinness Rekorlar Kitab\u0131\u2019na girmesine ramak kalan bir \u201ckirac\u0131\u201dn\u0131n, \u00e7ocuklar\u0131na dahi y\u00fck olmayan bir kahraman\u0131n, ailesine her \u015fartta kol kanat germi\u015f bir \u201creis\u201din hen\u00fcz \u00e7ekilmemi\u015f filmi. \u00c7\u00fcnk\u00fc her zamanki gibi en m\u00fcthi\u015f hikayeler, en s\u0131radan g\u00f6r\u00fcnen insanlar\u0131n ard\u0131na gizlenmi\u015f halde bizi bekliyor. \u201c\u0130\u015fte bir g\u00fcn bakt\u0131m ikisi kavga etmi\u015f. Dedim anlat\u0131n bakay\u0131m n\u2019oldu. Camdan bak\u0131yorlarm\u0131\u015f da denizden gemi ge\u00e7mi\u015f. Ba\u015flam\u0131\u015flar kavga etmeye. Takm\u0131\u015flar kafay\u0131 geminin bayra\u011f\u0131na, tan\u0131m\u0131yorlar da, garip bir bayrak. Vay kom\u00fcnist gemisi bu, vay fa\u015fist gemisi bu. Ald\u0131m kar\u015f\u0131ma ikisini de. Dedim ki, o\u011flum siz manyak m\u0131s\u0131n\u0131z, geminin fa\u015fisti, kom\u00fcnisti olur mu? \u00d6p\u00fcn birbirinizi bar\u0131\u015f\u0131n hemen.\u201d <\/p>\n","protected":false},"excerpt":{"rendered":"<p>Me\u00e7hul bir diyardan uzak topraklara do\u011fru \u00e7\u0131k\u0131lan bir g\u00f6\u00e7 yolculu\u011fuyla ba\u015flad\u0131 her \u015fey. Sonra Deli Belk\u0131s\u2019\u0131n elinden tutan \u00e7ocuk, bir \u00e7\u0131nar gibi k\u00f6k salaca\u011f\u0131 o karmakar\u0131\u015f\u0131k<span class=\"excerpt-hellip\"> [\u2026]<\/span><\/p>\n","protected":false},"featured_media":0,"template":"","meta":{"_monsterinsights_skip_tracking":false,"_monsterinsights_sitenote_active":false,"_monsterinsights_sitenote_note":"","_monsterinsights_sitenote_category":0},"product_brand":[],"product_cat":[12291,12711],"product_tag":[],"class_list":{"0":"post-705118","1":"product","2":"type-product","3":"status-publish","5":"product_cat-edebiyat","6":"product_cat-roman-oyku","7":"pa_tur-kitap","8":"pa_yayinevi-okuyan-us-yayin","9":"pa_yazar-tugrul-ucak","11":"first","12":"instock","13":"sale","14":"shipping-taxable","15":"purchasable","16":"product-type-simple"},"_links":{"self":[{"href":"https:\/\/roveyayinevi.com.tr\/index.php\/wp-json\/wp\/v2\/product\/705118","targetHints":{"allow":["GET"]}}],"collection":[{"href":"https:\/\/roveyayinevi.com.tr\/index.php\/wp-json\/wp\/v2\/product"}],"about":[{"href":"https:\/\/roveyayinevi.com.tr\/index.php\/wp-json\/wp\/v2\/types\/product"}],"wp:attachment":[{"href":"https:\/\/roveyayinevi.com.tr\/index.php\/wp-json\/wp\/v2\/media?parent=705118"}],"wp:term":[{"taxonomy":"product_brand","embeddable":true,"href":"https:\/\/roveyayinevi.com.tr\/index.php\/wp-json\/wp\/v2\/product_brand?post=705118"},{"taxonomy":"product_cat","embeddable":true,"href":"https:\/\/roveyayinevi.com.tr\/index.php\/wp-json\/wp\/v2\/product_cat?post=705118"},{"taxonomy":"product_tag","embeddable":true,"href":"https:\/\/roveyayinevi.com.tr\/index.php\/wp-json\/wp\/v2\/product_tag?post=705118"}],"curies":[{"name":"wp","href":"https:\/\/api.w.org\/{rel}","templated":true}]}}