{"id":705116,"date":"2025-08-27T15:42:37","date_gmt":"2025-08-27T12:42:37","guid":{"rendered":"https:\/\/roveyayinevi.com.tr\/index.php\/urun\/biyik-soylencesi\/"},"modified":"2026-04-16T02:13:59","modified_gmt":"2026-04-15T23:13:59","slug":"biyik-soylencesi","status":"publish","type":"product","link":"https:\/\/roveyayinevi.com.tr\/index.php\/urun\/biyik-soylencesi\/","title":{"rendered":"B\u0131y\u0131k S\u00f6ylencesi"},"content":{"rendered":"<p>Birincisi, insanlar ya\u015fad\u0131klar\u0131n\u0131 \u00e7ok \u00e7abuk unutuyorlard\u0131. \u0130kincisi, \u00f6zellikle s\u0131ra d\u0131\u015f\u0131 bir nesneyi ya da ki\u015fiyi art\u0131k g\u00f6rmez oldular m\u0131, g\u00f6r\u00fcnt\u00fcs\u00fcn\u00fc belleklerinde oldu\u011fu gibi saklamaya \u00e7al\u0131\u015fmak varken, ya gere\u011finden fazla b\u00fcy\u00fct\u00fcyor, ya gere\u011finden fazla k\u00fc\u00e7\u00fclt\u00fcyorlard\u0131.   B\u0131y\u0131k S\u00f6ylencesi\u2019nin en \u00f6nemli ki\u015fisi, y\u0131llar boyu bir kasaban\u0131n durgun ya\u015fam\u0131n\u0131 renklendiren, ola\u011fan\u00fcst\u00fc bir b\u0131y\u0131kt\u0131r. Kasabal\u0131lar ge\u00e7mi\u015flerinin ve geleceklerinin parlak simgesi olarak g\u00f6r\u00fcrler onu; her g\u00fcn bak\u0131m\u0131n\u0131 yapan berber kendi eseri olarak de\u011ferlendirir; gen\u00e7 k\u0131zlar geceleri u\u00e7arak dola\u015ft\u0131\u011f\u0131na, bu arada s\u0131k s\u0131k kendi yataklar\u0131na u\u011frad\u0131\u011f\u0131na inan\u0131rlar; t\u00fcrk\u00fcs\u00fcn\u00fc yazmaya \u00e7al\u0131\u015fan ozan s\u00fcrekli elinden ka\u00e7\u0131r\u0131r onu. B\u0131y\u0131\u011f\u0131 ta\u015f\u0131yan ki\u015fiye gelince, yava\u015f yava\u015f onun bir uzant\u0131s\u0131 durumuna gelir, alt\u0131nda silinir, onun i\u015faret etti\u011fi \u015feyi, erkekli\u011fini bile yitirir neredeyse, gene de her \u015feyden \u00fcst\u00fcn tutar onu. Tek bir direnen vard\u0131r bu zorlu b\u0131y\u0131k kar\u015f\u0131s\u0131nda: B\u0131y\u0131\u011f\u0131 ta\u015f\u0131yan ki\u015finin kar\u0131s\u0131. Onun da kocas\u0131n\u0131 b\u0131y\u0131k yolundan d\u00f6nd\u00fcrmeye g\u00fcc\u00fc yetmez.   \u0130\u015fte B\u0131y\u0131k S\u00f6ylencesi\u2019nin \u00f6yk\u00fcs\u00fc. Ama okuduk\u00e7a g\u00f6receksiniz, B\u0131y\u0131k S\u00f6ylencesi, \u00f6yk\u00fcs\u00fcne indirgenebilecek romanlardan de\u011fil. <\/p>\n","protected":false},"excerpt":{"rendered":"<p>Birincisi, insanlar ya\u015fad\u0131klar\u0131n\u0131 \u00e7ok \u00e7abuk unutuyorlard\u0131. \u0130kincisi, \u00f6zellikle s\u0131ra d\u0131\u015f\u0131 bir nesneyi ya da ki\u015fiyi art\u0131k g\u00f6rmez oldular m\u0131, g\u00f6r\u00fcnt\u00fcs\u00fcn\u00fc belleklerinde oldu\u011fu gibi saklamaya \u00e7al\u0131\u015fmak varken,<span class=\"excerpt-hellip\"> [\u2026]<\/span><\/p>\n","protected":false},"featured_media":0,"template":"","meta":{"_monsterinsights_skip_tracking":false,"_monsterinsights_sitenote_active":false,"_monsterinsights_sitenote_note":"","_monsterinsights_sitenote_category":0},"product_brand":[],"product_cat":[12291,12292],"product_tag":[],"class_list":{"0":"post-705116","1":"product","2":"type-product","3":"status-publish","5":"product_cat-edebiyat","6":"product_cat-turk-edebiyati","7":"pa_cilt-ciltsiz","8":"pa_tur-kitap","9":"pa_yayinevi-can-yayinlari","10":"pa_yazar-tahsin-yucel","12":"first","13":"instock","14":"sale","15":"shipping-taxable","16":"purchasable","17":"product-type-simple"},"_links":{"self":[{"href":"https:\/\/roveyayinevi.com.tr\/index.php\/wp-json\/wp\/v2\/product\/705116","targetHints":{"allow":["GET"]}}],"collection":[{"href":"https:\/\/roveyayinevi.com.tr\/index.php\/wp-json\/wp\/v2\/product"}],"about":[{"href":"https:\/\/roveyayinevi.com.tr\/index.php\/wp-json\/wp\/v2\/types\/product"}],"wp:attachment":[{"href":"https:\/\/roveyayinevi.com.tr\/index.php\/wp-json\/wp\/v2\/media?parent=705116"}],"wp:term":[{"taxonomy":"product_brand","embeddable":true,"href":"https:\/\/roveyayinevi.com.tr\/index.php\/wp-json\/wp\/v2\/product_brand?post=705116"},{"taxonomy":"product_cat","embeddable":true,"href":"https:\/\/roveyayinevi.com.tr\/index.php\/wp-json\/wp\/v2\/product_cat?post=705116"},{"taxonomy":"product_tag","embeddable":true,"href":"https:\/\/roveyayinevi.com.tr\/index.php\/wp-json\/wp\/v2\/product_tag?post=705116"}],"curies":[{"name":"wp","href":"https:\/\/api.w.org\/{rel}","templated":true}]}}