{"id":705112,"date":"2025-08-27T15:42:35","date_gmt":"2025-08-27T12:42:35","guid":{"rendered":"https:\/\/roveyayinevi.com.tr\/index.php\/urun\/sevda-lugati\/"},"modified":"2026-04-16T02:13:59","modified_gmt":"2026-04-15T23:13:59","slug":"sevda-lugati","status":"publish","type":"product","link":"https:\/\/roveyayinevi.com.tr\/index.php\/urun\/sevda-lugati\/","title":{"rendered":"Sevda Lugati"},"content":{"rendered":"<p>Sevda Lugat\u0131, d\u00f6neminin pop\u00fcler \u015fair ve romanc\u0131lar\u0131ndan Mehmed Celal&#8217;in (1867-1912) en ilgin\u00e7 yap\u0131tlar\u0131ndan biri. G\u00fcn\u00fcm\u00fczde pek tan\u0131nmayan bu romantik yazar, bir   sevda s\u00f6zl\u00fc\u011f\u00fc   haz\u0131rlam\u0131\u015f: A&#8217;dan Z&#8217;ye pek \u00e7ok sevda s\u00f6zc\u00fc\u011f\u00fcn\u00fcn a\u00e7\u0131klamas\u0131 ile Fuzuli&#8217;den, Nedim&#8217;den, Muallim Naci&#8217;den, Recaizade Mahmud Ekrem&#8217;den bu s\u00f6zc\u00fcklerle ilgili m\u0131sralar, beyitler&#8230; S\u00f6zc\u00fcklere e\u015flik eden k\u00fc\u00e7\u00fck desenler de Mehmed Celal&#8217;in elinden \u00e7\u0131km\u0131\u015f olabilir. <\/p>\n","protected":false},"excerpt":{"rendered":"<p>Sevda Lugat\u0131, d\u00f6neminin pop\u00fcler \u015fair ve romanc\u0131lar\u0131ndan Mehmed Celal&#8217;in (1867-1912) en ilgin\u00e7 yap\u0131tlar\u0131ndan biri. G\u00fcn\u00fcm\u00fczde pek tan\u0131nmayan bu romantik yazar, bir sevda s\u00f6zl\u00fc\u011f\u00fc haz\u0131rlam\u0131\u015f: A&#8217;dan Z&#8217;ye<span class=\"excerpt-hellip\"> [\u2026]<\/span><\/p>\n","protected":false},"featured_media":0,"template":"","meta":{"_monsterinsights_skip_tracking":false,"_monsterinsights_sitenote_active":false,"_monsterinsights_sitenote_note":"","_monsterinsights_sitenote_category":0},"product_brand":[],"product_cat":[13072,12291],"product_tag":[],"class_list":{"0":"post-705112","1":"product","2":"type-product","3":"status-publish","5":"product_cat-arastirma-inceleme-referans","6":"product_cat-edebiyat","7":"pa_tur-kitap","8":"pa_yayinevi-okuyan-us-yayin","9":"pa_yazar-mehmet-celal","11":"first","12":"instock","13":"sale","14":"shipping-taxable","15":"purchasable","16":"product-type-simple"},"_links":{"self":[{"href":"https:\/\/roveyayinevi.com.tr\/index.php\/wp-json\/wp\/v2\/product\/705112","targetHints":{"allow":["GET"]}}],"collection":[{"href":"https:\/\/roveyayinevi.com.tr\/index.php\/wp-json\/wp\/v2\/product"}],"about":[{"href":"https:\/\/roveyayinevi.com.tr\/index.php\/wp-json\/wp\/v2\/types\/product"}],"wp:attachment":[{"href":"https:\/\/roveyayinevi.com.tr\/index.php\/wp-json\/wp\/v2\/media?parent=705112"}],"wp:term":[{"taxonomy":"product_brand","embeddable":true,"href":"https:\/\/roveyayinevi.com.tr\/index.php\/wp-json\/wp\/v2\/product_brand?post=705112"},{"taxonomy":"product_cat","embeddable":true,"href":"https:\/\/roveyayinevi.com.tr\/index.php\/wp-json\/wp\/v2\/product_cat?post=705112"},{"taxonomy":"product_tag","embeddable":true,"href":"https:\/\/roveyayinevi.com.tr\/index.php\/wp-json\/wp\/v2\/product_tag?post=705112"}],"curies":[{"name":"wp","href":"https:\/\/api.w.org\/{rel}","templated":true}]}}