{"id":705105,"date":"2025-08-27T15:42:33","date_gmt":"2025-08-27T12:42:33","guid":{"rendered":"https:\/\/roveyayinevi.com.tr\/index.php\/urun\/beyaz-zambaklar-ulkesinde-tam-metin\/"},"modified":"2026-04-16T02:13:59","modified_gmt":"2026-04-15T23:13:59","slug":"beyaz-zambaklar-ulkesinde-tam-metin","status":"publish","type":"product","link":"https:\/\/roveyayinevi.com.tr\/index.php\/urun\/beyaz-zambaklar-ulkesinde-tam-metin\/","title":{"rendered":"Beyaz Zambaklar \u00dclkesinde (Tam Metin)"},"content":{"rendered":"<p>Bu kitap bir milletin b\u00fcy\u00fck m\u00fccadeleler ve bitmez bir inan\u00e7la nas\u0131l kaderinin de\u011fi\u015ftirildi\u011fini inan\u0131lmaz bir \u015fekilde anlat\u0131yor. Tarihte \u00f6yle milletler gelmi\u015f ge\u00e7mi\u015ftir ki, yi\u011fitlikleriyle, ihti\u015famlar\u0131yla g\u00f6zlerimizi kama\u015ft\u0131r\u0131rlar. Fakat bunlar sonunda, genel bir ahlak bozuklu\u011funun kurban\u0131 olmu\u015flard\u0131r. Ben sizi topluca \u00e7\u00fcr\u00fcmekten, d\u00fc\u015f\u00fcnsel bir uyan\u0131\u015fa \u00e7a\u011f\u0131r\u0131yorum! Kitab\u0131m\u0131n her b\u00f6l\u00fcm\u00fcn\u00fcn, her sayfas\u0131n\u0131n sonunda okurlar\u0131ma \u015funu hat\u0131rlatmak isterim: Hayat yap\u0131c\u0131l\u0131\u011f\u0131na ne zaman ba\u015fl\u0131yorsunuz? Siz ey bay ya da bayan, hayata borcunuzu ne zaman \u00f6deyeceksiniz? Yazar Grigory Petrov\u2019un \u00e7e\u015fitli aral\u0131klarla \u00e7\u0131kt\u0131\u011f\u0131 Finlandiya seyahatlerindeki notlardan olu\u015fan eser, 1800\u2019lerin son d\u00f6neminde Finlandiya halk\u0131n\u0131n i\u00e7inde bulundu\u011fu durumu, cehaletten kurtulmak i\u00e7in ba\u015fta Johan Vilhelm Snelman olmak \u00fczere \u00fclkedeki bir avu\u00e7 Fin ayd\u0131n\u0131n verdi\u011fi ola\u011fan\u00fcst\u00fc m\u00fccadeleyi anlat\u0131r. <\/p>\n","protected":false},"excerpt":{"rendered":"<p>Bu kitap bir milletin b\u00fcy\u00fck m\u00fccadeleler ve bitmez bir inan\u00e7la nas\u0131l kaderinin de\u011fi\u015ftirildi\u011fini inan\u0131lmaz bir \u015fekilde anlat\u0131yor. Tarihte \u00f6yle milletler gelmi\u015f ge\u00e7mi\u015ftir ki, yi\u011fitlikleriyle, ihti\u015famlar\u0131yla g\u00f6zlerimizi<span class=\"excerpt-hellip\"> [\u2026]<\/span><\/p>\n","protected":false},"featured_media":0,"template":"","meta":{"_monsterinsights_skip_tracking":false,"_monsterinsights_sitenote_active":false,"_monsterinsights_sitenote_note":"","_monsterinsights_sitenote_category":0},"product_brand":[],"product_cat":[12291,13570],"product_tag":[],"class_list":{"0":"post-705105","1":"product","2":"type-product","3":"status-publish","5":"product_cat-edebiyat","6":"product_cat-rus-edebiyati","7":"pa_cilt-ciltsiz","8":"pa_tur-kitap","9":"pa_yayinevi-yakamoz-yayinevi","10":"pa_yazar-grigoriy-petrov","12":"first","13":"instock","14":"sale","15":"shipping-taxable","16":"purchasable","17":"product-type-simple"},"_links":{"self":[{"href":"https:\/\/roveyayinevi.com.tr\/index.php\/wp-json\/wp\/v2\/product\/705105","targetHints":{"allow":["GET"]}}],"collection":[{"href":"https:\/\/roveyayinevi.com.tr\/index.php\/wp-json\/wp\/v2\/product"}],"about":[{"href":"https:\/\/roveyayinevi.com.tr\/index.php\/wp-json\/wp\/v2\/types\/product"}],"wp:attachment":[{"href":"https:\/\/roveyayinevi.com.tr\/index.php\/wp-json\/wp\/v2\/media?parent=705105"}],"wp:term":[{"taxonomy":"product_brand","embeddable":true,"href":"https:\/\/roveyayinevi.com.tr\/index.php\/wp-json\/wp\/v2\/product_brand?post=705105"},{"taxonomy":"product_cat","embeddable":true,"href":"https:\/\/roveyayinevi.com.tr\/index.php\/wp-json\/wp\/v2\/product_cat?post=705105"},{"taxonomy":"product_tag","embeddable":true,"href":"https:\/\/roveyayinevi.com.tr\/index.php\/wp-json\/wp\/v2\/product_tag?post=705105"}],"curies":[{"name":"wp","href":"https:\/\/api.w.org\/{rel}","templated":true}]}}