{"id":705104,"date":"2025-08-27T15:42:32","date_gmt":"2025-08-27T12:42:32","guid":{"rendered":"https:\/\/roveyayinevi.com.tr\/index.php\/urun\/sevgi-egitimi\/"},"modified":"2026-04-16T02:13:59","modified_gmt":"2026-04-15T23:13:59","slug":"sevgi-egitimi","status":"publish","type":"product","link":"https:\/\/roveyayinevi.com.tr\/index.php\/urun\/sevgi-egitimi\/","title":{"rendered":"Sevgi E\u011fitimi"},"content":{"rendered":"<p>Sevgi, tek boyutlu de\u011fildir. Onun pek \u00e7ok \u00f6zelli\u011fi vard\u0131r. Bu nedenle e\u011fitim ortam\u0131nda da bu \u00f6zelliklerin t\u00fcm\u00fcn\u00fcn yeri gelince, i\u015fe ko\u015fulmas\u0131 gerekir. Sevgi; duygu ve d\u00fc\u015f\u00fcncelerin payla\u015fma, ho\u015fg\u00f6r\u00fcl\u00fc olma, ki\u015finin kendini tan\u0131mas\u0131na ve yeteneklerini geli\u015ftirmesine yard\u0131mc\u0131 olma, saydam olma insan\u0131n \u00f6nemli gereksinimlerinden biri olma, merkeze hi\u00e7bir varl\u0131\u011f\u0131 koymama, tutarl\u0131 bilgi sahibi olma, bilgi ve duyguyu inceltme, zenginle\u015ftirme boyutlar\u0131n\u0131 i\u00e7erir. Bu ba\u011flamda Sevgi, e\u011fitim ortam\u0131nda nas\u0131l i\u015fe ko\u015fulabilir Yani Sevgi ve \u00f6zg\u00fcrl\u00fck \u00f6\u011frencilere nas\u0131l kazand\u0131r\u0131labilir , \u00d6\u011fretmen s\u0131n\u0131fta ne yap\u0131lmal\u0131 ki, sevgi ve \u00f6zg\u00fcrl\u00fc\u011f\u00fc sa\u011flayabilsin sorular\u0131n\u0131n yan\u0131tlar\u0131n\u0131 bu kitapta bulabiliriz. \ufffcTan\u0131t\u0131m Metni<\/p>\n","protected":false},"excerpt":{"rendered":"<p>Sevgi, tek boyutlu de\u011fildir. Onun pek \u00e7ok \u00f6zelli\u011fi vard\u0131r. Bu nedenle e\u011fitim ortam\u0131nda da bu \u00f6zelliklerin t\u00fcm\u00fcn\u00fcn yeri gelince, i\u015fe ko\u015fulmas\u0131 gerekir. Sevgi; duygu ve d\u00fc\u015f\u00fcncelerin<span class=\"excerpt-hellip\"> [\u2026]<\/span><\/p>\n","protected":false},"featured_media":0,"template":"","meta":{"_monsterinsights_skip_tracking":false,"_monsterinsights_sitenote_active":false,"_monsterinsights_sitenote_note":"","_monsterinsights_sitenote_category":0},"product_brand":[],"product_cat":[12679,12357],"product_tag":[],"class_list":{"0":"post-705104","1":"product","2":"type-product","3":"status-publish","5":"product_cat-cocuk-psikolojisi","6":"product_cat-psikoloji","7":"pa_cilt-ciltsiz","8":"pa_tur-kitap","9":"pa_yayinevi-ani-yayincilik","10":"pa_yazar-veysel-sonmez","12":"first","13":"instock","14":"sale","15":"shipping-taxable","16":"purchasable","17":"product-type-simple"},"_links":{"self":[{"href":"https:\/\/roveyayinevi.com.tr\/index.php\/wp-json\/wp\/v2\/product\/705104","targetHints":{"allow":["GET"]}}],"collection":[{"href":"https:\/\/roveyayinevi.com.tr\/index.php\/wp-json\/wp\/v2\/product"}],"about":[{"href":"https:\/\/roveyayinevi.com.tr\/index.php\/wp-json\/wp\/v2\/types\/product"}],"wp:attachment":[{"href":"https:\/\/roveyayinevi.com.tr\/index.php\/wp-json\/wp\/v2\/media?parent=705104"}],"wp:term":[{"taxonomy":"product_brand","embeddable":true,"href":"https:\/\/roveyayinevi.com.tr\/index.php\/wp-json\/wp\/v2\/product_brand?post=705104"},{"taxonomy":"product_cat","embeddable":true,"href":"https:\/\/roveyayinevi.com.tr\/index.php\/wp-json\/wp\/v2\/product_cat?post=705104"},{"taxonomy":"product_tag","embeddable":true,"href":"https:\/\/roveyayinevi.com.tr\/index.php\/wp-json\/wp\/v2\/product_tag?post=705104"}],"curies":[{"name":"wp","href":"https:\/\/api.w.org\/{rel}","templated":true}]}}